{"id":3270,"date":"2023-07-16T18:58:56","date_gmt":"2023-07-16T16:58:56","guid":{"rendered":"https:\/\/shop.galvanina.com\/pl\/?page_id=3270"},"modified":"2023-09-19T08:49:06","modified_gmt":"2023-09-19T06:49:06","slug":"b2b","status":"publish","type":"page","link":"https:\/\/shop.galvanina.com\/pl\/b2b\/","title":{"rendered":"Oferta Hurtowa"},"content":{"rendered":"<div class=\"woocommerce\">\n<h2>Galvanina: W\u0142oskie napoje ekologiczne premium.<\/h2>\n<p>Po\u0142o\u017cona u st\u00f3p wzg\u00f3rza Paradiso, gdzie niegdy\u015b istnia\u0142y staro\u017cytne rzymskie \u017ar\u00f3d\u0142a termalne, Galvanina czerpie swoj\u0105 nazw\u0119 od jednego z tych \u017ar\u00f3de\u0142 mineralnych. To tutaj rozpoczyna si\u0119 podr\u00f3\u017c, kt\u00f3ra trwa przez wieki przez terytorium Rimini.<\/p>\n<p>W naszym sklepie internetowym b\u0119dziesz mie\u0107 dost\u0119p do naszych produkt\u00f3w o certyfikowanej jako\u015bci, takich jak napoje organiczne, herbaty mro\u017cone, napoje gazowane i miksery.<\/p>\n<div class=\"woocommerce\"><\/div><\/div>\n","protected":false},"excerpt":{"rendered":"<p>Galvanina: W\u0142oskie napoje ekologiczne premium. Po\u0142o\u017cona u st\u00f3p wzg\u00f3rza Paradiso, gdzie niegdy\u015b istnia\u0142y staro\u017cytne rzymskie \u017ar\u00f3d\u0142a termalne, Galvanina czerpie swoj\u0105 nazw\u0119 od jednego z tych \u017ar\u00f3de\u0142 mineralnych. To tutaj rozpoczyna si\u0119 podr\u00f3\u017c, kt\u00f3ra trwa przez wieki przez terytorium Rimini. W naszym sklepie internetowym b\u0119dziesz mie\u0107 dost\u0119p do naszych produkt\u00f3w o certyfikowanej jako\u015bci, takich jak napoje [&hellip;]<\/p>\n","protected":false},"author":3,"featured_media":0,"parent":0,"menu_order":0,"comment_status":"closed","ping_status":"closed","template":"","meta":{"_acf_changed":false,"inline_featured_image":false,"footnotes":""},"class_list":["post-3270","page","type-page","status-publish","hentry"],"acf":[],"yoast_head":"<!-- This site is optimized with the Yoast SEO plugin v27.3 - https:\/\/yoast.com\/product\/yoast-seo-wordpress\/ -->\n<title>Oferta Hurtowa - Galvanina Poland<\/title>\n<meta name=\"robots\" content=\"index, follow, max-snippet:-1, max-image-preview:large, max-video-preview:-1\" \/>\n<link rel=\"canonical\" href=\"https:\/\/shop.galvanina.com\/pl\/b2b\/\" \/>\n<meta property=\"og:locale\" content=\"pl_PL\" \/>\n<meta property=\"og:type\" content=\"article\" \/>\n<meta property=\"og:title\" content=\"Oferta Hurtowa - Galvanina Poland\" \/>\n<meta property=\"og:description\" content=\"Galvanina: W\u0142oskie napoje ekologiczne premium. Po\u0142o\u017cona u st\u00f3p wzg\u00f3rza Paradiso, gdzie niegdy\u015b istnia\u0142y staro\u017cytne rzymskie \u017ar\u00f3d\u0142a termalne, Galvanina czerpie swoj\u0105 nazw\u0119 od jednego z tych \u017ar\u00f3de\u0142 mineralnych. To tutaj rozpoczyna si\u0119 podr\u00f3\u017c, kt\u00f3ra trwa przez wieki przez terytorium Rimini. W naszym sklepie internetowym b\u0119dziesz mie\u0107 dost\u0119p do naszych produkt\u00f3w o certyfikowanej jako\u015bci, takich jak napoje [&hellip;]\" \/>\n<meta property=\"og:url\" content=\"https:\/\/shop.galvanina.com\/pl\/b2b\/\" \/>\n<meta property=\"og:site_name\" content=\"Galvanina Poland\" \/>\n<meta property=\"article:modified_time\" content=\"2023-09-19T06:49:06+00:00\" \/>\n<meta name=\"twitter:card\" content=\"summary_large_image\" \/>\n<meta name=\"twitter:label1\" content=\"Szacowany czas czytania\" \/>\n\t<meta name=\"twitter:data1\" content=\"1 minuta\" \/>\n<script type=\"application\/ld+json\" class=\"yoast-schema-graph\">{\"@context\":\"https:\\\/\\\/schema.org\",\"@graph\":[{\"@type\":\"WebPage\",\"@id\":\"https:\\\/\\\/shop.galvanina.com\\\/pl\\\/b2b\\\/\",\"url\":\"https:\\\/\\\/shop.galvanina.com\\\/pl\\\/b2b\\\/\",\"name\":\"Oferta Hurtowa - Galvanina Poland\",\"isPartOf\":{\"@id\":\"https:\\\/\\\/shop.galvanina.com\\\/pl\\\/#website\"},\"datePublished\":\"2023-07-16T16:58:56+00:00\",\"dateModified\":\"2023-09-19T06:49:06+00:00\",\"breadcrumb\":{\"@id\":\"https:\\\/\\\/shop.galvanina.com\\\/pl\\\/b2b\\\/#breadcrumb\"},\"inLanguage\":\"pl-PL\",\"potentialAction\":[{\"@type\":\"ReadAction\",\"target\":[\"https:\\\/\\\/shop.galvanina.com\\\/pl\\\/b2b\\\/\"]}]},{\"@type\":\"BreadcrumbList\",\"@id\":\"https:\\\/\\\/shop.galvanina.com\\\/pl\\\/b2b\\\/#breadcrumb\",\"itemListElement\":[{\"@type\":\"ListItem\",\"position\":1,\"name\":\"Home\",\"item\":\"https:\\\/\\\/shop.galvanina.com\\\/pl\\\/\"},{\"@type\":\"ListItem\",\"position\":2,\"name\":\"Oferta Hurtowa\"}]},{\"@type\":\"WebSite\",\"@id\":\"https:\\\/\\\/shop.galvanina.com\\\/pl\\\/#website\",\"url\":\"https:\\\/\\\/shop.galvanina.com\\\/pl\\\/\",\"name\":\"Galvanina Poland\",\"description\":\"Kup Nasze produkty online\",\"publisher\":{\"@id\":\"https:\\\/\\\/shop.galvanina.com\\\/pl\\\/#organization\"},\"potentialAction\":[{\"@type\":\"SearchAction\",\"target\":{\"@type\":\"EntryPoint\",\"urlTemplate\":\"https:\\\/\\\/shop.galvanina.com\\\/pl\\\/?s={search_term_string}\"},\"query-input\":{\"@type\":\"PropertyValueSpecification\",\"valueRequired\":true,\"valueName\":\"search_term_string\"}}],\"inLanguage\":\"pl-PL\"},{\"@type\":\"Organization\",\"@id\":\"https:\\\/\\\/shop.galvanina.com\\\/pl\\\/#organization\",\"name\":\"Galvanina Poland\",\"url\":\"https:\\\/\\\/shop.galvanina.com\\\/pl\\\/\",\"logo\":{\"@type\":\"ImageObject\",\"inLanguage\":\"pl-PL\",\"@id\":\"https:\\\/\\\/shop.galvanina.com\\\/pl\\\/#\\\/schema\\\/logo\\\/image\\\/\",\"url\":\"https:\\\/\\\/shop.galvanina.com\\\/pl\\\/wp-content\\\/uploads\\\/sites\\\/2\\\/2023\\\/03\\\/GALVANINA-POLAND-e1689269161338.png\",\"contentUrl\":\"https:\\\/\\\/shop.galvanina.com\\\/pl\\\/wp-content\\\/uploads\\\/sites\\\/2\\\/2023\\\/03\\\/GALVANINA-POLAND-e1689269161338.png\",\"width\":500,\"height\":160,\"caption\":\"Galvanina Poland\"},\"image\":{\"@id\":\"https:\\\/\\\/shop.galvanina.com\\\/pl\\\/#\\\/schema\\\/logo\\\/image\\\/\"}}]}<\/script>\n<!-- \/ Yoast SEO plugin. -->","yoast_head_json":{"title":"Oferta Hurtowa - Galvanina Poland","robots":{"index":"index","follow":"follow","max-snippet":"max-snippet:-1","max-image-preview":"max-image-preview:large","max-video-preview":"max-video-preview:-1"},"canonical":"https:\/\/shop.galvanina.com\/pl\/b2b\/","og_locale":"pl_PL","og_type":"article","og_title":"Oferta Hurtowa - Galvanina Poland","og_description":"Galvanina: W\u0142oskie napoje ekologiczne premium. Po\u0142o\u017cona u st\u00f3p wzg\u00f3rza Paradiso, gdzie niegdy\u015b istnia\u0142y staro\u017cytne rzymskie \u017ar\u00f3d\u0142a termalne, Galvanina czerpie swoj\u0105 nazw\u0119 od jednego z tych \u017ar\u00f3de\u0142 mineralnych. To tutaj rozpoczyna si\u0119 podr\u00f3\u017c, kt\u00f3ra trwa przez wieki przez terytorium Rimini. W naszym sklepie internetowym b\u0119dziesz mie\u0107 dost\u0119p do naszych produkt\u00f3w o certyfikowanej jako\u015bci, takich jak napoje [&hellip;]","og_url":"https:\/\/shop.galvanina.com\/pl\/b2b\/","og_site_name":"Galvanina Poland","article_modified_time":"2023-09-19T06:49:06+00:00","twitter_card":"summary_large_image","twitter_misc":{"Szacowany czas czytania":"1 minuta"},"schema":{"@context":"https:\/\/schema.org","@graph":[{"@type":"WebPage","@id":"https:\/\/shop.galvanina.com\/pl\/b2b\/","url":"https:\/\/shop.galvanina.com\/pl\/b2b\/","name":"Oferta Hurtowa - Galvanina Poland","isPartOf":{"@id":"https:\/\/shop.galvanina.com\/pl\/#website"},"datePublished":"2023-07-16T16:58:56+00:00","dateModified":"2023-09-19T06:49:06+00:00","breadcrumb":{"@id":"https:\/\/shop.galvanina.com\/pl\/b2b\/#breadcrumb"},"inLanguage":"pl-PL","potentialAction":[{"@type":"ReadAction","target":["https:\/\/shop.galvanina.com\/pl\/b2b\/"]}]},{"@type":"BreadcrumbList","@id":"https:\/\/shop.galvanina.com\/pl\/b2b\/#breadcrumb","itemListElement":[{"@type":"ListItem","position":1,"name":"Home","item":"https:\/\/shop.galvanina.com\/pl\/"},{"@type":"ListItem","position":2,"name":"Oferta Hurtowa"}]},{"@type":"WebSite","@id":"https:\/\/shop.galvanina.com\/pl\/#website","url":"https:\/\/shop.galvanina.com\/pl\/","name":"Galvanina Poland","description":"Kup Nasze produkty online","publisher":{"@id":"https:\/\/shop.galvanina.com\/pl\/#organization"},"potentialAction":[{"@type":"SearchAction","target":{"@type":"EntryPoint","urlTemplate":"https:\/\/shop.galvanina.com\/pl\/?s={search_term_string}"},"query-input":{"@type":"PropertyValueSpecification","valueRequired":true,"valueName":"search_term_string"}}],"inLanguage":"pl-PL"},{"@type":"Organization","@id":"https:\/\/shop.galvanina.com\/pl\/#organization","name":"Galvanina Poland","url":"https:\/\/shop.galvanina.com\/pl\/","logo":{"@type":"ImageObject","inLanguage":"pl-PL","@id":"https:\/\/shop.galvanina.com\/pl\/#\/schema\/logo\/image\/","url":"https:\/\/shop.galvanina.com\/pl\/wp-content\/uploads\/sites\/2\/2023\/03\/GALVANINA-POLAND-e1689269161338.png","contentUrl":"https:\/\/shop.galvanina.com\/pl\/wp-content\/uploads\/sites\/2\/2023\/03\/GALVANINA-POLAND-e1689269161338.png","width":500,"height":160,"caption":"Galvanina Poland"},"image":{"@id":"https:\/\/shop.galvanina.com\/pl\/#\/schema\/logo\/image\/"}}]}},"_links":{"self":[{"href":"https:\/\/shop.galvanina.com\/pl\/wp-json\/wp\/v2\/pages\/3270","targetHints":{"allow":["GET"]}}],"collection":[{"href":"https:\/\/shop.galvanina.com\/pl\/wp-json\/wp\/v2\/pages"}],"about":[{"href":"https:\/\/shop.galvanina.com\/pl\/wp-json\/wp\/v2\/types\/page"}],"author":[{"embeddable":true,"href":"https:\/\/shop.galvanina.com\/pl\/wp-json\/wp\/v2\/users\/3"}],"replies":[{"embeddable":true,"href":"https:\/\/shop.galvanina.com\/pl\/wp-json\/wp\/v2\/comments?post=3270"}],"version-history":[{"count":8,"href":"https:\/\/shop.galvanina.com\/pl\/wp-json\/wp\/v2\/pages\/3270\/revisions"}],"predecessor-version":[{"id":3298,"href":"https:\/\/shop.galvanina.com\/pl\/wp-json\/wp\/v2\/pages\/3270\/revisions\/3298"}],"wp:attachment":[{"href":"https:\/\/shop.galvanina.com\/pl\/wp-json\/wp\/v2\/media?parent=3270"}],"curies":[{"name":"wp","href":"https:\/\/api.w.org\/{rel}","templated":true}]}}