{"id":546,"date":"2020-12-14T17:57:28","date_gmt":"2020-12-14T16:57:28","guid":{"rendered":"https:\/\/shop.galvanina.com\/pl\/?page_id=546"},"modified":"2023-04-12T13:45:48","modified_gmt":"2023-04-12T11:45:48","slug":"kontakt","status":"publish","type":"page","link":"https:\/\/shop.galvanina.com\/pl\/kontakt\/","title":{"rendered":"kontact"},"content":{"rendered":"<div class=\"wpforms-container wpforms-container-full formcontrol\" id=\"wpforms-2603\"><form id=\"wpforms-form-2603\" class=\"wpforms-validate wpforms-form wpforms-ajax-form\" data-formid=\"2603\" method=\"post\" enctype=\"multipart\/form-data\" action=\"\/pl\/wp-json\/wp\/v2\/pages\/546\" data-token=\"35abc21f40257d2c2c1d021f44424f78\" data-token-time=\"1776597872\"><noscript class=\"wpforms-error-noscript\">Aby wype\u0142ni\u0107 ten formularz, w\u0142\u0105cz obs\u0142ug\u0119 JavaScript w przegl\u0105darce.<\/noscript><div class=\"wpforms-field-container\"><div id=\"wpforms-2603-field_0-container\" class=\"wpforms-field wpforms-field-name form-control\" data-field-id=\"0\"><label class=\"wpforms-field-label\" for=\"wpforms-2603-field_0\">Il tuo Nome <span class=\"wpforms-required-label\">*<\/span><\/label><input type=\"text\" id=\"wpforms-2603-field_0\" class=\"wpforms-field-medium wpforms-field-required\" name=\"wpforms[fields][0]\" required><\/div><div id=\"wpforms-2603-field_1-container\" class=\"wpforms-field wpforms-field-email form-control\" data-field-id=\"1\"><label class=\"wpforms-field-label\" for=\"wpforms-2603-field_1\">Email <span class=\"wpforms-required-label\">*<\/span><\/label><input type=\"email\" id=\"wpforms-2603-field_1\" class=\"wpforms-field-medium wpforms-field-required\" name=\"wpforms[fields][1]\" spellcheck=\"false\" required><\/div><div id=\"wpforms-2603-field_5-container\" class=\"wpforms-field wpforms-field-number form-control\" data-field-id=\"5\"><label class=\"wpforms-field-label\" for=\"wpforms-2603-field_5\">Numero Ordine<\/label><input type=\"number\" id=\"wpforms-2603-field_5\" class=\"wpforms-field-small\" name=\"wpforms[fields][5]\" step=\"any\" ><\/div><div id=\"wpforms-2603-field_2-container\" class=\"wpforms-field wpforms-field-textarea form-control\" data-field-id=\"2\"><label class=\"wpforms-field-label\" for=\"wpforms-2603-field_2\">Messaggio <span class=\"wpforms-required-label\">*<\/span><\/label><textarea id=\"wpforms-2603-field_2\" class=\"wpforms-field-medium wpforms-field-required\" name=\"wpforms[fields][2]\" required><\/textarea><\/div><div id=\"wpforms-2603-field_6-container\" class=\"wpforms-field wpforms-field-checkbox\" data-field-id=\"6\"><label class=\"wpforms-field-label\">Consenso al Trattamento dei Dati <span class=\"wpforms-required-label\">*<\/span><\/label><ul id=\"wpforms-2603-field_6\" class=\"wpforms-field-required\"><li class=\"choice-3 depth-1\"><input type=\"checkbox\" id=\"wpforms-2603-field_6_3\" name=\"wpforms[fields][6][]\" value=\"Ho letto e accetto la &lt;a href=&quot;https:\/\/shop.galvanina.com\/pl\/privacy-cookie-policies\/&quot; target=&quot;_blank&quot;&gt;privacy policy&lt;\/a&gt;, e acconsento all&#039;utilizzo della mia email per finalit\u00e0 commerciali e di marketing.\" required ><label class=\"wpforms-field-label-inline\" for=\"wpforms-2603-field_6_3\">Ho letto e accetto la <a href=\"https:\/\/shop.galvanina.com\/pl\/privacy-cookie-policies\/\" target=\"_blank\">privacy policy<\/a>, e acconsento all'utilizzo della mia email per finalit\u00e0 commerciali e di marketing.<\/label><\/li><\/ul><\/div><div id=\"wpforms-2603-field_8-container\" class=\"wpforms-field wpforms-field-checkbox\" data-field-id=\"8\"><ul id=\"wpforms-2603-field_8\"><li class=\"choice-3 depth-1\"><input type=\"checkbox\" id=\"wpforms-2603-field_8_3\" name=\"wpforms[fields][8][]\" value=\"Acconsento alla comunicazione dei miei dati personali a soggetti terzi (es. rivenditori, distributori o agenti di La Galvanina S.p.A.) laddove necessario per dare seguito alla mia richiesta\"  ><label class=\"wpforms-field-label-inline\" for=\"wpforms-2603-field_8_3\">Acconsento alla comunicazione dei miei dati personali a soggetti terzi (es. rivenditori, distributori o agenti di La Galvanina S.p.A.) laddove necessario per dare seguito alla mia richiesta<\/label><\/li><\/ul><\/div><div id=\"wpforms-2603-field_9-container\" class=\"wpforms-field wpforms-field-checkbox\" data-field-id=\"9\"><ul id=\"wpforms-2603-field_9\"><li class=\"choice-3 depth-1\"><input type=\"checkbox\" id=\"wpforms-2603-field_9_3\" name=\"wpforms[fields][9][]\" value=\"Acconsento al trattamento dei miei dati per finalit\u00e0 di marketing (comunicazioni commerciali, offerte, ecc.) da parte di La Galvanina S.p.A.\"  ><label class=\"wpforms-field-label-inline\" for=\"wpforms-2603-field_9_3\">Acconsento al trattamento dei miei dati per finalit\u00e0 di marketing (comunicazioni commerciali, offerte, ecc.) da parte di La Galvanina S.p.A.<\/label><\/li><\/ul><\/div><\/div><!-- .wpforms-field-container --><div class=\"wpforms-recaptcha-container wpforms-is-recaptcha wpforms-is-recaptcha-type-v3\" ><input type=\"hidden\" name=\"wpforms[recaptcha]\" value=\"\"><\/div><div class=\"wpforms-submit-container\" ><input type=\"hidden\" name=\"wpforms[id]\" value=\"2603\"><input type=\"hidden\" name=\"page_title\" value=\"\"><input type=\"hidden\" name=\"page_url\" value=\"https:\/\/shop.galvanina.com\/pl\/wp-json\/wp\/v2\/pages\/546\"><input type=\"hidden\" name=\"url_referer\" value=\"\"><button type=\"submit\" name=\"wpforms[submit]\" id=\"wpforms-submit-2603\" class=\"wpforms-submit btn btn-primary\" data-alt-text=\"Inviando...\" data-submit-text=\"Invia\" aria-live=\"assertive\" value=\"wpforms-submit\">Invia<\/button><img loading=\"lazy\" decoding=\"async\" src=\"https:\/\/shop.galvanina.com\/pl\/wp-content\/plugins\/wpforms-lite\/assets\/images\/submit-spin.svg\" class=\"wpforms-submit-spinner\" style=\"display: none;\" width=\"26\" height=\"26\" alt=\"Wczytywanie\"><\/div><\/form><\/div>  <!-- .wpforms-container -->\n","protected":false},"excerpt":{"rendered":"","protected":false},"author":3,"featured_media":0,"parent":0,"menu_order":0,"comment_status":"closed","ping_status":"closed","template":"","meta":{"_acf_changed":false,"inline_featured_image":false,"footnotes":""},"class_list":["post-546","page","type-page","status-publish","hentry"],"acf":[],"yoast_head":"<!-- This site is optimized with the Yoast SEO plugin v27.3 - https:\/\/yoast.com\/product\/yoast-seo-wordpress\/ -->\n<title>kontact - Galvanina Poland<\/title>\n<meta name=\"description\" content=\"Formulario di contatto del negozio online della Galvanina. Utilizzalo per farci domande sul nostro negozio online\" \/>\n<meta name=\"robots\" content=\"index, follow, max-snippet:-1, max-image-preview:large, max-video-preview:-1\" \/>\n<link rel=\"canonical\" href=\"https:\/\/shop.galvanina.com\/pl\/kontakt\/\" \/>\n<meta property=\"og:locale\" content=\"pl_PL\" \/>\n<meta property=\"og:type\" content=\"article\" \/>\n<meta property=\"og:title\" content=\"kontact - Galvanina Poland\" \/>\n<meta property=\"og:description\" content=\"Formulario di contatto del negozio online della Galvanina. Utilizzalo per farci domande sul nostro negozio online\" \/>\n<meta property=\"og:url\" content=\"https:\/\/shop.galvanina.com\/pl\/kontakt\/\" \/>\n<meta property=\"og:site_name\" content=\"Galvanina Poland\" \/>\n<meta property=\"article:modified_time\" content=\"2023-04-12T11:45:48+00:00\" \/>\n<meta name=\"twitter:card\" content=\"summary_large_image\" \/>\n<meta name=\"twitter:label1\" content=\"Szacowany czas czytania\" \/>\n\t<meta name=\"twitter:data1\" content=\"1 minuta\" \/>\n<script type=\"application\/ld+json\" class=\"yoast-schema-graph\">{\"@context\":\"https:\\\/\\\/schema.org\",\"@graph\":[{\"@type\":\"WebPage\",\"@id\":\"https:\\\/\\\/shop.galvanina.com\\\/pl\\\/kontakt\\\/\",\"url\":\"https:\\\/\\\/shop.galvanina.com\\\/pl\\\/kontakt\\\/\",\"name\":\"kontact - Galvanina Poland\",\"isPartOf\":{\"@id\":\"https:\\\/\\\/shop.galvanina.com\\\/pl\\\/#website\"},\"datePublished\":\"2020-12-14T16:57:28+00:00\",\"dateModified\":\"2023-04-12T11:45:48+00:00\",\"description\":\"Formulario di contatto del negozio online della Galvanina. Utilizzalo per farci domande sul nostro negozio online\",\"breadcrumb\":{\"@id\":\"https:\\\/\\\/shop.galvanina.com\\\/pl\\\/kontakt\\\/#breadcrumb\"},\"inLanguage\":\"pl-PL\",\"potentialAction\":[{\"@type\":\"ReadAction\",\"target\":[\"https:\\\/\\\/shop.galvanina.com\\\/pl\\\/kontakt\\\/\"]}]},{\"@type\":\"BreadcrumbList\",\"@id\":\"https:\\\/\\\/shop.galvanina.com\\\/pl\\\/kontakt\\\/#breadcrumb\",\"itemListElement\":[{\"@type\":\"ListItem\",\"position\":1,\"name\":\"Home\",\"item\":\"https:\\\/\\\/shop.galvanina.com\\\/pl\\\/\"},{\"@type\":\"ListItem\",\"position\":2,\"name\":\"kontact\"}]},{\"@type\":\"WebSite\",\"@id\":\"https:\\\/\\\/shop.galvanina.com\\\/pl\\\/#website\",\"url\":\"https:\\\/\\\/shop.galvanina.com\\\/pl\\\/\",\"name\":\"Galvanina Poland\",\"description\":\"Kup Nasze produkty online\",\"publisher\":{\"@id\":\"https:\\\/\\\/shop.galvanina.com\\\/pl\\\/#organization\"},\"potentialAction\":[{\"@type\":\"SearchAction\",\"target\":{\"@type\":\"EntryPoint\",\"urlTemplate\":\"https:\\\/\\\/shop.galvanina.com\\\/pl\\\/?s={search_term_string}\"},\"query-input\":{\"@type\":\"PropertyValueSpecification\",\"valueRequired\":true,\"valueName\":\"search_term_string\"}}],\"inLanguage\":\"pl-PL\"},{\"@type\":\"Organization\",\"@id\":\"https:\\\/\\\/shop.galvanina.com\\\/pl\\\/#organization\",\"name\":\"Galvanina Poland\",\"url\":\"https:\\\/\\\/shop.galvanina.com\\\/pl\\\/\",\"logo\":{\"@type\":\"ImageObject\",\"inLanguage\":\"pl-PL\",\"@id\":\"https:\\\/\\\/shop.galvanina.com\\\/pl\\\/#\\\/schema\\\/logo\\\/image\\\/\",\"url\":\"https:\\\/\\\/shop.galvanina.com\\\/pl\\\/wp-content\\\/uploads\\\/sites\\\/2\\\/2023\\\/03\\\/GALVANINA-POLAND-e1689269161338.png\",\"contentUrl\":\"https:\\\/\\\/shop.galvanina.com\\\/pl\\\/wp-content\\\/uploads\\\/sites\\\/2\\\/2023\\\/03\\\/GALVANINA-POLAND-e1689269161338.png\",\"width\":500,\"height\":160,\"caption\":\"Galvanina Poland\"},\"image\":{\"@id\":\"https:\\\/\\\/shop.galvanina.com\\\/pl\\\/#\\\/schema\\\/logo\\\/image\\\/\"}}]}<\/script>\n<!-- \/ Yoast SEO plugin. -->","yoast_head_json":{"title":"kontact - Galvanina Poland","description":"Formulario di contatto del negozio online della Galvanina. Utilizzalo per farci domande sul nostro negozio online","robots":{"index":"index","follow":"follow","max-snippet":"max-snippet:-1","max-image-preview":"max-image-preview:large","max-video-preview":"max-video-preview:-1"},"canonical":"https:\/\/shop.galvanina.com\/pl\/kontakt\/","og_locale":"pl_PL","og_type":"article","og_title":"kontact - Galvanina Poland","og_description":"Formulario di contatto del negozio online della Galvanina. Utilizzalo per farci domande sul nostro negozio online","og_url":"https:\/\/shop.galvanina.com\/pl\/kontakt\/","og_site_name":"Galvanina Poland","article_modified_time":"2023-04-12T11:45:48+00:00","twitter_card":"summary_large_image","twitter_misc":{"Szacowany czas czytania":"1 minuta"},"schema":{"@context":"https:\/\/schema.org","@graph":[{"@type":"WebPage","@id":"https:\/\/shop.galvanina.com\/pl\/kontakt\/","url":"https:\/\/shop.galvanina.com\/pl\/kontakt\/","name":"kontact - Galvanina Poland","isPartOf":{"@id":"https:\/\/shop.galvanina.com\/pl\/#website"},"datePublished":"2020-12-14T16:57:28+00:00","dateModified":"2023-04-12T11:45:48+00:00","description":"Formulario di contatto del negozio online della Galvanina. Utilizzalo per farci domande sul nostro negozio online","breadcrumb":{"@id":"https:\/\/shop.galvanina.com\/pl\/kontakt\/#breadcrumb"},"inLanguage":"pl-PL","potentialAction":[{"@type":"ReadAction","target":["https:\/\/shop.galvanina.com\/pl\/kontakt\/"]}]},{"@type":"BreadcrumbList","@id":"https:\/\/shop.galvanina.com\/pl\/kontakt\/#breadcrumb","itemListElement":[{"@type":"ListItem","position":1,"name":"Home","item":"https:\/\/shop.galvanina.com\/pl\/"},{"@type":"ListItem","position":2,"name":"kontact"}]},{"@type":"WebSite","@id":"https:\/\/shop.galvanina.com\/pl\/#website","url":"https:\/\/shop.galvanina.com\/pl\/","name":"Galvanina Poland","description":"Kup Nasze produkty online","publisher":{"@id":"https:\/\/shop.galvanina.com\/pl\/#organization"},"potentialAction":[{"@type":"SearchAction","target":{"@type":"EntryPoint","urlTemplate":"https:\/\/shop.galvanina.com\/pl\/?s={search_term_string}"},"query-input":{"@type":"PropertyValueSpecification","valueRequired":true,"valueName":"search_term_string"}}],"inLanguage":"pl-PL"},{"@type":"Organization","@id":"https:\/\/shop.galvanina.com\/pl\/#organization","name":"Galvanina Poland","url":"https:\/\/shop.galvanina.com\/pl\/","logo":{"@type":"ImageObject","inLanguage":"pl-PL","@id":"https:\/\/shop.galvanina.com\/pl\/#\/schema\/logo\/image\/","url":"https:\/\/shop.galvanina.com\/pl\/wp-content\/uploads\/sites\/2\/2023\/03\/GALVANINA-POLAND-e1689269161338.png","contentUrl":"https:\/\/shop.galvanina.com\/pl\/wp-content\/uploads\/sites\/2\/2023\/03\/GALVANINA-POLAND-e1689269161338.png","width":500,"height":160,"caption":"Galvanina Poland"},"image":{"@id":"https:\/\/shop.galvanina.com\/pl\/#\/schema\/logo\/image\/"}}]}},"_links":{"self":[{"href":"https:\/\/shop.galvanina.com\/pl\/wp-json\/wp\/v2\/pages\/546","targetHints":{"allow":["GET"]}}],"collection":[{"href":"https:\/\/shop.galvanina.com\/pl\/wp-json\/wp\/v2\/pages"}],"about":[{"href":"https:\/\/shop.galvanina.com\/pl\/wp-json\/wp\/v2\/types\/page"}],"author":[{"embeddable":true,"href":"https:\/\/shop.galvanina.com\/pl\/wp-json\/wp\/v2\/users\/3"}],"replies":[{"embeddable":true,"href":"https:\/\/shop.galvanina.com\/pl\/wp-json\/wp\/v2\/comments?post=546"}],"version-history":[{"count":5,"href":"https:\/\/shop.galvanina.com\/pl\/wp-json\/wp\/v2\/pages\/546\/revisions"}],"predecessor-version":[{"id":3222,"href":"https:\/\/shop.galvanina.com\/pl\/wp-json\/wp\/v2\/pages\/546\/revisions\/3222"}],"wp:attachment":[{"href":"https:\/\/shop.galvanina.com\/pl\/wp-json\/wp\/v2\/media?parent=546"}],"curies":[{"name":"wp","href":"https:\/\/api.w.org\/{rel}","templated":true}]}}