{"id":615,"date":"2020-12-17T15:25:22","date_gmt":"2020-12-17T14:25:22","guid":{"rendered":"https:\/\/shop.galvanina.com\/pl\/?page_id=615"},"modified":"2023-04-12T13:48:48","modified_gmt":"2023-04-12T11:48:48","slug":"warunki-sprzedazy","status":"publish","type":"page","link":"https:\/\/shop.galvanina.com\/pl\/warunki-sprzedazy\/","title":{"rendered":"Warunki sprzeda\u017cy"},"content":{"rendered":"<section id=\"default\" class=\"page-chunk \">\n<div class=\"page-chunk-pad\">\n<p><strong>Regulamin sklepu<\/strong><\/p>\n<p>Poni\u017cszy Regulamin okre\u015bla og\u00f3lne warunki sprzeda\u017cy obowi\u0105zuj\u0105ce w naszym sklepie internetowym dost\u0119pnym pod adresem HTTPS:\/\/SHOP.GALVANINA.COM\/PL, prowadzonym przez GALVANINA POLAND, UL. BIEDRONKI 11, MORY 05-850, NIP:, REGON: 140985131.<\/p>\n<h2>1. Zakres obowi\u0105zywania regulaminu<\/h2>\n<p>Regulamin obowi\u0105zuje dla wszystkich zam\u00f3wie\u0144 sk\u0142adanych przez Konsument\u00f3w i Przedsi\u0119biorc\u00f3w za po\u015brednictwem naszego sklepu internetowego.<\/p>\n<p>Konsumentem jest zgodnie z art. 22 Kodeksu cywilnego osoba fizyczna dokonuj\u0105c\u0105 z przedsi\u0119biorc\u0105 czynno\u015bci prawnej niezwi\u0105zanej bezpo\u015brednio z jej dzia\u0142alno\u015bci\u0105 gospodarcz\u0105 lub zawodow\u0105.<\/p>\n<p>Przedsi\u0119biorc\u0105 jest zgodnie z art. 43 Kodeksu cywilnego osoba fizyczna, osoba prawna i jednostka organizacyjna nieb\u0119d\u0105ca osob\u0105 prawn\u0105, kt\u00f3rej ustawa przyznaje zdolno\u015b\u0107 prawn\u0105, prowadz\u0105ca we w\u0142asnym imieniu dzia\u0142alno\u015b\u0107 gospodarcz\u0105 lub zawodow\u0105.<\/p>\n<p>Inne lub uzupe\u0142niaj\u0105ce Regulaminy i Og\u00f3lne Warunki Handlowe stosowane przez Przedsi\u0119biorc\u00f3w nie znajduj\u0105 zastosowania \u2013 stan\u0105 si\u0119 one cz\u0119\u015bci\u0105 umowy wy\u0142\u0105cznie, gdy udzielimy na to wyra\u017anej, pisemnej zgody.<\/p>\n<h2>2. Zawarcie umowy<\/h2>\n<p>Umowa sprzeda\u017cy zostaje zawarta z Galvanina Poland.<\/p>\n<p>Prezentacja produkt\u00f3w w naszym sklepie internetowym stanowi zaproszenie do zawarcia umowy w rozumieniu art. 71 Kodeksu cywilnego. W celu z\u0142o\u017cenia oferty nabycia produkt\u00f3w nale\u017cy z\u0142o\u017cy\u0107 zam\u00f3wienie. Za pomoc\u0105 mechanizm\u00f3w dost\u0119pnych w naszym sklepie mog\u0105 Pa\u0144stwo doda\u0107 wybrane przez siebie produkty do koszyka zakupowego i z\u0142o\u017cy\u0107 ofert\u0119 kupna. Koszyk zakupowy i wprowadzane w formularzach dane mo\u017cna modyfikowa\u0107 przed z\u0142o\u017ceniem zam\u00f3wienia korzystaj\u0105c w tym celu z dost\u0119pnych funkcjonalno\u015bci i komunikat\u00f3w ukazuj\u0105cych si\u0119 w trakcie procesu sk\u0142adania zam\u00f3wienia. Klikaj\u0105c na stronie z podsumowaniem zam\u00f3wienia w przycisk potwierdzaj\u0105cy i finalizuj\u0105cy zam\u00f3wienie, sk\u0142adaj\u0105 Pa\u0144stwo zam\u00f3wienie na produkty znajduj\u0105ce si\u0119 w koszyku.<\/p>\n<p>Po z\u0142o\u017ceniu zam\u00f3wienia otrzymaj\u0105 Pa\u0144stwo automatycznie wygenerowan\u0105 przez system wiadomo\u015b\u0107 e-mail z potwierdzeniem zarejestrowania Pa\u0144stwa zam\u00f3wienia. Wiadomo\u015b\u0107 ta nie jest r\u00f3wnoznaczna z o\u015bwiadczeniem o przyj\u0119ciu Pa\u0144stwa oferty i zawarciem umowy sprzeda\u017cy. Umowa sprzeda\u017cy zostaje zawarta po weryfikacji, czy zam\u00f3wienie mo\u017ce zosta\u0107 przyj\u0119te do realizacji i akceptacji Pa\u0144stwa oferty, co nast\u0119puje za po\u015brednictwem osobnej wiadomo\u015bci e-mail z informacj\u0105 o zatwierdzeniu zam\u00f3wienia do realizacji. Z chwil\u0105 otrzymania przez Pa\u0144stwo takiego o\u015bwiadczenia zostaje zawarta umowa sprzeda\u017cy.<\/p>\n<h2>3. J\u0119zyk i zasady utrwalania umowy<\/h2>\n<p>Umow\u0119 sprzeda\u017cy mo\u017cna zawrze\u0107 w j\u0119zyku Polskim, Angielskim<\/p>\n<p>Zachowujemy tre\u015b\u0107 umowy i przesy\u0142amy Pa\u0144stwu e-mailem dane dotycz\u0105ce zam\u00f3wienia oraz nasz Regulamin. Mog\u0105 Pa\u0144stwo tak\u017ce sprawdzi\u0107 informacje dotycz\u0105ce Pa\u0144stwa zam\u00f3wie\u0144 za po\u015brednictwem konta klienta. Regulamin udost\u0119pniany jest r\u00f3wnie\u017c na stronie internetowej naszego sklepu internetowego w spos\u00f3b umo\u017clwiaj\u0105cy Pa\u0144stwu jego pozyskanie, odtwarzanie i utrwalanie tre\u015bci.<\/p>\n<h2>4. Dostawa produkt\u00f3w<\/h2>\n<p>W niekt\u00f3rych przypadkach do podanych cen produkt\u00f3w nale\u017cy jeszcze doliczy\u0107 koszty przesy\u0142ki. Zam\u00f3wione produkty dostarczane s\u0105 za po\u015brednictwem wsp\u00f3\u0142pracuj\u0105cych z nami firm kurierskich. Szczeg\u00f3\u0142owe informacje o mo\u017cliwych sposobach i terminach dostawy oraz kosztach przesy\u0142ki prezentowane s\u0105 w trakcie sk\u0142adania zam\u00f3wienia oraz w specjalnej zak\u0142adce informacyjnej na stronie naszego sklepu.<\/p>\n<p>Oferowane w sklepie produkty sprzedajemy wy\u0142\u0105cznie w drodze wysy\u0142kowej. Niestety nie ma mo\u017cliwo\u015bci odbioru osobistego.<\/p>\n<h2>5. P\u0142atno\u015bci<\/h2>\n<p>W naszym sklepie internetowym dost\u0119pne s\u0105 dla Pa\u0144stwa nast\u0119puj\u0105ce formy p\u0142atno\u015bci:<\/p>\n<ul>\n<li>P\u0142atno\u015b\u0107 za pobraniem przy odbiorze przesy\u0142ki.<\/li>\n<\/ul>\n<ul>\n<li>P\u0142atno\u015bci elektroniczne (e-p\u0142atno\u015bci) za po\u015brednictwem serwisu p\u0142atno\u015bci internetowych.<\/li>\n<\/ul>\n<ul>\n<li>P\u0142atno\u015b\u0107 tradycyjnym przelewem na rachunek bankowy naszego sklepu. W przypadku wyboru tej formy p\u0142atno\u015bci \u2013 po dokonanym zam\u00f3wieniu prze\u015blemy Pa\u0144stwu za po\u015brednictwem wiadomo\u015bci e-mail dane do realizacji przelewu. Realizacja zam\u00f3wienia zostanie rozpocz\u0119ta po zaksi\u0119gowaniu na naszym koncie pe\u0142nej kwoty wymaganej wp\u0142aty za z\u0142o\u017cone zam\u00f3wienie.<\/li>\n<\/ul>\n<p>Szczeg\u00f3\u0142owe informacje o mo\u017cliwych sposobach dokonania zap\u0142aty, w tym o zintegrowanych z naszym sklepem serwisach p\u0142atno\u015bci internetowych i dost\u0119pnych rodzajach e-p\u0142atno\u015bci oraz ewentualnych dodatkowych kosztach, prezentowane s\u0105 w trakcie sk\u0142adania zam\u00f3wienia oraz na stronie naszego sklepu w specjalnej zak\u0142adce informacyjnej dotycz\u0105cej sposob\u00f3w p\u0142atno\u015bci.<\/p>\n<h2>6. Prawo do odst\u0105pienia od umowy<\/h2>\n<p>Konsumentom przys\u0142uguje ustawowe prawo do odst\u0105pienia od umowy, zgodnie z informacjami zawartymi w pouczeniu o prawie odst\u0105pienia od umowy.<\/p>\n<p>Prawo do odst\u0105pienia od umowy przys\u0142uguje r\u00f3wnie\u017c osobom fizycznym zawieraj\u0105cym umow\u0119 bezpo\u015brednio zwi\u0105zan\u0105 z ich dzia\u0142alno\u015bci\u0105 gospodarcz\u0105, gdy z tre\u015bci tej umowy wynika, \u017ce nie ma ona dla tych os\u00f3b charakteru zawodowego wynikaj\u0105cego w szczeg\u00f3lno\u015bci z przedmiotu wykonywanej przez nich dzia\u0142alno\u015bci gospodarczej, udost\u0119pnionego na podstawie przepis\u00f3w o Centralnej Ewidencji i Informacji o Dzia\u0142alno\u015bci Gospodarczej. Pozosta\u0142ym przedsi\u0119biorcom prawo do odst\u0105pienia od umowy nie przys\u0142uguje.<\/p>\n<h2>7. Zastrze\u017cenie w\u0142asno\u015bci rzeczy<\/h2>\n<p>Zam\u00f3wione w sklepie produkty pozostaj\u0105 nasz\u0105 w\u0142asno\u015bci\u0105 do momentu pe\u0142nej zap\u0142aty ceny sprzeda\u017cy.<\/p>\n<h2>8. Szkody powsta\u0142e podczas transportu<\/h2>\n<p>Dotyczy Konsument\u00f3w: w przypadku konsumenckiego zakupu na odleg\u0142o\u015b\u0107 nasz sklep zawsze ponosi ryzyko przypadkowego uszkodzenia lub utraty rzeczy w transporcie. Je\u017celi zam\u00f3wione produkty zostan\u0105 dostarczone z oczywistymi uszkodzeniami, powsta\u0142ymi w czasie transportu, uprzejmie prosimy o mo\u017cliwie jak najszybsze zg\u0142oszenie takiej wady u dor\u0119czyciela i kontakt z nami. Op\u00f3\u017anienie w zg\u0142oszeniu takiej reklamacji lub nawi\u0105zaniu kontaktu nie ma \u017cadnych konsekwencji dla Pa\u0144stwa ustawowych praw (opisanych poni\u017cej w punkcie dot. reklamacji) i ich zaspokojenia. Szybsze zg\u0142oszenie stanowi jednak dla nas pomoc przy dochodzeniu naszych roszcze\u0144 wobec przewo\u017anika lub ubezpieczyciela transportu.<\/p>\n<h2>9. Reklamacje: zgodno\u015b\u0107 towaru z umow\u0105 \/ wady<\/h2>\n<p><strong>Dotyczy Konsument\u00f3w<\/strong>: jeste\u015bmy zobowi\u0105zani dostarczy\u0107 towar bez wad. W przypadku braku zgodno\u015bci towaru z umow\u0105 Konsumentowi przys\u0142uguj\u0105 uprawnienia okre\u015blone w rozdziale 5a ustawy o prawach konsumenta. Na zasadach tam okre\u015blonych Konsument mo\u017ce \u017c\u0105da\u0107 naprawy lub wymiany towaru niezgodnego z umow\u0105, b\u0105d\u017a z\u0142o\u017cy\u0107 o\u015bwiadczenie o obni\u017ceniu ceny towaru albo odst\u0105pi\u0107 od umowy. Ponosimy odpowiedzialno\u015b\u0107 za brak zgodno\u015bci towaru z umow\u0105 ujawniony w ci\u0105gu 2 lat od jego dostarczenia, chyba \u017ce dla danego towaru okre\u015blili\u015bmy d\u0142u\u017cszy termin przydatno\u015bci do u\u017cycia \u2013 w takim przypadku obowi\u0105zuje ten d\u0142u\u017cszy termin.<\/p>\n<p>W razie braku zgodno\u015bci towaru z umow\u0105 powy\u017csze postanowienia dotycz\u0105ce Konsumenta stosuje si\u0119 r\u00f3wnie\u017c do osoby fizycznej zawieraj\u0105cej umow\u0119 bezpo\u015brednio zwi\u0105zan\u0105 z jej dzia\u0142alno\u015bci\u0105 gospodarcz\u0105, gdy z tre\u015bci tej umowy wynika, \u017ce nie ma ona dla tej osoby charakteru zawodowego, wynikaj\u0105cego w szczeg\u00f3lno\u015bci z przedmiotu wykonywanej przez ni\u0105 dzia\u0142alno\u015bci gospodarczej, udost\u0119pnionego na podstawie przepis\u00f3w o Centralnej Ewidencji i Informacji o Dzia\u0142alno\u015bci Gospodarczej.<\/p>\n<p><u>Reklamacje mo\u017cna sk\u0142ada\u0107:<\/u><\/p>\n<ul>\n<li>za po\u015brednictwem poczty elektronicznej na adres: KONTAKT@GALVANINA.COM<\/li>\n<li>na pi\u015bmie na adres: Galvanina Poland, UL. BIEDRONKI 11, 05-850 MORY<\/li>\n<li>kontakt telefoniczny jest mo\u017cliwy pod numerem telefonu: 603240809<\/li>\n<\/ul>\n<p>Informacje dotycz\u0105ce ewentualnej dodatkowej gwarancji i jej szczeg\u00f3\u0142owe warunki s\u0105 zawsze do\u0142\u0105czane do produktu oraz dost\u0119pne na stronach informacyjnych sklepu internetowego.<\/p>\n<p><strong>Dotyczy Przedsi\u0119biorc\u00f3w:<\/strong> (z wyj\u0105tkiem os\u00f3b fizycznych zawieraj\u0105cych umow\u0119 bezpo\u015brednio zwi\u0105zan\u0105 z ich dzia\u0142alno\u015bci\u0105 gospodarcz\u0105, gdy z tre\u015bci tej umowy wynika, \u017ce nie ma ona dla tych os\u00f3b charakteru zawodowego \u2013 tzw. \u201equasi-konsumenci&#8221;, czyli przedsi\u0119biorcy jednoosobowi korzystaj\u0105cy z niekt\u00f3rych praw konsument\u00f3w): w przypadku umowy sprzeda\u017cy zawieranej z Przedsi\u0119biorc\u0105, na podstawie art. 558 \u00a7 1 Kodeksu cywilnego, odpowiedzialno\u015b\u0107 naszego sklepu internetowego z tytu\u0142u r\u0119kojmi za wady zostaje wy\u0142\u0105czona.<\/p>\n<h2>10. Us\u0142ugi \u015bwiadczone drog\u0105 elektroniczn\u0105<\/h2>\n<p>W celu korzystania z naszego sklepu internetowego, w tym do przegl\u0105dania asortymentu oraz sk\u0142adania zam\u00f3wie\u0144 niezb\u0119dne jest posiadanie urz\u0105dzenia multimedialnego z zainstalowan\u0105 przegl\u0105dark\u0105 internetow\u0105 i dost\u0119pem do sieci Internet oraz poczty elektronicznej. W ustawieniach przegl\u0105darki zaleca si\u0119 w\u0142\u0105czenie mo\u017cliwo\u015bci obs\u0142ugi skrypt\u00f3w JavaScript oraz zapisu plik\u00f3w Cookies. U\u017cytkownicy zobowi\u0105zani s\u0105 do korzystania ze sklepu internetowego w spos\u00f3b zgodny z prawem i dobrymi obyczajami, obowi\u0105zuje zakaz dostarczania tre\u015bci o charakterze bezprawnym.<\/p>\n<p>Podejmujemy wszelkie niezb\u0119dne dzia\u0142ania w celu zapewnienia w pe\u0142ni poprawnego dzia\u0142ania serwisu i interfejsu naszego sklepu internetowego w zakresie jaki wynika z aktualnej wiedzy technicznej i zobowi\u0105zujemy si\u0119 usun\u0105\u0107 w rozs\u0105dnym terminie wszelkie zg\u0142oszone przez u\u017cytkownik\u00f3w nieprawid\u0142owo\u015bci i problemy techniczne. Powy\u017csze dotyczy r\u00f3wnie\u017c mo\u017cliwo\u015bci zapisania si\u0119 do newslettera lub opcjonalnej mo\u017cliwo\u015bci za\u0142o\u017cenia konta klienta \u2013 je\u017celi us\u0142ugi te s\u0105 \u015bwiadczone w ramach naszego sklepu. O wszelkich wykrytych nieprawid\u0142owo\u015bciach lub przerwach w funkcjonowaniu serwisu i us\u0142ug naszego sklepu internetowego mog\u0105 nas Pa\u0144stwo powiadomi\u0107 za po\u015brednictwem danych kontaktowych wskazanych w punkcie powy\u017cej. W reklamacji dotycz\u0105cej nieprawid\u0142owo\u015bci zwi\u0105zanych z technicznym funkcjonowaniem serwisu sklepu internetowego prosimy o wskazanie rodzaju oraz daty wyst\u0105pienia nieprawid\u0142owo\u015bci.<\/p>\n<h2>11. Kodeks dobrych praktyk<\/h2>\n<p>Dobrowolnie podporz\u0105dkowali\u015bmy si\u0119 \u201eKryteriom jako\u015bci Trusted Shops&#8221; dost\u0119pnym pod <a href=\"https:\/\/www.trustedshops.com\/tsdocument\/TS_QUALITY_CRITERIA_pl.pdf?__hstc=131357072.99a265337744294b740e0787aea508c4.1561420800102.1561420800103.1561420800104.1&amp;__hssc=131357072.1.1561420800105&amp;__hsfp=1817143912\" target=\"_blank\" rel=\"noopener\">niniejszym linkiem<\/a>.<\/p>\n<h2>12. Pozas\u0105dowe rozwi\u0105zywanie spor\u00f3w<\/h2>\n<p>Informujemy, \u017ce Konsumentom przys\u0142uguje mo\u017cliwo\u015b\u0107 skorzystania z pozas\u0105dowego sposobu rozpatrywania reklamacji i dochodzenia roszcze\u0144. Informacje o sposobie dost\u0119pu do ww. trybu i procedur rozstrzygania spor\u00f3w, znajduj\u0105 si\u0119 pod nast\u0119puj\u0105cym adresem: <a href=\"https:\/\/www.uokik.gov.pl\/\" target=\"_blank\" rel=\"noopener\">www.uokik.gov.pl<\/a> w zak\u0142adce \u201e<a href=\"https:\/\/www.uokik.gov.pl\/pozasadowe_rozwiazywanie_sporow_konsumenckich.php\" target=\"_blank\" rel=\"noopener\">Polubowne rozwi\u0105zywanie spor\u00f3w konsumenckich<\/a>\u201d.<\/p>\n<p>Ponadto pod adresem: <a href=\"https:\/\/ec.europa.eu\/consumers\/odr\/main\/index.cfm?event=main.home2.show&amp;lng=PL\" target=\"_blank\" rel=\"noopener\">http:\/\/ec.europa.eu\/consumers\/odr<\/a> Konsumenci maj\u0105 dost\u0119p do internetowej platformy rozstrzygania spor\u00f3w konsumenckich (tzw. platforma ODR). Platforma ODR stanowi wieloj\u0119zyczn\u0105, interaktywn\u0105 stron\u0119 internetow\u0105 dla obs\u0142ugi Konsument\u00f3w i przedsi\u0119biorc\u00f3w d\u0105\u017c\u0105cych do pozas\u0105dowego rozstrzygni\u0119cia spor\u00f3w wynikaj\u0105cych z zawarcia na odleg\u0142o\u015b\u0107 umowy sprzeda\u017cy lub umowy o \u015bwiadczenie us\u0142ug.<\/p>\n<p>Skorzystanie z ww. pozas\u0105dowych sposob\u00f3w dochodzenia roszcze\u0144 i rozstrzygania spor\u00f3w jest dobrowolne i mo\u017ce mie\u0107 miejsce wy\u0142\u0105cznie, gdy obie strony sporu (Konsument i sprzedawca) wyra\u017c\u0105 na to zgod\u0119.<\/p>\n<p>Zobowi\u0105zujemy si\u0119 do korzystania z pozas\u0105dowego rozwi\u0105zywania spor\u00f3w z Konsumentami w rozumieniu przepis\u00f3w ustawy z dnia 23 wrze\u015bnia 2016 r. o pozas\u0105dowym rozwi\u0105zywaniu spor\u00f3w konsumenckich. Podmiotem uprawnionym do pozas\u0105dowego rozwi\u0105zywania spor\u00f3w mi\u0119dzy naszym przedsi\u0119biorstwem, a Konsumentem jest: Mazowiecki Wojew\u00f3dzki Inspektor Inspekcji Handlowej w Warszawie, ul. Sienkiewicza 3, 00-015, www.wiih.org.pl.<\/p>\n<h2>13. Postanowienia ko\u0144cowe<\/h2>\n<p>\u017badne z postanowie\u0144 niniejszego Regulaminu nie ma na celu naruszenia ustawowych praw Konsumenta. W przypadku jakichkolwiek sprzeczno\u015bci postanowie\u0144 niniejszego Regulaminu z prawami Konsument\u00f3w wynikaj\u0105cymi z powszechnie obowi\u0105zuj\u0105cych przepis\u00f3w \u2013 w miejsce zakwestionowanych postanowie\u0144 Regulaminu stosowane b\u0119d\u0105 zawsze ustawowe regulacje.<\/p>\n<p>W przypadku Przedsi\u0119biorc\u00f3w dla wszystkich um\u00f3w zawartych z nami obowi\u0105zuje prawo polskie z wy\u0142\u0105czeniem Konwencji Narod\u00f3w Zjednoczonych o umowach mi\u0119dzynarodowej sprzeda\u017cy towar\u00f3w.<\/p>\n<p>W przypadku Przedsi\u0119biorc\u00f3w, os\u00f3b prawnych prawa publicznego lub wyodr\u0119bnionych podmiot\u00f3w publiczno-prawnym, s\u0105dem wy\u0142\u0105cznie w\u0142a\u015bciwym dla rozstrzygania wszystkich spor\u00f3w wynikaj\u0105cych ze stosunk\u00f3w umownych mi\u0119dzy nami i Pa\u0144stwem b\u0119dzie s\u0105d w\u0142a\u015bciwy dla naszej siedziby. Zdanie poprzednie nie dotyczy os\u00f3b fizycznych zawieraj\u0105cych umow\u0119 bezpo\u015brednio zwi\u0105zan\u0105 z ich dzia\u0142alno\u015bci\u0105 gospodarcz\u0105, gdy z tre\u015bci tej umowy wynika, \u017ce nie ma ona dla tych os\u00f3b charakteru zawodowego, wynikaj\u0105cego w szczeg\u00f3lno\u015bci z przedmiotu wykonywanej przez nie dzia\u0142alno\u015bci gospodarczej, udost\u0119pnionego na podstawie przepis\u00f3w o Centralnej Ewidencji i Informacji o Dzia\u0142alno\u015bci Gospodarczej.<\/p>\n<\/div>\n<\/section>\n","protected":false},"excerpt":{"rendered":"<p>Regulamin sklepu Poni\u017cszy Regulamin okre\u015bla og\u00f3lne warunki sprzeda\u017cy obowi\u0105zuj\u0105ce w naszym sklepie internetowym dost\u0119pnym pod adresem HTTPS:\/\/SHOP.GALVANINA.COM\/PL, prowadzonym przez GALVANINA POLAND, UL. BIEDRONKI 11, MORY 05-850, NIP:, REGON: 140985131. 1. Zakres obowi\u0105zywania regulaminu Regulamin obowi\u0105zuje dla wszystkich zam\u00f3wie\u0144 sk\u0142adanych przez Konsument\u00f3w i Przedsi\u0119biorc\u00f3w za po\u015brednictwem naszego sklepu internetowego. Konsumentem jest zgodnie z art. 22 Kodeksu [&hellip;]<\/p>\n","protected":false},"author":3,"featured_media":0,"parent":0,"menu_order":0,"comment_status":"closed","ping_status":"closed","template":"","meta":{"_acf_changed":false,"inline_featured_image":false,"footnotes":""},"class_list":["post-615","page","type-page","status-publish","hentry"],"acf":[],"yoast_head":"<!-- This site is optimized with the Yoast SEO plugin v27.3 - https:\/\/yoast.com\/product\/yoast-seo-wordpress\/ -->\n<title>Warunki sprzeda\u017cy - Galvanina Poland<\/title>\n<meta name=\"robots\" content=\"index, follow, max-snippet:-1, max-image-preview:large, max-video-preview:-1\" \/>\n<link rel=\"canonical\" href=\"https:\/\/shop.galvanina.com\/pl\/warunki-sprzedazy\/\" \/>\n<meta property=\"og:locale\" content=\"pl_PL\" \/>\n<meta property=\"og:type\" content=\"article\" \/>\n<meta property=\"og:title\" content=\"Warunki sprzeda\u017cy - Galvanina Poland\" \/>\n<meta property=\"og:description\" content=\"Regulamin sklepu Poni\u017cszy Regulamin okre\u015bla og\u00f3lne warunki sprzeda\u017cy obowi\u0105zuj\u0105ce w naszym sklepie internetowym dost\u0119pnym pod adresem HTTPS:\/\/SHOP.GALVANINA.COM\/PL, prowadzonym przez GALVANINA POLAND, UL. BIEDRONKI 11, MORY 05-850, NIP:, REGON: 140985131. 1. Zakres obowi\u0105zywania regulaminu Regulamin obowi\u0105zuje dla wszystkich zam\u00f3wie\u0144 sk\u0142adanych przez Konsument\u00f3w i Przedsi\u0119biorc\u00f3w za po\u015brednictwem naszego sklepu internetowego. Konsumentem jest zgodnie z art. 22 Kodeksu [&hellip;]\" \/>\n<meta property=\"og:url\" content=\"https:\/\/shop.galvanina.com\/pl\/warunki-sprzedazy\/\" \/>\n<meta property=\"og:site_name\" content=\"Galvanina Poland\" \/>\n<meta property=\"article:modified_time\" content=\"2023-04-12T11:48:48+00:00\" \/>\n<meta name=\"twitter:card\" content=\"summary_large_image\" \/>\n<meta name=\"twitter:label1\" content=\"Szacowany czas czytania\" \/>\n\t<meta name=\"twitter:data1\" content=\"7 minut\" \/>\n<script type=\"application\/ld+json\" class=\"yoast-schema-graph\">{\"@context\":\"https:\\\/\\\/schema.org\",\"@graph\":[{\"@type\":\"WebPage\",\"@id\":\"https:\\\/\\\/shop.galvanina.com\\\/pl\\\/warunki-sprzedazy\\\/\",\"url\":\"https:\\\/\\\/shop.galvanina.com\\\/pl\\\/warunki-sprzedazy\\\/\",\"name\":\"Warunki sprzeda\u017cy - Galvanina Poland\",\"isPartOf\":{\"@id\":\"https:\\\/\\\/shop.galvanina.com\\\/pl\\\/#website\"},\"datePublished\":\"2020-12-17T14:25:22+00:00\",\"dateModified\":\"2023-04-12T11:48:48+00:00\",\"breadcrumb\":{\"@id\":\"https:\\\/\\\/shop.galvanina.com\\\/pl\\\/warunki-sprzedazy\\\/#breadcrumb\"},\"inLanguage\":\"pl-PL\",\"potentialAction\":[{\"@type\":\"ReadAction\",\"target\":[\"https:\\\/\\\/shop.galvanina.com\\\/pl\\\/warunki-sprzedazy\\\/\"]}]},{\"@type\":\"BreadcrumbList\",\"@id\":\"https:\\\/\\\/shop.galvanina.com\\\/pl\\\/warunki-sprzedazy\\\/#breadcrumb\",\"itemListElement\":[{\"@type\":\"ListItem\",\"position\":1,\"name\":\"Home\",\"item\":\"https:\\\/\\\/shop.galvanina.com\\\/pl\\\/\"},{\"@type\":\"ListItem\",\"position\":2,\"name\":\"Warunki sprzeda\u017cy\"}]},{\"@type\":\"WebSite\",\"@id\":\"https:\\\/\\\/shop.galvanina.com\\\/pl\\\/#website\",\"url\":\"https:\\\/\\\/shop.galvanina.com\\\/pl\\\/\",\"name\":\"Galvanina Poland\",\"description\":\"Kup Nasze produkty online\",\"publisher\":{\"@id\":\"https:\\\/\\\/shop.galvanina.com\\\/pl\\\/#organization\"},\"potentialAction\":[{\"@type\":\"SearchAction\",\"target\":{\"@type\":\"EntryPoint\",\"urlTemplate\":\"https:\\\/\\\/shop.galvanina.com\\\/pl\\\/?s={search_term_string}\"},\"query-input\":{\"@type\":\"PropertyValueSpecification\",\"valueRequired\":true,\"valueName\":\"search_term_string\"}}],\"inLanguage\":\"pl-PL\"},{\"@type\":\"Organization\",\"@id\":\"https:\\\/\\\/shop.galvanina.com\\\/pl\\\/#organization\",\"name\":\"Galvanina Poland\",\"url\":\"https:\\\/\\\/shop.galvanina.com\\\/pl\\\/\",\"logo\":{\"@type\":\"ImageObject\",\"inLanguage\":\"pl-PL\",\"@id\":\"https:\\\/\\\/shop.galvanina.com\\\/pl\\\/#\\\/schema\\\/logo\\\/image\\\/\",\"url\":\"https:\\\/\\\/shop.galvanina.com\\\/pl\\\/wp-content\\\/uploads\\\/sites\\\/2\\\/2023\\\/03\\\/GALVANINA-POLAND-e1689269161338.png\",\"contentUrl\":\"https:\\\/\\\/shop.galvanina.com\\\/pl\\\/wp-content\\\/uploads\\\/sites\\\/2\\\/2023\\\/03\\\/GALVANINA-POLAND-e1689269161338.png\",\"width\":500,\"height\":160,\"caption\":\"Galvanina Poland\"},\"image\":{\"@id\":\"https:\\\/\\\/shop.galvanina.com\\\/pl\\\/#\\\/schema\\\/logo\\\/image\\\/\"}}]}<\/script>\n<!-- \/ Yoast SEO plugin. -->","yoast_head_json":{"title":"Warunki sprzeda\u017cy - Galvanina Poland","robots":{"index":"index","follow":"follow","max-snippet":"max-snippet:-1","max-image-preview":"max-image-preview:large","max-video-preview":"max-video-preview:-1"},"canonical":"https:\/\/shop.galvanina.com\/pl\/warunki-sprzedazy\/","og_locale":"pl_PL","og_type":"article","og_title":"Warunki sprzeda\u017cy - Galvanina Poland","og_description":"Regulamin sklepu Poni\u017cszy Regulamin okre\u015bla og\u00f3lne warunki sprzeda\u017cy obowi\u0105zuj\u0105ce w naszym sklepie internetowym dost\u0119pnym pod adresem HTTPS:\/\/SHOP.GALVANINA.COM\/PL, prowadzonym przez GALVANINA POLAND, UL. BIEDRONKI 11, MORY 05-850, NIP:, REGON: 140985131. 1. Zakres obowi\u0105zywania regulaminu Regulamin obowi\u0105zuje dla wszystkich zam\u00f3wie\u0144 sk\u0142adanych przez Konsument\u00f3w i Przedsi\u0119biorc\u00f3w za po\u015brednictwem naszego sklepu internetowego. Konsumentem jest zgodnie z art. 22 Kodeksu [&hellip;]","og_url":"https:\/\/shop.galvanina.com\/pl\/warunki-sprzedazy\/","og_site_name":"Galvanina Poland","article_modified_time":"2023-04-12T11:48:48+00:00","twitter_card":"summary_large_image","twitter_misc":{"Szacowany czas czytania":"7 minut"},"schema":{"@context":"https:\/\/schema.org","@graph":[{"@type":"WebPage","@id":"https:\/\/shop.galvanina.com\/pl\/warunki-sprzedazy\/","url":"https:\/\/shop.galvanina.com\/pl\/warunki-sprzedazy\/","name":"Warunki sprzeda\u017cy - Galvanina Poland","isPartOf":{"@id":"https:\/\/shop.galvanina.com\/pl\/#website"},"datePublished":"2020-12-17T14:25:22+00:00","dateModified":"2023-04-12T11:48:48+00:00","breadcrumb":{"@id":"https:\/\/shop.galvanina.com\/pl\/warunki-sprzedazy\/#breadcrumb"},"inLanguage":"pl-PL","potentialAction":[{"@type":"ReadAction","target":["https:\/\/shop.galvanina.com\/pl\/warunki-sprzedazy\/"]}]},{"@type":"BreadcrumbList","@id":"https:\/\/shop.galvanina.com\/pl\/warunki-sprzedazy\/#breadcrumb","itemListElement":[{"@type":"ListItem","position":1,"name":"Home","item":"https:\/\/shop.galvanina.com\/pl\/"},{"@type":"ListItem","position":2,"name":"Warunki sprzeda\u017cy"}]},{"@type":"WebSite","@id":"https:\/\/shop.galvanina.com\/pl\/#website","url":"https:\/\/shop.galvanina.com\/pl\/","name":"Galvanina Poland","description":"Kup Nasze produkty online","publisher":{"@id":"https:\/\/shop.galvanina.com\/pl\/#organization"},"potentialAction":[{"@type":"SearchAction","target":{"@type":"EntryPoint","urlTemplate":"https:\/\/shop.galvanina.com\/pl\/?s={search_term_string}"},"query-input":{"@type":"PropertyValueSpecification","valueRequired":true,"valueName":"search_term_string"}}],"inLanguage":"pl-PL"},{"@type":"Organization","@id":"https:\/\/shop.galvanina.com\/pl\/#organization","name":"Galvanina Poland","url":"https:\/\/shop.galvanina.com\/pl\/","logo":{"@type":"ImageObject","inLanguage":"pl-PL","@id":"https:\/\/shop.galvanina.com\/pl\/#\/schema\/logo\/image\/","url":"https:\/\/shop.galvanina.com\/pl\/wp-content\/uploads\/sites\/2\/2023\/03\/GALVANINA-POLAND-e1689269161338.png","contentUrl":"https:\/\/shop.galvanina.com\/pl\/wp-content\/uploads\/sites\/2\/2023\/03\/GALVANINA-POLAND-e1689269161338.png","width":500,"height":160,"caption":"Galvanina Poland"},"image":{"@id":"https:\/\/shop.galvanina.com\/pl\/#\/schema\/logo\/image\/"}}]}},"_links":{"self":[{"href":"https:\/\/shop.galvanina.com\/pl\/wp-json\/wp\/v2\/pages\/615","targetHints":{"allow":["GET"]}}],"collection":[{"href":"https:\/\/shop.galvanina.com\/pl\/wp-json\/wp\/v2\/pages"}],"about":[{"href":"https:\/\/shop.galvanina.com\/pl\/wp-json\/wp\/v2\/types\/page"}],"author":[{"embeddable":true,"href":"https:\/\/shop.galvanina.com\/pl\/wp-json\/wp\/v2\/users\/3"}],"replies":[{"embeddable":true,"href":"https:\/\/shop.galvanina.com\/pl\/wp-json\/wp\/v2\/comments?post=615"}],"version-history":[{"count":5,"href":"https:\/\/shop.galvanina.com\/pl\/wp-json\/wp\/v2\/pages\/615\/revisions"}],"predecessor-version":[{"id":3220,"href":"https:\/\/shop.galvanina.com\/pl\/wp-json\/wp\/v2\/pages\/615\/revisions\/3220"}],"wp:attachment":[{"href":"https:\/\/shop.galvanina.com\/pl\/wp-json\/wp\/v2\/media?parent=615"}],"curies":[{"name":"wp","href":"https:\/\/api.w.org\/{rel}","templated":true}]}}