{"id":24,"date":"2020-11-16T13:36:40","date_gmt":"2020-11-16T12:36:40","guid":{"rendered":"https:\/\/shop.galvanina.com\/pl\/?post_type=product&#038;p=24"},"modified":"2026-01-13T09:50:25","modified_gmt":"2026-01-13T08:50:25","slug":"ginger","status":"publish","type":"product","link":"https:\/\/shop.galvanina.com\/pl\/prodotto\/ginger\/","title":{"rendered":"Organiczny Ginger"},"content":{"rendered":"<h2>Galvanina Musuj\u0105cy Ginger: Klasyczny w\u0142oski aperitif<\/h2>\n<p>Pochodz\u0105cy z Dalekiego Wschodu, ale obecnie uprawiany praktycznie we wszystkich strefach tropikalnych, imbir, znany tak\u017ce jako Ginger po angielsku, to zio\u0142o o znanych w\u0142a\u015bciwo\u015bciach leczniczych i popularny sk\u0142adnik kuchni. Jest powszechnie u\u017cywany w japo\u0144skiej, chi\u0144skiej i po\u0142udniowo-wschodnioazjatyckiej kuchni. Jako przyprawa, jest r\u00f3wnie\u017c cz\u0119sto wykorzystywany w kulturze anglosaskiej i krajach skandynawskich, zw\u0142aszcza podczas okresu bo\u017conarodzeniowego.<\/p>\n<p>Ginger Galvanina to nap\u00f3j organiczny, kt\u00f3ry harmonijnie \u0142\u0105czy pikantno\u015b\u0107 korzenia imbiru z r\u00f3\u017cnymi przyprawami i zio\u0142ami, tworz\u0105c idealny aperitif o ambratowym kolorze. Jest orze\u017awiaj\u0105cy sam w sobie i idealny do mieszania w koktajlach, gdzie uzupe\u0142nia ofert\u0119 Galvaniny napoj\u00f3w na bazie imbiru: <a href=\"https:\/\/shop.galvanina.com\/pl\/prodotto\/cola-ginger\/\">Cola Ginger<\/a>, <a href=\"https:\/\/shop.galvanina.com\/pl\/prodotto\/ginger-beer\/\">Ginger Beer<\/a> i <a href=\"https:\/\/shop.galvanina.com\/pl\/prodotto\/ginger-ale\/\">Ginger Ale<\/a>.<\/p>\n<p>Jako mocktail doskonale komponuje si\u0119 z napojami na bazie cytrus\u00f3w lub soku z cytrus\u00f3w, a tak\u017ce z sokami owoc\u00f3w tropikalnych, takich jak ananas i mango. Dzi\u0119ki swojej musuj\u0105cej naturze i pikantnej nucie, doskonale \u0142\u0105czy si\u0119 z koktajlami na bazie wina, idealny jako sk\u0142adnik drink\u00f3w z prosecco, szampanem lub winem wzmacnianym i vermouthem.<\/p>\n<p><span style=\"text-decoration: underline\">Wp\u0142yw na zmys\u0142 w\u0119chu<\/span>: trwa\u0142y zapach imbiru, z pikantnym posmakiem<\/p>\n<p><span style=\"text-decoration: underline\">Mo\u017cliwo\u015bci mieszania<\/span>: Idealny do mieszania z destylatami &#8222;bia\u0142ymi&#8221; i &#8222;z\u0142otymi&#8221;, aperitifami, gorzkimi i likierami. Doskona\u0142y do przygotowywania klasycznych i long drink\u00f3w.<\/p>\n","protected":false},"excerpt":{"rendered":"<p>Galvanina Musuj\u0105cy Ginger: Klasyczny w\u0142oski aperitif Pochodz\u0105cy z Dalekiego Wschodu, ale obecnie uprawiany praktycznie we wszystkich strefach tropikalnych, imbir, znany tak\u017ce jako Ginger po angielsku, to zio\u0142o o znanych w\u0142a\u015bciwo\u015bciach leczniczych i popularny sk\u0142adnik kuchni. Jest powszechnie u\u017cywany w japo\u0144skiej, chi\u0144skiej i po\u0142udniowo-wschodnioazjatyckiej kuchni. Jako przyprawa, jest r\u00f3wnie\u017c cz\u0119sto wykorzystywany w kulturze anglosaskiej i krajach [&hellip;]<\/p>\n","protected":false},"featured_media":3156,"template":"","meta":{"_acf_changed":false,"inline_featured_image":false},"product_brand":[],"product_cat":[19,22],"product_tag":[],"class_list":{"0":"post-24","1":"product","2":"type-product","3":"status-publish","4":"has-post-thumbnail","6":"product_cat-bibite-biologiche","7":"product_cat-mixer-bio","9":"first","10":"outofstock","11":"taxable","12":"shipping-taxable","13":"purchasable","14":"product-type-simple"},"acf":[],"yoast_head":"<!-- This site is optimized with the Yoast SEO plugin v27.3 - https:\/\/yoast.com\/product\/yoast-seo-wordpress\/ -->\n<title>Galvanina - Organiczny Ginger - Bevande Biologiche - Aperitivo<\/title>\n<meta name=\"description\" content=\"Pochodz\u0105cy z Dalekiego Wschodu, ale obecnie uprawiany praktycznie we wszystkich strefach tropikalnych, imbir, znany tak\u017ce jako Ginger po angielsku\" \/>\n<meta name=\"robots\" content=\"index, follow, max-snippet:-1, max-image-preview:large, max-video-preview:-1\" \/>\n<link rel=\"canonical\" href=\"https:\/\/shop.galvanina.com\/pl\/prodotto\/ginger\/\" \/>\n<meta property=\"og:locale\" content=\"pl_PL\" \/>\n<meta property=\"og:type\" content=\"article\" \/>\n<meta property=\"og:title\" content=\"Galvanina - Organiczny Ginger - Bevande Biologiche - Aperitivo\" \/>\n<meta property=\"og:description\" content=\"Pochodz\u0105cy z Dalekiego Wschodu, ale obecnie uprawiany praktycznie we wszystkich strefach tropikalnych, imbir, znany tak\u017ce jako Ginger po angielsku\" \/>\n<meta property=\"og:url\" content=\"https:\/\/shop.galvanina.com\/pl\/prodotto\/ginger\/\" \/>\n<meta property=\"og:site_name\" content=\"Galvanina Poland\" \/>\n<meta property=\"article:modified_time\" content=\"2026-01-13T08:50:25+00:00\" \/>\n<meta name=\"twitter:card\" content=\"summary_large_image\" \/>\n<meta name=\"twitter:label1\" content=\"Szacowany czas czytania\" \/>\n\t<meta name=\"twitter:data1\" content=\"2 minuty\" \/>\n<script type=\"application\/ld+json\" class=\"yoast-schema-graph\">{\"@context\":\"https:\\\/\\\/schema.org\",\"@graph\":[{\"@type\":\"WebPage\",\"@id\":\"https:\\\/\\\/shop.galvanina.com\\\/pl\\\/prodotto\\\/ginger\\\/\",\"url\":\"https:\\\/\\\/shop.galvanina.com\\\/pl\\\/prodotto\\\/ginger\\\/\",\"name\":\"Galvanina - Organiczny Ginger - Bevande Biologiche - Aperitivo\",\"isPartOf\":{\"@id\":\"https:\\\/\\\/shop.galvanina.com\\\/pl\\\/#website\"},\"primaryImageOfPage\":{\"@id\":\"https:\\\/\\\/shop.galvanina.com\\\/pl\\\/prodotto\\\/ginger\\\/#primaryimage\"},\"image\":{\"@id\":\"https:\\\/\\\/shop.galvanina.com\\\/pl\\\/prodotto\\\/ginger\\\/#primaryimage\"},\"thumbnailUrl\":\"https:\\\/\\\/shop.galvanina.com\\\/pl\\\/wp-content\\\/uploads\\\/sites\\\/2\\\/2020\\\/11\\\/ginger-2.jpg\",\"datePublished\":\"2020-11-16T12:36:40+00:00\",\"dateModified\":\"2026-01-13T08:50:25+00:00\",\"description\":\"Pochodz\u0105cy z Dalekiego Wschodu, ale obecnie uprawiany praktycznie we wszystkich strefach tropikalnych, imbir, znany tak\u017ce jako Ginger po angielsku\",\"breadcrumb\":{\"@id\":\"https:\\\/\\\/shop.galvanina.com\\\/pl\\\/prodotto\\\/ginger\\\/#breadcrumb\"},\"inLanguage\":\"pl-PL\",\"potentialAction\":[{\"@type\":\"ReadAction\",\"target\":[\"https:\\\/\\\/shop.galvanina.com\\\/pl\\\/prodotto\\\/ginger\\\/\"]}]},{\"@type\":\"ImageObject\",\"inLanguage\":\"pl-PL\",\"@id\":\"https:\\\/\\\/shop.galvanina.com\\\/pl\\\/prodotto\\\/ginger\\\/#primaryimage\",\"url\":\"https:\\\/\\\/shop.galvanina.com\\\/pl\\\/wp-content\\\/uploads\\\/sites\\\/2\\\/2020\\\/11\\\/ginger-2.jpg\",\"contentUrl\":\"https:\\\/\\\/shop.galvanina.com\\\/pl\\\/wp-content\\\/uploads\\\/sites\\\/2\\\/2020\\\/11\\\/ginger-2.jpg\",\"width\":800,\"height\":800},{\"@type\":\"BreadcrumbList\",\"@id\":\"https:\\\/\\\/shop.galvanina.com\\\/pl\\\/prodotto\\\/ginger\\\/#breadcrumb\",\"itemListElement\":[{\"@type\":\"ListItem\",\"position\":1,\"name\":\"Home\",\"item\":\"https:\\\/\\\/shop.galvanina.com\\\/pl\\\/\"},{\"@type\":\"ListItem\",\"position\":2,\"name\":\"Sklep\",\"item\":\"https:\\\/\\\/shop.galvanina.com\\\/pl\\\/\"},{\"@type\":\"ListItem\",\"position\":3,\"name\":\"Organiczny Ginger\"}]},{\"@type\":\"WebSite\",\"@id\":\"https:\\\/\\\/shop.galvanina.com\\\/pl\\\/#website\",\"url\":\"https:\\\/\\\/shop.galvanina.com\\\/pl\\\/\",\"name\":\"Galvanina Poland\",\"description\":\"Kup Nasze produkty online\",\"publisher\":{\"@id\":\"https:\\\/\\\/shop.galvanina.com\\\/pl\\\/#organization\"},\"potentialAction\":[{\"@type\":\"SearchAction\",\"target\":{\"@type\":\"EntryPoint\",\"urlTemplate\":\"https:\\\/\\\/shop.galvanina.com\\\/pl\\\/?s={search_term_string}\"},\"query-input\":{\"@type\":\"PropertyValueSpecification\",\"valueRequired\":true,\"valueName\":\"search_term_string\"}}],\"inLanguage\":\"pl-PL\"},{\"@type\":\"Organization\",\"@id\":\"https:\\\/\\\/shop.galvanina.com\\\/pl\\\/#organization\",\"name\":\"Galvanina Poland\",\"url\":\"https:\\\/\\\/shop.galvanina.com\\\/pl\\\/\",\"logo\":{\"@type\":\"ImageObject\",\"inLanguage\":\"pl-PL\",\"@id\":\"https:\\\/\\\/shop.galvanina.com\\\/pl\\\/#\\\/schema\\\/logo\\\/image\\\/\",\"url\":\"https:\\\/\\\/shop.galvanina.com\\\/pl\\\/wp-content\\\/uploads\\\/sites\\\/2\\\/2023\\\/03\\\/GALVANINA-POLAND-e1689269161338.png\",\"contentUrl\":\"https:\\\/\\\/shop.galvanina.com\\\/pl\\\/wp-content\\\/uploads\\\/sites\\\/2\\\/2023\\\/03\\\/GALVANINA-POLAND-e1689269161338.png\",\"width\":500,\"height\":160,\"caption\":\"Galvanina Poland\"},\"image\":{\"@id\":\"https:\\\/\\\/shop.galvanina.com\\\/pl\\\/#\\\/schema\\\/logo\\\/image\\\/\"}}]}<\/script>\n<!-- \/ Yoast SEO plugin. -->","yoast_head_json":{"title":"Galvanina - Organiczny Ginger - Bevande Biologiche - Aperitivo","description":"Pochodz\u0105cy z Dalekiego Wschodu, ale obecnie uprawiany praktycznie we wszystkich strefach tropikalnych, imbir, znany tak\u017ce jako Ginger po angielsku","robots":{"index":"index","follow":"follow","max-snippet":"max-snippet:-1","max-image-preview":"max-image-preview:large","max-video-preview":"max-video-preview:-1"},"canonical":"https:\/\/shop.galvanina.com\/pl\/prodotto\/ginger\/","og_locale":"pl_PL","og_type":"article","og_title":"Galvanina - Organiczny Ginger - Bevande Biologiche - Aperitivo","og_description":"Pochodz\u0105cy z Dalekiego Wschodu, ale obecnie uprawiany praktycznie we wszystkich strefach tropikalnych, imbir, znany tak\u017ce jako Ginger po angielsku","og_url":"https:\/\/shop.galvanina.com\/pl\/prodotto\/ginger\/","og_site_name":"Galvanina Poland","article_modified_time":"2026-01-13T08:50:25+00:00","twitter_card":"summary_large_image","twitter_misc":{"Szacowany czas czytania":"2 minuty"},"schema":{"@context":"https:\/\/schema.org","@graph":[{"@type":"WebPage","@id":"https:\/\/shop.galvanina.com\/pl\/prodotto\/ginger\/","url":"https:\/\/shop.galvanina.com\/pl\/prodotto\/ginger\/","name":"Galvanina - Organiczny Ginger - Bevande Biologiche - Aperitivo","isPartOf":{"@id":"https:\/\/shop.galvanina.com\/pl\/#website"},"primaryImageOfPage":{"@id":"https:\/\/shop.galvanina.com\/pl\/prodotto\/ginger\/#primaryimage"},"image":{"@id":"https:\/\/shop.galvanina.com\/pl\/prodotto\/ginger\/#primaryimage"},"thumbnailUrl":"https:\/\/shop.galvanina.com\/pl\/wp-content\/uploads\/sites\/2\/2020\/11\/ginger-2.jpg","datePublished":"2020-11-16T12:36:40+00:00","dateModified":"2026-01-13T08:50:25+00:00","description":"Pochodz\u0105cy z Dalekiego Wschodu, ale obecnie uprawiany praktycznie we wszystkich strefach tropikalnych, imbir, znany tak\u017ce jako Ginger po angielsku","breadcrumb":{"@id":"https:\/\/shop.galvanina.com\/pl\/prodotto\/ginger\/#breadcrumb"},"inLanguage":"pl-PL","potentialAction":[{"@type":"ReadAction","target":["https:\/\/shop.galvanina.com\/pl\/prodotto\/ginger\/"]}]},{"@type":"ImageObject","inLanguage":"pl-PL","@id":"https:\/\/shop.galvanina.com\/pl\/prodotto\/ginger\/#primaryimage","url":"https:\/\/shop.galvanina.com\/pl\/wp-content\/uploads\/sites\/2\/2020\/11\/ginger-2.jpg","contentUrl":"https:\/\/shop.galvanina.com\/pl\/wp-content\/uploads\/sites\/2\/2020\/11\/ginger-2.jpg","width":800,"height":800},{"@type":"BreadcrumbList","@id":"https:\/\/shop.galvanina.com\/pl\/prodotto\/ginger\/#breadcrumb","itemListElement":[{"@type":"ListItem","position":1,"name":"Home","item":"https:\/\/shop.galvanina.com\/pl\/"},{"@type":"ListItem","position":2,"name":"Sklep","item":"https:\/\/shop.galvanina.com\/pl\/"},{"@type":"ListItem","position":3,"name":"Organiczny Ginger"}]},{"@type":"WebSite","@id":"https:\/\/shop.galvanina.com\/pl\/#website","url":"https:\/\/shop.galvanina.com\/pl\/","name":"Galvanina Poland","description":"Kup Nasze produkty online","publisher":{"@id":"https:\/\/shop.galvanina.com\/pl\/#organization"},"potentialAction":[{"@type":"SearchAction","target":{"@type":"EntryPoint","urlTemplate":"https:\/\/shop.galvanina.com\/pl\/?s={search_term_string}"},"query-input":{"@type":"PropertyValueSpecification","valueRequired":true,"valueName":"search_term_string"}}],"inLanguage":"pl-PL"},{"@type":"Organization","@id":"https:\/\/shop.galvanina.com\/pl\/#organization","name":"Galvanina Poland","url":"https:\/\/shop.galvanina.com\/pl\/","logo":{"@type":"ImageObject","inLanguage":"pl-PL","@id":"https:\/\/shop.galvanina.com\/pl\/#\/schema\/logo\/image\/","url":"https:\/\/shop.galvanina.com\/pl\/wp-content\/uploads\/sites\/2\/2023\/03\/GALVANINA-POLAND-e1689269161338.png","contentUrl":"https:\/\/shop.galvanina.com\/pl\/wp-content\/uploads\/sites\/2\/2023\/03\/GALVANINA-POLAND-e1689269161338.png","width":500,"height":160,"caption":"Galvanina Poland"},"image":{"@id":"https:\/\/shop.galvanina.com\/pl\/#\/schema\/logo\/image\/"}}]}},"_links":{"self":[{"href":"https:\/\/shop.galvanina.com\/pl\/wp-json\/wp\/v2\/product\/24","targetHints":{"allow":["GET"]}}],"collection":[{"href":"https:\/\/shop.galvanina.com\/pl\/wp-json\/wp\/v2\/product"}],"about":[{"href":"https:\/\/shop.galvanina.com\/pl\/wp-json\/wp\/v2\/types\/product"}],"wp:featuredmedia":[{"embeddable":true,"href":"https:\/\/shop.galvanina.com\/pl\/wp-json\/wp\/v2\/media\/3156"}],"wp:attachment":[{"href":"https:\/\/shop.galvanina.com\/pl\/wp-json\/wp\/v2\/media?parent=24"}],"wp:term":[{"taxonomy":"product_brand","embeddable":true,"href":"https:\/\/shop.galvanina.com\/pl\/wp-json\/wp\/v2\/product_brand?post=24"},{"taxonomy":"product_cat","embeddable":true,"href":"https:\/\/shop.galvanina.com\/pl\/wp-json\/wp\/v2\/product_cat?post=24"},{"taxonomy":"product_tag","embeddable":true,"href":"https:\/\/shop.galvanina.com\/pl\/wp-json\/wp\/v2\/product_tag?post=24"}],"curies":[{"name":"wp","href":"https:\/\/api.w.org\/{rel}","templated":true}]}}