{"id":281,"date":"2020-11-26T14:31:24","date_gmt":"2020-11-26T13:31:24","guid":{"rendered":"https:\/\/shop.galvanina.com\/pl\/?post_type=product&#038;p=281"},"modified":"2023-11-23T11:55:10","modified_gmt":"2023-11-23T10:55:10","slug":"cola","status":"publish","type":"product","link":"https:\/\/shop.galvanina.com\/pl\/prodotto\/cola\/","title":{"rendered":"Cola Bio"},"content":{"rendered":"<h2>Cola Bio: Doskona\u0142a o ka\u017cdej porze dnia<\/h2>\n<p>Razem z Cola <a href=\"https:\/\/shop.galvanina.com\/pl\/prodotto\/cola-ginger\/\">Ginger<\/a> i Cola <a href=\"https:\/\/shop.galvanina.com\/pl\/prodotto\/cola-zero\/\">Zero<\/a>, Cola Bio uzupe\u0142nia ofert\u0119 coli Galvanina, b\u0119d\u0105c oczywi\u015bcie ich flagowym produktem. W rzeczywisto\u015bci nasza Bio reinterpretuje ameryka\u0144ski nap\u00f3j w naturalny spos\u00f3b. Przepis przypomina intensywny smak orzecha koli, ale z wywa\u017conym smakiem, kt\u00f3ry podkre\u015bla jego orze\u017awiaj\u0105ce w\u0142a\u015bciwo\u015bci. Od\u015bwie\u017caj\u0105ca przez wszystkie pory roku, pasuj\u0105ca do ka\u017cdej kuchni, doskona\u0142a na chwil\u0119 przyjemno\u015bci, samemu lub w towarzystwie, idealna do pizzy.<\/p>\n<p>W ka\u017cdym kraju istnieje w\u0142asna tradycyjna forma spo\u017cywania coli. W krajach niemieckoj\u0119zycznych &#8211; ale zalecane r\u00f3wnie\u017c przez <a href=\"https:\/\/www.galvanina.com\/cocktail\/mocktail-saturday\/\" target=\"_blank\" rel=\"noopener\">naszych ekspert\u00f3w<\/a> &#8211; bardzo typowe jest &#8222;spezi&#8221;, gdzie cola spotyka si\u0119 z r\u00f3wn\u0105 ilo\u015bci\u0105 oran\u017cady. R\u00f3wnie\u017c w &#8222;calimocho&#8221;, napoju z tradycji baskijskiej, gdzie czerwone wino zast\u0119puje cytrusy.<\/p>\n<p>W pozosta\u0142ej cz\u0119\u015bci Hiszpanii cola jest jednym z ulubionych dodatk\u00f3w do &#8222;cubata&#8221;, kt\u00f3ry opr\u00f3cz s\u0142ynnego &#8222;gin and tonic&#8221; obejmuje oczywi\u015bcie &#8222;whisky &amp; cola&#8221; i &#8222;rum &amp; cola&#8221;. W Chile cola towarzyszy &#8222;Pisco&#8221;, typowemu brandy z winnic tego po\u0142udniowoameryka\u0144skiego kraju. Natomiast w s\u0105siedniej Argentynie cola cz\u0119sto jest \u0142\u0105czona z &#8222;Fernetem&#8221;, w\u0142oskim gorzkim trunkiem, kt\u00f3ry jest popularny w tym kraju latynoameryka\u0144skim.<\/p>\n<p>Cola Bio Galvanina jest zdecydowanie kluczowym produktem w nowoczesnym i tradycyjnym \u015bwiecie drink\u00f3w alkoholowych.<\/p>\n<p><span style=\"text-decoration: underline;\">Mixability<\/span>: Idealna do mieszania z &#8222;z\u0142otymi&#8221; destylatami. Doskona\u0142a do mieszania klasycznych i long drink\u00f3w.<\/p>\n","protected":false},"excerpt":{"rendered":"<p>Od\u015bwie\u017caj\u0105ca przez wszystkie pory roku, pasuj\u0105ca do ka\u017cdej kuchni, doskona\u0142a na chwil\u0119 przyjemno\u015bci, samemu lub w towarzystwie, idealna do pizzy.<\/p>\n","protected":false},"featured_media":3348,"template":"","meta":{"_acf_changed":false,"inline_featured_image":false},"product_brand":[],"product_cat":[18],"product_tag":[],"class_list":{"0":"post-281","1":"product","2":"type-product","3":"status-publish","4":"has-post-thumbnail","6":"product_cat-cola-galvanina","8":"first","9":"instock","10":"taxable","11":"shipping-taxable","12":"purchasable","13":"product-type-simple"},"acf":[],"yoast_head":"<!-- This site is optimized with the Yoast SEO plugin v27.3 - https:\/\/yoast.com\/product\/yoast-seo-wordpress\/ -->\n<title>Cola Bio - Bevande Biologiche | La migliore Cola Bio<\/title>\n<meta name=\"description\" content=\"Od\u015bwie\u017caj\u0105ca przez wszystkie pory roku, pasuj\u0105ca do ka\u017cdej kuchni, doskona\u0142a na chwil\u0119 przyjemno\u015bci, samemu lub w towarzystwie, idealna do pizzy.\" \/>\n<meta name=\"robots\" content=\"index, follow, max-snippet:-1, max-image-preview:large, max-video-preview:-1\" \/>\n<link rel=\"canonical\" href=\"https:\/\/shop.galvanina.com\/pl\/prodotto\/cola\/\" \/>\n<meta property=\"og:locale\" content=\"pl_PL\" \/>\n<meta property=\"og:type\" content=\"article\" \/>\n<meta property=\"og:title\" content=\"Cola Bio - Bevande Biologiche | La migliore Cola Bio\" \/>\n<meta property=\"og:description\" content=\"Od\u015bwie\u017caj\u0105ca przez wszystkie pory roku, pasuj\u0105ca do ka\u017cdej kuchni, doskona\u0142a na chwil\u0119 przyjemno\u015bci, samemu lub w towarzystwie, idealna do pizzy.\" \/>\n<meta property=\"og:url\" content=\"https:\/\/shop.galvanina.com\/pl\/prodotto\/cola\/\" \/>\n<meta property=\"og:site_name\" content=\"Galvanina Poland\" \/>\n<meta property=\"article:modified_time\" content=\"2023-11-23T10:55:10+00:00\" \/>\n<meta property=\"og:image\" content=\"https:\/\/shop.galvanina.com\/pl\/wp-content\/uploads\/sites\/2\/2020\/11\/cola-1.jpg\" \/>\n\t<meta property=\"og:image:width\" content=\"810\" \/>\n\t<meta property=\"og:image:height\" content=\"810\" \/>\n\t<meta property=\"og:image:type\" content=\"image\/jpeg\" \/>\n<meta name=\"twitter:card\" content=\"summary_large_image\" \/>\n<meta name=\"twitter:label1\" content=\"Szacowany czas czytania\" \/>\n\t<meta name=\"twitter:data1\" content=\"2 minuty\" \/>\n<script type=\"application\/ld+json\" class=\"yoast-schema-graph\">{\"@context\":\"https:\\\/\\\/schema.org\",\"@graph\":[{\"@type\":\"WebPage\",\"@id\":\"https:\\\/\\\/shop.galvanina.com\\\/pl\\\/prodotto\\\/cola\\\/\",\"url\":\"https:\\\/\\\/shop.galvanina.com\\\/pl\\\/prodotto\\\/cola\\\/\",\"name\":\"Cola Bio - Bevande Biologiche | La migliore Cola Bio\",\"isPartOf\":{\"@id\":\"https:\\\/\\\/shop.galvanina.com\\\/pl\\\/#website\"},\"primaryImageOfPage\":{\"@id\":\"https:\\\/\\\/shop.galvanina.com\\\/pl\\\/prodotto\\\/cola\\\/#primaryimage\"},\"image\":{\"@id\":\"https:\\\/\\\/shop.galvanina.com\\\/pl\\\/prodotto\\\/cola\\\/#primaryimage\"},\"thumbnailUrl\":\"https:\\\/\\\/shop.galvanina.com\\\/pl\\\/wp-content\\\/uploads\\\/sites\\\/2\\\/2020\\\/11\\\/cola-1.jpg\",\"datePublished\":\"2020-11-26T13:31:24+00:00\",\"dateModified\":\"2023-11-23T10:55:10+00:00\",\"description\":\"Od\u015bwie\u017caj\u0105ca przez wszystkie pory roku, pasuj\u0105ca do ka\u017cdej kuchni, doskona\u0142a na chwil\u0119 przyjemno\u015bci, samemu lub w towarzystwie, idealna do pizzy.\",\"breadcrumb\":{\"@id\":\"https:\\\/\\\/shop.galvanina.com\\\/pl\\\/prodotto\\\/cola\\\/#breadcrumb\"},\"inLanguage\":\"pl-PL\",\"potentialAction\":[{\"@type\":\"ReadAction\",\"target\":[\"https:\\\/\\\/shop.galvanina.com\\\/pl\\\/prodotto\\\/cola\\\/\"]}]},{\"@type\":\"ImageObject\",\"inLanguage\":\"pl-PL\",\"@id\":\"https:\\\/\\\/shop.galvanina.com\\\/pl\\\/prodotto\\\/cola\\\/#primaryimage\",\"url\":\"https:\\\/\\\/shop.galvanina.com\\\/pl\\\/wp-content\\\/uploads\\\/sites\\\/2\\\/2020\\\/11\\\/cola-1.jpg\",\"contentUrl\":\"https:\\\/\\\/shop.galvanina.com\\\/pl\\\/wp-content\\\/uploads\\\/sites\\\/2\\\/2020\\\/11\\\/cola-1.jpg\",\"width\":810,\"height\":810},{\"@type\":\"BreadcrumbList\",\"@id\":\"https:\\\/\\\/shop.galvanina.com\\\/pl\\\/prodotto\\\/cola\\\/#breadcrumb\",\"itemListElement\":[{\"@type\":\"ListItem\",\"position\":1,\"name\":\"Home\",\"item\":\"https:\\\/\\\/shop.galvanina.com\\\/pl\\\/\"},{\"@type\":\"ListItem\",\"position\":2,\"name\":\"Sklep\",\"item\":\"https:\\\/\\\/shop.galvanina.com\\\/pl\\\/\"},{\"@type\":\"ListItem\",\"position\":3,\"name\":\"Cola Bio\"}]},{\"@type\":\"WebSite\",\"@id\":\"https:\\\/\\\/shop.galvanina.com\\\/pl\\\/#website\",\"url\":\"https:\\\/\\\/shop.galvanina.com\\\/pl\\\/\",\"name\":\"Galvanina Poland\",\"description\":\"Kup Nasze produkty online\",\"publisher\":{\"@id\":\"https:\\\/\\\/shop.galvanina.com\\\/pl\\\/#organization\"},\"potentialAction\":[{\"@type\":\"SearchAction\",\"target\":{\"@type\":\"EntryPoint\",\"urlTemplate\":\"https:\\\/\\\/shop.galvanina.com\\\/pl\\\/?s={search_term_string}\"},\"query-input\":{\"@type\":\"PropertyValueSpecification\",\"valueRequired\":true,\"valueName\":\"search_term_string\"}}],\"inLanguage\":\"pl-PL\"},{\"@type\":\"Organization\",\"@id\":\"https:\\\/\\\/shop.galvanina.com\\\/pl\\\/#organization\",\"name\":\"Galvanina Poland\",\"url\":\"https:\\\/\\\/shop.galvanina.com\\\/pl\\\/\",\"logo\":{\"@type\":\"ImageObject\",\"inLanguage\":\"pl-PL\",\"@id\":\"https:\\\/\\\/shop.galvanina.com\\\/pl\\\/#\\\/schema\\\/logo\\\/image\\\/\",\"url\":\"https:\\\/\\\/shop.galvanina.com\\\/pl\\\/wp-content\\\/uploads\\\/sites\\\/2\\\/2023\\\/03\\\/GALVANINA-POLAND-e1689269161338.png\",\"contentUrl\":\"https:\\\/\\\/shop.galvanina.com\\\/pl\\\/wp-content\\\/uploads\\\/sites\\\/2\\\/2023\\\/03\\\/GALVANINA-POLAND-e1689269161338.png\",\"width\":500,\"height\":160,\"caption\":\"Galvanina Poland\"},\"image\":{\"@id\":\"https:\\\/\\\/shop.galvanina.com\\\/pl\\\/#\\\/schema\\\/logo\\\/image\\\/\"}}]}<\/script>\n<!-- \/ Yoast SEO plugin. -->","yoast_head_json":{"title":"Cola Bio - Bevande Biologiche | La migliore Cola Bio","description":"Od\u015bwie\u017caj\u0105ca przez wszystkie pory roku, pasuj\u0105ca do ka\u017cdej kuchni, doskona\u0142a na chwil\u0119 przyjemno\u015bci, samemu lub w towarzystwie, idealna do pizzy.","robots":{"index":"index","follow":"follow","max-snippet":"max-snippet:-1","max-image-preview":"max-image-preview:large","max-video-preview":"max-video-preview:-1"},"canonical":"https:\/\/shop.galvanina.com\/pl\/prodotto\/cola\/","og_locale":"pl_PL","og_type":"article","og_title":"Cola Bio - Bevande Biologiche | La migliore Cola Bio","og_description":"Od\u015bwie\u017caj\u0105ca przez wszystkie pory roku, pasuj\u0105ca do ka\u017cdej kuchni, doskona\u0142a na chwil\u0119 przyjemno\u015bci, samemu lub w towarzystwie, idealna do pizzy.","og_url":"https:\/\/shop.galvanina.com\/pl\/prodotto\/cola\/","og_site_name":"Galvanina Poland","article_modified_time":"2023-11-23T10:55:10+00:00","og_image":[{"width":810,"height":810,"url":"https:\/\/shop.galvanina.com\/pl\/wp-content\/uploads\/sites\/2\/2020\/11\/cola-1.jpg","type":"image\/jpeg"}],"twitter_card":"summary_large_image","twitter_misc":{"Szacowany czas czytania":"2 minuty"},"schema":{"@context":"https:\/\/schema.org","@graph":[{"@type":"WebPage","@id":"https:\/\/shop.galvanina.com\/pl\/prodotto\/cola\/","url":"https:\/\/shop.galvanina.com\/pl\/prodotto\/cola\/","name":"Cola Bio - Bevande Biologiche | La migliore Cola Bio","isPartOf":{"@id":"https:\/\/shop.galvanina.com\/pl\/#website"},"primaryImageOfPage":{"@id":"https:\/\/shop.galvanina.com\/pl\/prodotto\/cola\/#primaryimage"},"image":{"@id":"https:\/\/shop.galvanina.com\/pl\/prodotto\/cola\/#primaryimage"},"thumbnailUrl":"https:\/\/shop.galvanina.com\/pl\/wp-content\/uploads\/sites\/2\/2020\/11\/cola-1.jpg","datePublished":"2020-11-26T13:31:24+00:00","dateModified":"2023-11-23T10:55:10+00:00","description":"Od\u015bwie\u017caj\u0105ca przez wszystkie pory roku, pasuj\u0105ca do ka\u017cdej kuchni, doskona\u0142a na chwil\u0119 przyjemno\u015bci, samemu lub w towarzystwie, idealna do pizzy.","breadcrumb":{"@id":"https:\/\/shop.galvanina.com\/pl\/prodotto\/cola\/#breadcrumb"},"inLanguage":"pl-PL","potentialAction":[{"@type":"ReadAction","target":["https:\/\/shop.galvanina.com\/pl\/prodotto\/cola\/"]}]},{"@type":"ImageObject","inLanguage":"pl-PL","@id":"https:\/\/shop.galvanina.com\/pl\/prodotto\/cola\/#primaryimage","url":"https:\/\/shop.galvanina.com\/pl\/wp-content\/uploads\/sites\/2\/2020\/11\/cola-1.jpg","contentUrl":"https:\/\/shop.galvanina.com\/pl\/wp-content\/uploads\/sites\/2\/2020\/11\/cola-1.jpg","width":810,"height":810},{"@type":"BreadcrumbList","@id":"https:\/\/shop.galvanina.com\/pl\/prodotto\/cola\/#breadcrumb","itemListElement":[{"@type":"ListItem","position":1,"name":"Home","item":"https:\/\/shop.galvanina.com\/pl\/"},{"@type":"ListItem","position":2,"name":"Sklep","item":"https:\/\/shop.galvanina.com\/pl\/"},{"@type":"ListItem","position":3,"name":"Cola Bio"}]},{"@type":"WebSite","@id":"https:\/\/shop.galvanina.com\/pl\/#website","url":"https:\/\/shop.galvanina.com\/pl\/","name":"Galvanina Poland","description":"Kup Nasze produkty online","publisher":{"@id":"https:\/\/shop.galvanina.com\/pl\/#organization"},"potentialAction":[{"@type":"SearchAction","target":{"@type":"EntryPoint","urlTemplate":"https:\/\/shop.galvanina.com\/pl\/?s={search_term_string}"},"query-input":{"@type":"PropertyValueSpecification","valueRequired":true,"valueName":"search_term_string"}}],"inLanguage":"pl-PL"},{"@type":"Organization","@id":"https:\/\/shop.galvanina.com\/pl\/#organization","name":"Galvanina Poland","url":"https:\/\/shop.galvanina.com\/pl\/","logo":{"@type":"ImageObject","inLanguage":"pl-PL","@id":"https:\/\/shop.galvanina.com\/pl\/#\/schema\/logo\/image\/","url":"https:\/\/shop.galvanina.com\/pl\/wp-content\/uploads\/sites\/2\/2023\/03\/GALVANINA-POLAND-e1689269161338.png","contentUrl":"https:\/\/shop.galvanina.com\/pl\/wp-content\/uploads\/sites\/2\/2023\/03\/GALVANINA-POLAND-e1689269161338.png","width":500,"height":160,"caption":"Galvanina Poland"},"image":{"@id":"https:\/\/shop.galvanina.com\/pl\/#\/schema\/logo\/image\/"}}]}},"_links":{"self":[{"href":"https:\/\/shop.galvanina.com\/pl\/wp-json\/wp\/v2\/product\/281","targetHints":{"allow":["GET"]}}],"collection":[{"href":"https:\/\/shop.galvanina.com\/pl\/wp-json\/wp\/v2\/product"}],"about":[{"href":"https:\/\/shop.galvanina.com\/pl\/wp-json\/wp\/v2\/types\/product"}],"wp:featuredmedia":[{"embeddable":true,"href":"https:\/\/shop.galvanina.com\/pl\/wp-json\/wp\/v2\/media\/3348"}],"wp:attachment":[{"href":"https:\/\/shop.galvanina.com\/pl\/wp-json\/wp\/v2\/media?parent=281"}],"wp:term":[{"taxonomy":"product_brand","embeddable":true,"href":"https:\/\/shop.galvanina.com\/pl\/wp-json\/wp\/v2\/product_brand?post=281"},{"taxonomy":"product_cat","embeddable":true,"href":"https:\/\/shop.galvanina.com\/pl\/wp-json\/wp\/v2\/product_cat?post=281"},{"taxonomy":"product_tag","embeddable":true,"href":"https:\/\/shop.galvanina.com\/pl\/wp-json\/wp\/v2\/product_tag?post=281"}],"curies":[{"name":"wp","href":"https:\/\/api.w.org\/{rel}","templated":true}]}}