{"id":282,"date":"2020-11-26T14:42:07","date_gmt":"2020-11-26T13:42:07","guid":{"rendered":"https:\/\/shop.galvanina.com\/pl\/?post_type=product&#038;p=282"},"modified":"2026-05-01T14:45:19","modified_gmt":"2026-05-01T12:45:19","slug":"cola-zero","status":"publish","type":"product","link":"https:\/\/shop.galvanina.com\/pl\/prodotto\/cola-zero\/","title":{"rendered":"Cola Zero"},"content":{"rendered":"<h2>Cola Zero: nasza cola, ale bez kalorii<\/h2>\n<p>Nasze kole s\u0105 unikalne na tle napoj\u00f3w. Doceniane na ca\u0142ym \u015bwiecie za ich smak i jako\u015b\u0107 organiczn\u0105. Cola Zero zosta\u0142a stworzona, aby zaspokoi\u0107 pragnienie napoju o zerowej zawarto\u015bci kalorii, nie rezygnuj\u0105c z przyjemno\u015bci najbardziej klasycznego sodawateru.<\/p>\n<p>Tworzymy t\u0119 col\u0119 z wyci\u0105gu z orzech\u00f3w koli, ro\u015bliny pochodz\u0105cej z zachodniej Afryki, nale\u017c\u0105cej do tej samej rodziny co kakao. W Afryce orzechy koli s\u0105 tradycyjnie \u017cute podczas obrz\u0119d\u00f3w spo\u0142ecznych i religijnych, lub wydarze\u0144 o wysokiej warto\u015bci symbolicznej.<\/p>\n<p>Cola Zero Galvanina to s\u0142odzona wersja naszej s\u0142ynnej <a href=\"https:\/\/shop.galvanina.com\/pl\/prodotto\/cola\/\" target=\"_blank\" rel=\"noopener noreferrer\">Coca-Cola Bio<\/a>, kt\u00f3ra do\u0142\u0105cza do <a href=\"https:\/\/shop.galvanina.com\/pl\/prodotto\/cola-ginger\/\" target=\"_blank\" rel=\"noopener noreferrer\">Cola Ginger<\/a>, aby uzupe\u0142ni\u0107 gam\u0119 produkt\u00f3w Cola Galvanina. Cola to synonim orze\u017awienia, aby w pe\u0142ni si\u0119 ni\u0105 cieszy\u0107, spo\u017cywaj j\u0105 bardzo sch\u0142odzon\u0105, podczas posi\u0142k\u00f3w lub poza nimi. To nap\u00f3j na ka\u017cd\u0105 chwil\u0119 i okazj\u0119, a w domu jest jak as, kt\u00f3ry mo\u017cesz wykorzysta\u0107 w ka\u017cdej sytuacji.<\/p>\n<p>Je\u015bli chodzi o koktajlologi\u0119, kole s\u0105 typowo u\u017cywane w long drinkach: z pewno\u015bci\u0105 najbardziej znanym jest <a href=\"https:\/\/www.galvanina.com\/cocktail\/cola-libre\/\" target=\"_blank\" rel=\"noopener noreferrer\">Cuba Libre<\/a>, ale whisky z col\u0105 na obszarze Morza \u015ar\u00f3dziemnego jest prawdopodobnie drugie tylko po gin tonicu. Jednak nap\u00f3j ma tak\u017ce swoje w\u0142asne koktajle, kt\u00f3re oczywi\u015bcie wywodz\u0105 si\u0119 z historycznego zwi\u0105zku mi\u0119dzy kategori\u0105 a rumem. Z pewno\u015bci\u0105 wyr\u00f3\u017cnia si\u0119 dwa koktajle: pierwszy zawiera jako podstawowy sk\u0142adnik rum z Trynidadu i Tobago z macerowanymi li\u015b\u0107mi czarnej herbaty i Cola Zero, kt\u00f3ra r\u00f3wnowa\u017cy rozleg\u0142y bukiet li\u015bci w destylacie. Drugi natomiast wykorzystuje rum aromatyzowany kokosem, \u015bwie\u017cy imbir i kolendr\u0119 oraz col\u0119 zero, kt\u00f3ra \u0142\u0105czy r\u00f3\u017cne sk\u0142adniki, tworz\u0105c egzotyczny, s\u0142odki smak z lekkim odcieniem pikantno\u015bci.<\/p>\n<p><span style=\"text-decoration: underline\">Mixability<\/span>: Idealna do mieszania z &#8222;z\u0142otymi&#8221; destylatami.<br \/>\nDoskona\u0142a do mieszania klasycznych i long drink\u00f3w.<\/p>\n","protected":false},"excerpt":{"rendered":"<p>Cola Zero: nasza cola, ale bez kalorii Nasze kole s\u0105 unikalne na tle napoj\u00f3w. Doceniane na ca\u0142ym \u015bwiecie za ich smak i jako\u015b\u0107 organiczn\u0105. Cola Zero zosta\u0142a stworzona, aby zaspokoi\u0107 pragnienie napoju o zerowej zawarto\u015bci kalorii, nie rezygnuj\u0105c z przyjemno\u015bci najbardziej klasycznego sodawateru. Tworzymy t\u0119 col\u0119 z wyci\u0105gu z orzech\u00f3w koli, ro\u015bliny pochodz\u0105cej z zachodniej [&hellip;]<\/p>\n","protected":false},"featured_media":3916,"template":"","meta":{"_acf_changed":false,"inline_featured_image":false},"product_brand":[],"product_cat":[18,19],"product_tag":[],"class_list":{"0":"post-282","1":"product","2":"type-product","3":"status-publish","4":"has-post-thumbnail","6":"product_cat-cola-galvanina","7":"product_cat-bibite-biologiche","9":"first","10":"instock","11":"taxable","12":"shipping-taxable","13":"purchasable","14":"product-type-simple"},"acf":[],"yoast_head":"<!-- This site is optimized with the Yoast SEO plugin v27.3 - https:\/\/yoast.com\/product\/yoast-seo-wordpress\/ -->\n<title>Cola Zero - La migliore Cola nel mercato delle artigianali<\/title>\n<meta name=\"description\" content=\"La Cola Zero della Galvanina, la versione senza zuccheri e senza calorie della famosa bevanda americana. Ideale per tutti i giorni.\" \/>\n<meta name=\"robots\" content=\"index, follow, max-snippet:-1, max-image-preview:large, max-video-preview:-1\" \/>\n<link rel=\"canonical\" href=\"https:\/\/shop.galvanina.com\/pl\/prodotto\/cola-zero\/\" \/>\n<meta property=\"og:locale\" content=\"pl_PL\" \/>\n<meta property=\"og:type\" content=\"article\" \/>\n<meta property=\"og:title\" content=\"Cola Zero - La migliore Cola nel mercato delle artigianali\" \/>\n<meta property=\"og:description\" content=\"La Cola Zero della Galvanina, la versione senza zuccheri e senza calorie della famosa bevanda americana. Ideale per tutti i giorni.\" \/>\n<meta property=\"og:url\" content=\"https:\/\/shop.galvanina.com\/pl\/prodotto\/cola-zero\/\" \/>\n<meta property=\"og:site_name\" content=\"Galvanina Poland\" \/>\n<meta property=\"article:modified_time\" content=\"2026-05-01T12:45:19+00:00\" \/>\n<meta property=\"og:image\" content=\"https:\/\/shop.galvanina.com\/pl\/wp-content\/uploads\/sites\/2\/2020\/11\/Cola-Zero-355.png\" \/>\n\t<meta property=\"og:image:width\" content=\"700\" \/>\n\t<meta property=\"og:image:height\" content=\"700\" \/>\n\t<meta property=\"og:image:type\" content=\"image\/png\" \/>\n<meta name=\"twitter:card\" content=\"summary_large_image\" \/>\n<meta name=\"twitter:label1\" content=\"Szacowany czas czytania\" \/>\n\t<meta name=\"twitter:data1\" content=\"2 minuty\" \/>\n<script type=\"application\/ld+json\" class=\"yoast-schema-graph\">{\"@context\":\"https:\\\/\\\/schema.org\",\"@graph\":[{\"@type\":\"WebPage\",\"@id\":\"https:\\\/\\\/shop.galvanina.com\\\/pl\\\/prodotto\\\/cola-zero\\\/\",\"url\":\"https:\\\/\\\/shop.galvanina.com\\\/pl\\\/prodotto\\\/cola-zero\\\/\",\"name\":\"Cola Zero - La migliore Cola nel mercato delle artigianali\",\"isPartOf\":{\"@id\":\"https:\\\/\\\/shop.galvanina.com\\\/pl\\\/#website\"},\"primaryImageOfPage\":{\"@id\":\"https:\\\/\\\/shop.galvanina.com\\\/pl\\\/prodotto\\\/cola-zero\\\/#primaryimage\"},\"image\":{\"@id\":\"https:\\\/\\\/shop.galvanina.com\\\/pl\\\/prodotto\\\/cola-zero\\\/#primaryimage\"},\"thumbnailUrl\":\"https:\\\/\\\/shop.galvanina.com\\\/pl\\\/wp-content\\\/uploads\\\/sites\\\/2\\\/2020\\\/11\\\/Cola-Zero-355.png\",\"datePublished\":\"2020-11-26T13:42:07+00:00\",\"dateModified\":\"2026-05-01T12:45:19+00:00\",\"description\":\"La Cola Zero della Galvanina, la versione senza zuccheri e senza calorie della famosa bevanda americana. Ideale per tutti i giorni.\",\"breadcrumb\":{\"@id\":\"https:\\\/\\\/shop.galvanina.com\\\/pl\\\/prodotto\\\/cola-zero\\\/#breadcrumb\"},\"inLanguage\":\"pl-PL\",\"potentialAction\":[{\"@type\":\"ReadAction\",\"target\":[\"https:\\\/\\\/shop.galvanina.com\\\/pl\\\/prodotto\\\/cola-zero\\\/\"]}]},{\"@type\":\"ImageObject\",\"inLanguage\":\"pl-PL\",\"@id\":\"https:\\\/\\\/shop.galvanina.com\\\/pl\\\/prodotto\\\/cola-zero\\\/#primaryimage\",\"url\":\"https:\\\/\\\/shop.galvanina.com\\\/pl\\\/wp-content\\\/uploads\\\/sites\\\/2\\\/2020\\\/11\\\/Cola-Zero-355.png\",\"contentUrl\":\"https:\\\/\\\/shop.galvanina.com\\\/pl\\\/wp-content\\\/uploads\\\/sites\\\/2\\\/2020\\\/11\\\/Cola-Zero-355.png\",\"width\":700,\"height\":700,\"caption\":\"Galvanina Cola Zero.\"},{\"@type\":\"BreadcrumbList\",\"@id\":\"https:\\\/\\\/shop.galvanina.com\\\/pl\\\/prodotto\\\/cola-zero\\\/#breadcrumb\",\"itemListElement\":[{\"@type\":\"ListItem\",\"position\":1,\"name\":\"Home\",\"item\":\"https:\\\/\\\/shop.galvanina.com\\\/pl\\\/\"},{\"@type\":\"ListItem\",\"position\":2,\"name\":\"Sklep\",\"item\":\"https:\\\/\\\/shop.galvanina.com\\\/pl\\\/\"},{\"@type\":\"ListItem\",\"position\":3,\"name\":\"Cola Zero\"}]},{\"@type\":\"WebSite\",\"@id\":\"https:\\\/\\\/shop.galvanina.com\\\/pl\\\/#website\",\"url\":\"https:\\\/\\\/shop.galvanina.com\\\/pl\\\/\",\"name\":\"Galvanina Poland\",\"description\":\"Kup Nasze produkty online\",\"publisher\":{\"@id\":\"https:\\\/\\\/shop.galvanina.com\\\/pl\\\/#organization\"},\"potentialAction\":[{\"@type\":\"SearchAction\",\"target\":{\"@type\":\"EntryPoint\",\"urlTemplate\":\"https:\\\/\\\/shop.galvanina.com\\\/pl\\\/?s={search_term_string}\"},\"query-input\":{\"@type\":\"PropertyValueSpecification\",\"valueRequired\":true,\"valueName\":\"search_term_string\"}}],\"inLanguage\":\"pl-PL\"},{\"@type\":\"Organization\",\"@id\":\"https:\\\/\\\/shop.galvanina.com\\\/pl\\\/#organization\",\"name\":\"Galvanina Poland\",\"url\":\"https:\\\/\\\/shop.galvanina.com\\\/pl\\\/\",\"logo\":{\"@type\":\"ImageObject\",\"inLanguage\":\"pl-PL\",\"@id\":\"https:\\\/\\\/shop.galvanina.com\\\/pl\\\/#\\\/schema\\\/logo\\\/image\\\/\",\"url\":\"https:\\\/\\\/shop.galvanina.com\\\/pl\\\/wp-content\\\/uploads\\\/sites\\\/2\\\/2023\\\/03\\\/GALVANINA-POLAND-e1689269161338.png\",\"contentUrl\":\"https:\\\/\\\/shop.galvanina.com\\\/pl\\\/wp-content\\\/uploads\\\/sites\\\/2\\\/2023\\\/03\\\/GALVANINA-POLAND-e1689269161338.png\",\"width\":500,\"height\":160,\"caption\":\"Galvanina Poland\"},\"image\":{\"@id\":\"https:\\\/\\\/shop.galvanina.com\\\/pl\\\/#\\\/schema\\\/logo\\\/image\\\/\"}}]}<\/script>\n<!-- \/ Yoast SEO plugin. -->","yoast_head_json":{"title":"Cola Zero - La migliore Cola nel mercato delle artigianali","description":"La Cola Zero della Galvanina, la versione senza zuccheri e senza calorie della famosa bevanda americana. Ideale per tutti i giorni.","robots":{"index":"index","follow":"follow","max-snippet":"max-snippet:-1","max-image-preview":"max-image-preview:large","max-video-preview":"max-video-preview:-1"},"canonical":"https:\/\/shop.galvanina.com\/pl\/prodotto\/cola-zero\/","og_locale":"pl_PL","og_type":"article","og_title":"Cola Zero - La migliore Cola nel mercato delle artigianali","og_description":"La Cola Zero della Galvanina, la versione senza zuccheri e senza calorie della famosa bevanda americana. Ideale per tutti i giorni.","og_url":"https:\/\/shop.galvanina.com\/pl\/prodotto\/cola-zero\/","og_site_name":"Galvanina Poland","article_modified_time":"2026-05-01T12:45:19+00:00","og_image":[{"width":700,"height":700,"url":"https:\/\/shop.galvanina.com\/pl\/wp-content\/uploads\/sites\/2\/2020\/11\/Cola-Zero-355.png","type":"image\/png"}],"twitter_card":"summary_large_image","twitter_misc":{"Szacowany czas czytania":"2 minuty"},"schema":{"@context":"https:\/\/schema.org","@graph":[{"@type":"WebPage","@id":"https:\/\/shop.galvanina.com\/pl\/prodotto\/cola-zero\/","url":"https:\/\/shop.galvanina.com\/pl\/prodotto\/cola-zero\/","name":"Cola Zero - La migliore Cola nel mercato delle artigianali","isPartOf":{"@id":"https:\/\/shop.galvanina.com\/pl\/#website"},"primaryImageOfPage":{"@id":"https:\/\/shop.galvanina.com\/pl\/prodotto\/cola-zero\/#primaryimage"},"image":{"@id":"https:\/\/shop.galvanina.com\/pl\/prodotto\/cola-zero\/#primaryimage"},"thumbnailUrl":"https:\/\/shop.galvanina.com\/pl\/wp-content\/uploads\/sites\/2\/2020\/11\/Cola-Zero-355.png","datePublished":"2020-11-26T13:42:07+00:00","dateModified":"2026-05-01T12:45:19+00:00","description":"La Cola Zero della Galvanina, la versione senza zuccheri e senza calorie della famosa bevanda americana. Ideale per tutti i giorni.","breadcrumb":{"@id":"https:\/\/shop.galvanina.com\/pl\/prodotto\/cola-zero\/#breadcrumb"},"inLanguage":"pl-PL","potentialAction":[{"@type":"ReadAction","target":["https:\/\/shop.galvanina.com\/pl\/prodotto\/cola-zero\/"]}]},{"@type":"ImageObject","inLanguage":"pl-PL","@id":"https:\/\/shop.galvanina.com\/pl\/prodotto\/cola-zero\/#primaryimage","url":"https:\/\/shop.galvanina.com\/pl\/wp-content\/uploads\/sites\/2\/2020\/11\/Cola-Zero-355.png","contentUrl":"https:\/\/shop.galvanina.com\/pl\/wp-content\/uploads\/sites\/2\/2020\/11\/Cola-Zero-355.png","width":700,"height":700,"caption":"Galvanina Cola Zero."},{"@type":"BreadcrumbList","@id":"https:\/\/shop.galvanina.com\/pl\/prodotto\/cola-zero\/#breadcrumb","itemListElement":[{"@type":"ListItem","position":1,"name":"Home","item":"https:\/\/shop.galvanina.com\/pl\/"},{"@type":"ListItem","position":2,"name":"Sklep","item":"https:\/\/shop.galvanina.com\/pl\/"},{"@type":"ListItem","position":3,"name":"Cola Zero"}]},{"@type":"WebSite","@id":"https:\/\/shop.galvanina.com\/pl\/#website","url":"https:\/\/shop.galvanina.com\/pl\/","name":"Galvanina Poland","description":"Kup Nasze produkty online","publisher":{"@id":"https:\/\/shop.galvanina.com\/pl\/#organization"},"potentialAction":[{"@type":"SearchAction","target":{"@type":"EntryPoint","urlTemplate":"https:\/\/shop.galvanina.com\/pl\/?s={search_term_string}"},"query-input":{"@type":"PropertyValueSpecification","valueRequired":true,"valueName":"search_term_string"}}],"inLanguage":"pl-PL"},{"@type":"Organization","@id":"https:\/\/shop.galvanina.com\/pl\/#organization","name":"Galvanina Poland","url":"https:\/\/shop.galvanina.com\/pl\/","logo":{"@type":"ImageObject","inLanguage":"pl-PL","@id":"https:\/\/shop.galvanina.com\/pl\/#\/schema\/logo\/image\/","url":"https:\/\/shop.galvanina.com\/pl\/wp-content\/uploads\/sites\/2\/2023\/03\/GALVANINA-POLAND-e1689269161338.png","contentUrl":"https:\/\/shop.galvanina.com\/pl\/wp-content\/uploads\/sites\/2\/2023\/03\/GALVANINA-POLAND-e1689269161338.png","width":500,"height":160,"caption":"Galvanina Poland"},"image":{"@id":"https:\/\/shop.galvanina.com\/pl\/#\/schema\/logo\/image\/"}}]}},"_links":{"self":[{"href":"https:\/\/shop.galvanina.com\/pl\/wp-json\/wp\/v2\/product\/282","targetHints":{"allow":["GET"]}}],"collection":[{"href":"https:\/\/shop.galvanina.com\/pl\/wp-json\/wp\/v2\/product"}],"about":[{"href":"https:\/\/shop.galvanina.com\/pl\/wp-json\/wp\/v2\/types\/product"}],"wp:featuredmedia":[{"embeddable":true,"href":"https:\/\/shop.galvanina.com\/pl\/wp-json\/wp\/v2\/media\/3916"}],"wp:attachment":[{"href":"https:\/\/shop.galvanina.com\/pl\/wp-json\/wp\/v2\/media?parent=282"}],"wp:term":[{"taxonomy":"product_brand","embeddable":true,"href":"https:\/\/shop.galvanina.com\/pl\/wp-json\/wp\/v2\/product_brand?post=282"},{"taxonomy":"product_cat","embeddable":true,"href":"https:\/\/shop.galvanina.com\/pl\/wp-json\/wp\/v2\/product_cat?post=282"},{"taxonomy":"product_tag","embeddable":true,"href":"https:\/\/shop.galvanina.com\/pl\/wp-json\/wp\/v2\/product_tag?post=282"}],"curies":[{"name":"wp","href":"https:\/\/api.w.org\/{rel}","templated":true}]}}