{"id":283,"date":"2020-11-26T14:48:09","date_gmt":"2020-11-26T13:48:09","guid":{"rendered":"https:\/\/shop.galvanina.com\/pl\/?post_type=product&#038;p=283"},"modified":"2026-01-13T09:48:32","modified_gmt":"2026-01-13T08:48:32","slug":"organiczna-musujaca-pomarancza","status":"publish","type":"product","link":"https:\/\/shop.galvanina.com\/pl\/prodotto\/organiczna-musujaca-pomarancza\/","title":{"rendered":"Organiczna Pomara\u0144cza"},"content":{"rendered":"<h2>Galvanina Musuj\u0105ca Lemoniada z Pomara\u0144czy: Autentyczny \u0142yk Sycylii<\/h2>\n<p>Pocz\u0105tkowo pochodz\u0105ca z po\u0142udniowo-wschodniej Azji, Pomara\u0144cza zosta\u0142a przywieziona do Basenu Morza \u015ar\u00f3dziemnego przez portugalskich kupc\u00f3w handluj\u0105cych na jedwabnym szlaku. Jednak g\u0142\u00f3wnym sk\u0142adnikiem Aranciata Galvanina s\u0105 tylko ekologiczne Blond Oranges z Sycylii, kt\u00f3re nadaj\u0105 jej intensywny smak i wyrazisty charakter. Nasza wyr\u00f3\u017cnia si\u0119 r\u00f3wnie\u017c dojrza\u0142ym akcentem, nadanym przez mi\u0105\u017csz cytrusowy. Jest to zatem orze\u017awiaj\u0105cy produkt letni, idealny do posi\u0142k\u00f3w przez ca\u0142y rok, ale r\u00f3wnie\u017c tradycyjny sk\u0142adnik koktajli i long drink\u00f3w.<\/p>\n<p>Nasi eksperci od koktajli polecaj\u0105 aranciat\u0119 w wersji <a href=\"https:\/\/www.galvanina.com\/cocktail\/mocktail-tuesday\/\" target=\"_blank\" rel=\"noopener noreferrer\">mocktail<\/a>. Mo\u017ce by\u0107 r\u00f3wnie\u017c mieszana z ameryka\u0144sk\u0105 whisky i ozdobiona ga\u0142\u0105zk\u0105 rozmarynu jako orze\u017awiaj\u0105cy koktajl na wszystkie <a href=\"https:\/\/www.galvanina.com\/cocktail\/blonder-summer\/\" target=\"_blank\" rel=\"noopener noreferrer\">pory roku<\/a>. Oczywi\u015bcie aranciata jest r\u00f3wnie\u017c sk\u0142adnikiem wielu letnich koktajli pla\u017cowych i basenowych.<\/p>\n<p>Dla mi\u0142o\u015bnik\u00f3w rzemie\u015blniczych piw lub bardziej wyrafinowanych receptur <em>ale<\/em>, mo\u017cna j\u0105 u\u017cy\u0107 zamiast <a href=\"https:\/\/shop.galvanina.com\/pl\/prodotto\/gassosa\/\" target=\"_blank\" rel=\"noopener noreferrer\">Gassosa<\/a>, jako odmiany Radlera lub po prostu &#8222;Bicicletta&#8221;, jak si\u0119 j\u0105 nazywa w Emilia-Romanii!<\/p>\n<p><span style=\"text-decoration: underline\">Wra\u017cenie zapachowe<\/span>: Pocz\u0105tkowo delikatne, ale intensywne w posmaku.<\/p>\n<p><span style=\"text-decoration: underline\">Mixability<\/span>: Idealna do mieszania z &#8222;bia\u0142ymi&#8221; destylatami, aperitifami i likierami. Doskona\u0142a do mieszania klasycznych aperitif\u00f3w i long drink\u00f3w.<\/p>\n","protected":false},"excerpt":{"rendered":"<p>Jednak g\u0142\u00f3wnym sk\u0142adnikiem Aranciata Galvanina s\u0105 tylko ekologiczne Blond Oranges z Sycylii, kt\u00f3re nadaj\u0105 jej intensywny smak i wyrazisty charakter.<\/p>\n","protected":false},"featured_media":3347,"template":"","meta":{"_acf_changed":false,"inline_featured_image":false},"product_brand":[],"product_cat":[20],"product_tag":[],"class_list":{"0":"post-283","1":"product","2":"type-product","3":"status-publish","4":"has-post-thumbnail","6":"product_cat-soft-drinks-frutta-bio","8":"first","9":"instock","10":"taxable","11":"shipping-taxable","12":"purchasable","13":"product-type-simple"},"acf":[],"yoast_head":"<!-- This site is optimized with the Yoast SEO plugin v27.3 - https:\/\/yoast.com\/product\/yoast-seo-wordpress\/ -->\n<title>Organiczna Pomara\u0144cza - Blond Oranges z Sycylii<\/title>\n<meta name=\"description\" content=\"Jednak g\u0142\u00f3wnym sk\u0142adnikiem Organiczna pomara\u0144cza Galvanina s\u0105 tylko ekologiczne Blond Oranges z Sycylii\" \/>\n<meta name=\"robots\" content=\"index, follow, max-snippet:-1, max-image-preview:large, max-video-preview:-1\" \/>\n<link rel=\"canonical\" href=\"https:\/\/shop.galvanina.com\/pl\/prodotto\/organiczna-musujaca-pomarancza\/\" \/>\n<meta property=\"og:locale\" content=\"pl_PL\" \/>\n<meta property=\"og:type\" content=\"article\" \/>\n<meta property=\"og:title\" content=\"Organiczna Pomara\u0144cza - Blond Oranges z Sycylii\" \/>\n<meta property=\"og:description\" content=\"Jednak g\u0142\u00f3wnym sk\u0142adnikiem Organiczna pomara\u0144cza Galvanina s\u0105 tylko ekologiczne Blond Oranges z Sycylii\" \/>\n<meta property=\"og:url\" content=\"https:\/\/shop.galvanina.com\/pl\/prodotto\/organiczna-musujaca-pomarancza\/\" \/>\n<meta property=\"og:site_name\" content=\"Galvanina Poland\" \/>\n<meta property=\"article:modified_time\" content=\"2026-01-13T08:48:32+00:00\" \/>\n<meta property=\"og:image\" content=\"https:\/\/shop.galvanina.com\/pl\/wp-content\/uploads\/sites\/2\/2020\/11\/pomarancza.jpg\" \/>\n\t<meta property=\"og:image:width\" content=\"810\" \/>\n\t<meta property=\"og:image:height\" content=\"810\" \/>\n\t<meta property=\"og:image:type\" content=\"image\/jpeg\" \/>\n<meta name=\"twitter:card\" content=\"summary_large_image\" \/>\n<meta name=\"twitter:label1\" content=\"Szacowany czas czytania\" \/>\n\t<meta name=\"twitter:data1\" content=\"2 minuty\" \/>\n<script type=\"application\/ld+json\" class=\"yoast-schema-graph\">{\"@context\":\"https:\\\/\\\/schema.org\",\"@graph\":[{\"@type\":\"WebPage\",\"@id\":\"https:\\\/\\\/shop.galvanina.com\\\/pl\\\/prodotto\\\/organiczna-musujaca-pomarancza\\\/\",\"url\":\"https:\\\/\\\/shop.galvanina.com\\\/pl\\\/prodotto\\\/organiczna-musujaca-pomarancza\\\/\",\"name\":\"Organiczna Pomara\u0144cza - Blond Oranges z Sycylii\",\"isPartOf\":{\"@id\":\"https:\\\/\\\/shop.galvanina.com\\\/pl\\\/#website\"},\"primaryImageOfPage\":{\"@id\":\"https:\\\/\\\/shop.galvanina.com\\\/pl\\\/prodotto\\\/organiczna-musujaca-pomarancza\\\/#primaryimage\"},\"image\":{\"@id\":\"https:\\\/\\\/shop.galvanina.com\\\/pl\\\/prodotto\\\/organiczna-musujaca-pomarancza\\\/#primaryimage\"},\"thumbnailUrl\":\"https:\\\/\\\/shop.galvanina.com\\\/pl\\\/wp-content\\\/uploads\\\/sites\\\/2\\\/2020\\\/11\\\/pomarancza.jpg\",\"datePublished\":\"2020-11-26T13:48:09+00:00\",\"dateModified\":\"2026-01-13T08:48:32+00:00\",\"description\":\"Jednak g\u0142\u00f3wnym sk\u0142adnikiem Organiczna pomara\u0144cza Galvanina s\u0105 tylko ekologiczne Blond Oranges z Sycylii\",\"breadcrumb\":{\"@id\":\"https:\\\/\\\/shop.galvanina.com\\\/pl\\\/prodotto\\\/organiczna-musujaca-pomarancza\\\/#breadcrumb\"},\"inLanguage\":\"pl-PL\",\"potentialAction\":[{\"@type\":\"ReadAction\",\"target\":[\"https:\\\/\\\/shop.galvanina.com\\\/pl\\\/prodotto\\\/organiczna-musujaca-pomarancza\\\/\"]}]},{\"@type\":\"ImageObject\",\"inLanguage\":\"pl-PL\",\"@id\":\"https:\\\/\\\/shop.galvanina.com\\\/pl\\\/prodotto\\\/organiczna-musujaca-pomarancza\\\/#primaryimage\",\"url\":\"https:\\\/\\\/shop.galvanina.com\\\/pl\\\/wp-content\\\/uploads\\\/sites\\\/2\\\/2020\\\/11\\\/pomarancza.jpg\",\"contentUrl\":\"https:\\\/\\\/shop.galvanina.com\\\/pl\\\/wp-content\\\/uploads\\\/sites\\\/2\\\/2020\\\/11\\\/pomarancza.jpg\",\"width\":810,\"height\":810},{\"@type\":\"BreadcrumbList\",\"@id\":\"https:\\\/\\\/shop.galvanina.com\\\/pl\\\/prodotto\\\/organiczna-musujaca-pomarancza\\\/#breadcrumb\",\"itemListElement\":[{\"@type\":\"ListItem\",\"position\":1,\"name\":\"Home\",\"item\":\"https:\\\/\\\/shop.galvanina.com\\\/pl\\\/\"},{\"@type\":\"ListItem\",\"position\":2,\"name\":\"Sklep\",\"item\":\"https:\\\/\\\/shop.galvanina.com\\\/pl\\\/\"},{\"@type\":\"ListItem\",\"position\":3,\"name\":\"Organiczna Pomara\u0144cza\"}]},{\"@type\":\"WebSite\",\"@id\":\"https:\\\/\\\/shop.galvanina.com\\\/pl\\\/#website\",\"url\":\"https:\\\/\\\/shop.galvanina.com\\\/pl\\\/\",\"name\":\"Galvanina Poland\",\"description\":\"Kup Nasze produkty online\",\"publisher\":{\"@id\":\"https:\\\/\\\/shop.galvanina.com\\\/pl\\\/#organization\"},\"potentialAction\":[{\"@type\":\"SearchAction\",\"target\":{\"@type\":\"EntryPoint\",\"urlTemplate\":\"https:\\\/\\\/shop.galvanina.com\\\/pl\\\/?s={search_term_string}\"},\"query-input\":{\"@type\":\"PropertyValueSpecification\",\"valueRequired\":true,\"valueName\":\"search_term_string\"}}],\"inLanguage\":\"pl-PL\"},{\"@type\":\"Organization\",\"@id\":\"https:\\\/\\\/shop.galvanina.com\\\/pl\\\/#organization\",\"name\":\"Galvanina Poland\",\"url\":\"https:\\\/\\\/shop.galvanina.com\\\/pl\\\/\",\"logo\":{\"@type\":\"ImageObject\",\"inLanguage\":\"pl-PL\",\"@id\":\"https:\\\/\\\/shop.galvanina.com\\\/pl\\\/#\\\/schema\\\/logo\\\/image\\\/\",\"url\":\"https:\\\/\\\/shop.galvanina.com\\\/pl\\\/wp-content\\\/uploads\\\/sites\\\/2\\\/2023\\\/03\\\/GALVANINA-POLAND-e1689269161338.png\",\"contentUrl\":\"https:\\\/\\\/shop.galvanina.com\\\/pl\\\/wp-content\\\/uploads\\\/sites\\\/2\\\/2023\\\/03\\\/GALVANINA-POLAND-e1689269161338.png\",\"width\":500,\"height\":160,\"caption\":\"Galvanina Poland\"},\"image\":{\"@id\":\"https:\\\/\\\/shop.galvanina.com\\\/pl\\\/#\\\/schema\\\/logo\\\/image\\\/\"}}]}<\/script>\n<!-- \/ Yoast SEO plugin. -->","yoast_head_json":{"title":"Organiczna Pomara\u0144cza - Blond Oranges z Sycylii","description":"Jednak g\u0142\u00f3wnym sk\u0142adnikiem Organiczna pomara\u0144cza Galvanina s\u0105 tylko ekologiczne Blond Oranges z Sycylii","robots":{"index":"index","follow":"follow","max-snippet":"max-snippet:-1","max-image-preview":"max-image-preview:large","max-video-preview":"max-video-preview:-1"},"canonical":"https:\/\/shop.galvanina.com\/pl\/prodotto\/organiczna-musujaca-pomarancza\/","og_locale":"pl_PL","og_type":"article","og_title":"Organiczna Pomara\u0144cza - Blond Oranges z Sycylii","og_description":"Jednak g\u0142\u00f3wnym sk\u0142adnikiem Organiczna pomara\u0144cza Galvanina s\u0105 tylko ekologiczne Blond Oranges z Sycylii","og_url":"https:\/\/shop.galvanina.com\/pl\/prodotto\/organiczna-musujaca-pomarancza\/","og_site_name":"Galvanina Poland","article_modified_time":"2026-01-13T08:48:32+00:00","og_image":[{"width":810,"height":810,"url":"https:\/\/shop.galvanina.com\/pl\/wp-content\/uploads\/sites\/2\/2020\/11\/pomarancza.jpg","type":"image\/jpeg"}],"twitter_card":"summary_large_image","twitter_misc":{"Szacowany czas czytania":"2 minuty"},"schema":{"@context":"https:\/\/schema.org","@graph":[{"@type":"WebPage","@id":"https:\/\/shop.galvanina.com\/pl\/prodotto\/organiczna-musujaca-pomarancza\/","url":"https:\/\/shop.galvanina.com\/pl\/prodotto\/organiczna-musujaca-pomarancza\/","name":"Organiczna Pomara\u0144cza - Blond Oranges z Sycylii","isPartOf":{"@id":"https:\/\/shop.galvanina.com\/pl\/#website"},"primaryImageOfPage":{"@id":"https:\/\/shop.galvanina.com\/pl\/prodotto\/organiczna-musujaca-pomarancza\/#primaryimage"},"image":{"@id":"https:\/\/shop.galvanina.com\/pl\/prodotto\/organiczna-musujaca-pomarancza\/#primaryimage"},"thumbnailUrl":"https:\/\/shop.galvanina.com\/pl\/wp-content\/uploads\/sites\/2\/2020\/11\/pomarancza.jpg","datePublished":"2020-11-26T13:48:09+00:00","dateModified":"2026-01-13T08:48:32+00:00","description":"Jednak g\u0142\u00f3wnym sk\u0142adnikiem Organiczna pomara\u0144cza Galvanina s\u0105 tylko ekologiczne Blond Oranges z Sycylii","breadcrumb":{"@id":"https:\/\/shop.galvanina.com\/pl\/prodotto\/organiczna-musujaca-pomarancza\/#breadcrumb"},"inLanguage":"pl-PL","potentialAction":[{"@type":"ReadAction","target":["https:\/\/shop.galvanina.com\/pl\/prodotto\/organiczna-musujaca-pomarancza\/"]}]},{"@type":"ImageObject","inLanguage":"pl-PL","@id":"https:\/\/shop.galvanina.com\/pl\/prodotto\/organiczna-musujaca-pomarancza\/#primaryimage","url":"https:\/\/shop.galvanina.com\/pl\/wp-content\/uploads\/sites\/2\/2020\/11\/pomarancza.jpg","contentUrl":"https:\/\/shop.galvanina.com\/pl\/wp-content\/uploads\/sites\/2\/2020\/11\/pomarancza.jpg","width":810,"height":810},{"@type":"BreadcrumbList","@id":"https:\/\/shop.galvanina.com\/pl\/prodotto\/organiczna-musujaca-pomarancza\/#breadcrumb","itemListElement":[{"@type":"ListItem","position":1,"name":"Home","item":"https:\/\/shop.galvanina.com\/pl\/"},{"@type":"ListItem","position":2,"name":"Sklep","item":"https:\/\/shop.galvanina.com\/pl\/"},{"@type":"ListItem","position":3,"name":"Organiczna Pomara\u0144cza"}]},{"@type":"WebSite","@id":"https:\/\/shop.galvanina.com\/pl\/#website","url":"https:\/\/shop.galvanina.com\/pl\/","name":"Galvanina Poland","description":"Kup Nasze produkty online","publisher":{"@id":"https:\/\/shop.galvanina.com\/pl\/#organization"},"potentialAction":[{"@type":"SearchAction","target":{"@type":"EntryPoint","urlTemplate":"https:\/\/shop.galvanina.com\/pl\/?s={search_term_string}"},"query-input":{"@type":"PropertyValueSpecification","valueRequired":true,"valueName":"search_term_string"}}],"inLanguage":"pl-PL"},{"@type":"Organization","@id":"https:\/\/shop.galvanina.com\/pl\/#organization","name":"Galvanina Poland","url":"https:\/\/shop.galvanina.com\/pl\/","logo":{"@type":"ImageObject","inLanguage":"pl-PL","@id":"https:\/\/shop.galvanina.com\/pl\/#\/schema\/logo\/image\/","url":"https:\/\/shop.galvanina.com\/pl\/wp-content\/uploads\/sites\/2\/2023\/03\/GALVANINA-POLAND-e1689269161338.png","contentUrl":"https:\/\/shop.galvanina.com\/pl\/wp-content\/uploads\/sites\/2\/2023\/03\/GALVANINA-POLAND-e1689269161338.png","width":500,"height":160,"caption":"Galvanina Poland"},"image":{"@id":"https:\/\/shop.galvanina.com\/pl\/#\/schema\/logo\/image\/"}}]}},"_links":{"self":[{"href":"https:\/\/shop.galvanina.com\/pl\/wp-json\/wp\/v2\/product\/283","targetHints":{"allow":["GET"]}}],"collection":[{"href":"https:\/\/shop.galvanina.com\/pl\/wp-json\/wp\/v2\/product"}],"about":[{"href":"https:\/\/shop.galvanina.com\/pl\/wp-json\/wp\/v2\/types\/product"}],"wp:featuredmedia":[{"embeddable":true,"href":"https:\/\/shop.galvanina.com\/pl\/wp-json\/wp\/v2\/media\/3347"}],"wp:attachment":[{"href":"https:\/\/shop.galvanina.com\/pl\/wp-json\/wp\/v2\/media?parent=283"}],"wp:term":[{"taxonomy":"product_brand","embeddable":true,"href":"https:\/\/shop.galvanina.com\/pl\/wp-json\/wp\/v2\/product_brand?post=283"},{"taxonomy":"product_cat","embeddable":true,"href":"https:\/\/shop.galvanina.com\/pl\/wp-json\/wp\/v2\/product_cat?post=283"},{"taxonomy":"product_tag","embeddable":true,"href":"https:\/\/shop.galvanina.com\/pl\/wp-json\/wp\/v2\/product_tag?post=283"}],"curies":[{"name":"wp","href":"https:\/\/api.w.org\/{rel}","templated":true}]}}