{"id":284,"date":"2020-11-26T14:58:15","date_gmt":"2020-11-26T13:58:15","guid":{"rendered":"https:\/\/shop.galvanina.com\/pl\/?post_type=product&#038;p=284"},"modified":"2026-01-13T09:48:48","modified_gmt":"2026-01-13T08:48:48","slug":"organiczna-musujaca-czerwona-pomarancza","status":"publish","type":"product","link":"https:\/\/shop.galvanina.com\/pl\/prodotto\/organiczna-musujaca-czerwona-pomarancza\/","title":{"rendered":"Organiczna Czerwona Pomara\u0144cza"},"content":{"rendered":"<h2>Galvanina Musuj\u0105ca Lemoniada z Czerwonej Pomara\u0144czy: Eksplozja cytrus\u00f3w<\/h2>\n<p>Mimo \u017ce pochodzi z Chin, Pomara\u0144cza Czerwona znalaz\u0142a swoje idealne \u015brodowisko w po\u0142udniowym regionie Morza \u015ar\u00f3dziemnego, gdzie obfito\u015b\u0107 s\u0142o\u0144ca \u0142\u0105czy si\u0119 z ch\u0142odnymi i \u0142agodnymi zimami, co jest niezb\u0119dnym warunkiem dla procesu pigmentacji pomara\u0144czy. Galvanina Aranciata Rossa zawiera trzy rodzime odmiany: Sanguinello, Tarocco i Moro, wszystkie uprawiane ekologicznie na po\u0142udniu W\u0142och. Jest r\u00f3wnie\u017c wzbogacona sokiem z cytryny i mi\u0105\u017cszem cytrusowym, kt\u00f3re zachowuj\u0105 intensywno\u015b\u0107 koloru i nadaj\u0105 intensywny smak.<\/p>\n<p>Galvanina Aranciata Rossa jest idealna o ka\u017cdej porze dnia, pita samodzielnie jako orze\u017awienie lub jako towarzyszenie posi\u0142kom. W \u015bwiecie alkoholi mo\u017ce by\u0107 u\u017cywana jako mieszad\u0142o do w\u0142oskich gorzkich, lub jako barwnik do koktajli typu <em>sour<\/em>. W Nowym Jorku czerwona pomara\u0144cza sta\u0142a si\u0119 podstawowym sk\u0142adnikiem najwy\u017cej ocenianych bar\u00f3w, aby doda\u0107 twist do aperol spritz lub nawet do koktajlu <em>screwdriver<\/em>. Nasi mixolodzy polecaj\u0105 j\u0105 jako sk\u0142adnik w <a href=\"https:\/\/www.galvanina.com\/cocktail\/sicilian-forest\/\" target=\"_blank\" rel=\"noopener noreferrer\">Sicilian Forest<\/a>, w po\u0142\u0105czeniu z szampanem i triple-sec. Oczywi\u015bcie mo\u017ce by\u0107 u\u017cywana zamiast <a href=\"https:\/\/shop.galvanina.com\/pl\/prodotto\/galvanina-aranciata\/\" target=\"_blank\" rel=\"noopener noreferrer\">Aranciata Galvanina<\/a>, aby doda\u0107 bardziej intensywny kolor i s\u0142odszy smak do dowolnego mieszania.<\/p>\n<p><span style=\"text-decoration: underline\">Wra\u017cenie zapachowe<\/span>: intensywny i trwa\u0142y smak.<\/p>\n<p><span style=\"text-decoration: underline\">Mixability<\/span>: Idealna do mieszania z &#8222;bia\u0142ymi&#8221; destylatami, lekko dojrza\u0142ymi destylatami, aperitifami i likierami. Doskona\u0142a do mieszania klasycznych aperitif\u00f3w i long drink\u00f3w.<\/p>\n","protected":false},"excerpt":{"rendered":"<p>Mimo \u017ce pochodzi z Chin, Pomara\u0144cza Czerwona znalaz\u0142a swoje idealne \u015brodowisko w po\u0142udniowym regionie Morza \u015ar\u00f3dziemnego, gdzie obfito\u015b\u0107 s\u0142o\u0144ca \u0142\u0105czy si\u0119 z ch\u0142odnymi i \u0142agodnymi zimami, co jest niezb\u0119dnym warunkiem dla procesu pigmentacji pomara\u0144czy. Galvanina Aranciata Rossa zawiera trzy rodzime odmiany: Sanguinello, Tarocco i Moro, wszystkie uprawiane ekologicznie na po\u0142udniu W\u0142och. Jest r\u00f3wnie\u017c wzbogacona sokiem z cytryny i mi\u0105\u017cszem cytrusowym, kt\u00f3re zachowuj\u0105 intensywno\u015b\u0107 koloru i nadaj\u0105 intensywny smak.<\/p>\n","protected":false},"featured_media":3373,"template":"","meta":{"_acf_changed":false,"inline_featured_image":false},"product_brand":[],"product_cat":[20],"product_tag":[],"class_list":{"0":"post-284","1":"product","2":"type-product","3":"status-publish","4":"has-post-thumbnail","6":"product_cat-soft-drinks-frutta-bio","8":"first","9":"instock","10":"taxable","11":"shipping-taxable","12":"purchasable","13":"product-type-simple"},"acf":[],"yoast_head":"<!-- This site is optimized with the Yoast SEO plugin v27.3 - https:\/\/yoast.com\/product\/yoast-seo-wordpress\/ -->\n<title>Organiczna Czerwona Pomara\u0144cza - Galvanina Poland<\/title>\n<meta name=\"description\" content=\"Organiczna musuj\u0105ca Krwawa Pomara\u0144cza: zawiera trzy rodzime odmiany: Sanguinello, Tarocco i Moro, wszystkie uprawiane ekologicznie na po\u0142udniu W\u0142och.\" \/>\n<meta name=\"robots\" content=\"index, follow, max-snippet:-1, max-image-preview:large, max-video-preview:-1\" \/>\n<link rel=\"canonical\" href=\"https:\/\/shop.galvanina.com\/pl\/prodotto\/organiczna-musujaca-czerwona-pomarancza\/\" \/>\n<meta property=\"og:locale\" content=\"pl_PL\" \/>\n<meta property=\"og:type\" content=\"article\" \/>\n<meta property=\"og:title\" content=\"Organiczna Czerwona Pomara\u0144cza - Galvanina Poland\" \/>\n<meta property=\"og:description\" content=\"Organiczna musuj\u0105ca Krwawa Pomara\u0144cza: zawiera trzy rodzime odmiany: Sanguinello, Tarocco i Moro, wszystkie uprawiane ekologicznie na po\u0142udniu W\u0142och.\" \/>\n<meta property=\"og:url\" content=\"https:\/\/shop.galvanina.com\/pl\/prodotto\/organiczna-musujaca-czerwona-pomarancza\/\" \/>\n<meta property=\"og:site_name\" content=\"Galvanina Poland\" \/>\n<meta property=\"article:modified_time\" content=\"2026-01-13T08:48:48+00:00\" \/>\n<meta property=\"og:image\" content=\"https:\/\/shop.galvanina.com\/pl\/wp-content\/uploads\/sites\/2\/2020\/11\/czerwona-pomarancza.jpg\" \/>\n\t<meta property=\"og:image:width\" content=\"810\" \/>\n\t<meta property=\"og:image:height\" content=\"810\" \/>\n\t<meta property=\"og:image:type\" content=\"image\/jpeg\" \/>\n<meta name=\"twitter:card\" content=\"summary_large_image\" \/>\n<meta name=\"twitter:label1\" content=\"Szacowany czas czytania\" \/>\n\t<meta name=\"twitter:data1\" content=\"2 minuty\" \/>\n<script type=\"application\/ld+json\" class=\"yoast-schema-graph\">{\"@context\":\"https:\\\/\\\/schema.org\",\"@graph\":[{\"@type\":\"WebPage\",\"@id\":\"https:\\\/\\\/shop.galvanina.com\\\/pl\\\/prodotto\\\/organiczna-musujaca-czerwona-pomarancza\\\/\",\"url\":\"https:\\\/\\\/shop.galvanina.com\\\/pl\\\/prodotto\\\/organiczna-musujaca-czerwona-pomarancza\\\/\",\"name\":\"Organiczna Czerwona Pomara\u0144cza - Galvanina Poland\",\"isPartOf\":{\"@id\":\"https:\\\/\\\/shop.galvanina.com\\\/pl\\\/#website\"},\"primaryImageOfPage\":{\"@id\":\"https:\\\/\\\/shop.galvanina.com\\\/pl\\\/prodotto\\\/organiczna-musujaca-czerwona-pomarancza\\\/#primaryimage\"},\"image\":{\"@id\":\"https:\\\/\\\/shop.galvanina.com\\\/pl\\\/prodotto\\\/organiczna-musujaca-czerwona-pomarancza\\\/#primaryimage\"},\"thumbnailUrl\":\"https:\\\/\\\/shop.galvanina.com\\\/pl\\\/wp-content\\\/uploads\\\/sites\\\/2\\\/2020\\\/11\\\/czerwona-pomarancza.jpg\",\"datePublished\":\"2020-11-26T13:58:15+00:00\",\"dateModified\":\"2026-01-13T08:48:48+00:00\",\"description\":\"Organiczna musuj\u0105ca Krwawa Pomara\u0144cza: zawiera trzy rodzime odmiany: Sanguinello, Tarocco i Moro, wszystkie uprawiane ekologicznie na po\u0142udniu W\u0142och.\",\"breadcrumb\":{\"@id\":\"https:\\\/\\\/shop.galvanina.com\\\/pl\\\/prodotto\\\/organiczna-musujaca-czerwona-pomarancza\\\/#breadcrumb\"},\"inLanguage\":\"pl-PL\",\"potentialAction\":[{\"@type\":\"ReadAction\",\"target\":[\"https:\\\/\\\/shop.galvanina.com\\\/pl\\\/prodotto\\\/organiczna-musujaca-czerwona-pomarancza\\\/\"]}]},{\"@type\":\"ImageObject\",\"inLanguage\":\"pl-PL\",\"@id\":\"https:\\\/\\\/shop.galvanina.com\\\/pl\\\/prodotto\\\/organiczna-musujaca-czerwona-pomarancza\\\/#primaryimage\",\"url\":\"https:\\\/\\\/shop.galvanina.com\\\/pl\\\/wp-content\\\/uploads\\\/sites\\\/2\\\/2020\\\/11\\\/czerwona-pomarancza.jpg\",\"contentUrl\":\"https:\\\/\\\/shop.galvanina.com\\\/pl\\\/wp-content\\\/uploads\\\/sites\\\/2\\\/2020\\\/11\\\/czerwona-pomarancza.jpg\",\"width\":810,\"height\":810},{\"@type\":\"BreadcrumbList\",\"@id\":\"https:\\\/\\\/shop.galvanina.com\\\/pl\\\/prodotto\\\/organiczna-musujaca-czerwona-pomarancza\\\/#breadcrumb\",\"itemListElement\":[{\"@type\":\"ListItem\",\"position\":1,\"name\":\"Home\",\"item\":\"https:\\\/\\\/shop.galvanina.com\\\/pl\\\/\"},{\"@type\":\"ListItem\",\"position\":2,\"name\":\"Sklep\",\"item\":\"https:\\\/\\\/shop.galvanina.com\\\/pl\\\/\"},{\"@type\":\"ListItem\",\"position\":3,\"name\":\"Organiczna Czerwona Pomara\u0144cza\"}]},{\"@type\":\"WebSite\",\"@id\":\"https:\\\/\\\/shop.galvanina.com\\\/pl\\\/#website\",\"url\":\"https:\\\/\\\/shop.galvanina.com\\\/pl\\\/\",\"name\":\"Galvanina Poland\",\"description\":\"Kup Nasze produkty online\",\"publisher\":{\"@id\":\"https:\\\/\\\/shop.galvanina.com\\\/pl\\\/#organization\"},\"potentialAction\":[{\"@type\":\"SearchAction\",\"target\":{\"@type\":\"EntryPoint\",\"urlTemplate\":\"https:\\\/\\\/shop.galvanina.com\\\/pl\\\/?s={search_term_string}\"},\"query-input\":{\"@type\":\"PropertyValueSpecification\",\"valueRequired\":true,\"valueName\":\"search_term_string\"}}],\"inLanguage\":\"pl-PL\"},{\"@type\":\"Organization\",\"@id\":\"https:\\\/\\\/shop.galvanina.com\\\/pl\\\/#organization\",\"name\":\"Galvanina Poland\",\"url\":\"https:\\\/\\\/shop.galvanina.com\\\/pl\\\/\",\"logo\":{\"@type\":\"ImageObject\",\"inLanguage\":\"pl-PL\",\"@id\":\"https:\\\/\\\/shop.galvanina.com\\\/pl\\\/#\\\/schema\\\/logo\\\/image\\\/\",\"url\":\"https:\\\/\\\/shop.galvanina.com\\\/pl\\\/wp-content\\\/uploads\\\/sites\\\/2\\\/2023\\\/03\\\/GALVANINA-POLAND-e1689269161338.png\",\"contentUrl\":\"https:\\\/\\\/shop.galvanina.com\\\/pl\\\/wp-content\\\/uploads\\\/sites\\\/2\\\/2023\\\/03\\\/GALVANINA-POLAND-e1689269161338.png\",\"width\":500,\"height\":160,\"caption\":\"Galvanina Poland\"},\"image\":{\"@id\":\"https:\\\/\\\/shop.galvanina.com\\\/pl\\\/#\\\/schema\\\/logo\\\/image\\\/\"}}]}<\/script>\n<!-- \/ Yoast SEO plugin. -->","yoast_head_json":{"title":"Organiczna Czerwona Pomara\u0144cza - Galvanina Poland","description":"Organiczna musuj\u0105ca Krwawa Pomara\u0144cza: zawiera trzy rodzime odmiany: Sanguinello, Tarocco i Moro, wszystkie uprawiane ekologicznie na po\u0142udniu W\u0142och.","robots":{"index":"index","follow":"follow","max-snippet":"max-snippet:-1","max-image-preview":"max-image-preview:large","max-video-preview":"max-video-preview:-1"},"canonical":"https:\/\/shop.galvanina.com\/pl\/prodotto\/organiczna-musujaca-czerwona-pomarancza\/","og_locale":"pl_PL","og_type":"article","og_title":"Organiczna Czerwona Pomara\u0144cza - Galvanina Poland","og_description":"Organiczna musuj\u0105ca Krwawa Pomara\u0144cza: zawiera trzy rodzime odmiany: Sanguinello, Tarocco i Moro, wszystkie uprawiane ekologicznie na po\u0142udniu W\u0142och.","og_url":"https:\/\/shop.galvanina.com\/pl\/prodotto\/organiczna-musujaca-czerwona-pomarancza\/","og_site_name":"Galvanina Poland","article_modified_time":"2026-01-13T08:48:48+00:00","og_image":[{"width":810,"height":810,"url":"https:\/\/shop.galvanina.com\/pl\/wp-content\/uploads\/sites\/2\/2020\/11\/czerwona-pomarancza.jpg","type":"image\/jpeg"}],"twitter_card":"summary_large_image","twitter_misc":{"Szacowany czas czytania":"2 minuty"},"schema":{"@context":"https:\/\/schema.org","@graph":[{"@type":"WebPage","@id":"https:\/\/shop.galvanina.com\/pl\/prodotto\/organiczna-musujaca-czerwona-pomarancza\/","url":"https:\/\/shop.galvanina.com\/pl\/prodotto\/organiczna-musujaca-czerwona-pomarancza\/","name":"Organiczna Czerwona Pomara\u0144cza - Galvanina Poland","isPartOf":{"@id":"https:\/\/shop.galvanina.com\/pl\/#website"},"primaryImageOfPage":{"@id":"https:\/\/shop.galvanina.com\/pl\/prodotto\/organiczna-musujaca-czerwona-pomarancza\/#primaryimage"},"image":{"@id":"https:\/\/shop.galvanina.com\/pl\/prodotto\/organiczna-musujaca-czerwona-pomarancza\/#primaryimage"},"thumbnailUrl":"https:\/\/shop.galvanina.com\/pl\/wp-content\/uploads\/sites\/2\/2020\/11\/czerwona-pomarancza.jpg","datePublished":"2020-11-26T13:58:15+00:00","dateModified":"2026-01-13T08:48:48+00:00","description":"Organiczna musuj\u0105ca Krwawa Pomara\u0144cza: zawiera trzy rodzime odmiany: Sanguinello, Tarocco i Moro, wszystkie uprawiane ekologicznie na po\u0142udniu W\u0142och.","breadcrumb":{"@id":"https:\/\/shop.galvanina.com\/pl\/prodotto\/organiczna-musujaca-czerwona-pomarancza\/#breadcrumb"},"inLanguage":"pl-PL","potentialAction":[{"@type":"ReadAction","target":["https:\/\/shop.galvanina.com\/pl\/prodotto\/organiczna-musujaca-czerwona-pomarancza\/"]}]},{"@type":"ImageObject","inLanguage":"pl-PL","@id":"https:\/\/shop.galvanina.com\/pl\/prodotto\/organiczna-musujaca-czerwona-pomarancza\/#primaryimage","url":"https:\/\/shop.galvanina.com\/pl\/wp-content\/uploads\/sites\/2\/2020\/11\/czerwona-pomarancza.jpg","contentUrl":"https:\/\/shop.galvanina.com\/pl\/wp-content\/uploads\/sites\/2\/2020\/11\/czerwona-pomarancza.jpg","width":810,"height":810},{"@type":"BreadcrumbList","@id":"https:\/\/shop.galvanina.com\/pl\/prodotto\/organiczna-musujaca-czerwona-pomarancza\/#breadcrumb","itemListElement":[{"@type":"ListItem","position":1,"name":"Home","item":"https:\/\/shop.galvanina.com\/pl\/"},{"@type":"ListItem","position":2,"name":"Sklep","item":"https:\/\/shop.galvanina.com\/pl\/"},{"@type":"ListItem","position":3,"name":"Organiczna Czerwona Pomara\u0144cza"}]},{"@type":"WebSite","@id":"https:\/\/shop.galvanina.com\/pl\/#website","url":"https:\/\/shop.galvanina.com\/pl\/","name":"Galvanina Poland","description":"Kup Nasze produkty online","publisher":{"@id":"https:\/\/shop.galvanina.com\/pl\/#organization"},"potentialAction":[{"@type":"SearchAction","target":{"@type":"EntryPoint","urlTemplate":"https:\/\/shop.galvanina.com\/pl\/?s={search_term_string}"},"query-input":{"@type":"PropertyValueSpecification","valueRequired":true,"valueName":"search_term_string"}}],"inLanguage":"pl-PL"},{"@type":"Organization","@id":"https:\/\/shop.galvanina.com\/pl\/#organization","name":"Galvanina Poland","url":"https:\/\/shop.galvanina.com\/pl\/","logo":{"@type":"ImageObject","inLanguage":"pl-PL","@id":"https:\/\/shop.galvanina.com\/pl\/#\/schema\/logo\/image\/","url":"https:\/\/shop.galvanina.com\/pl\/wp-content\/uploads\/sites\/2\/2023\/03\/GALVANINA-POLAND-e1689269161338.png","contentUrl":"https:\/\/shop.galvanina.com\/pl\/wp-content\/uploads\/sites\/2\/2023\/03\/GALVANINA-POLAND-e1689269161338.png","width":500,"height":160,"caption":"Galvanina Poland"},"image":{"@id":"https:\/\/shop.galvanina.com\/pl\/#\/schema\/logo\/image\/"}}]}},"_links":{"self":[{"href":"https:\/\/shop.galvanina.com\/pl\/wp-json\/wp\/v2\/product\/284","targetHints":{"allow":["GET"]}}],"collection":[{"href":"https:\/\/shop.galvanina.com\/pl\/wp-json\/wp\/v2\/product"}],"about":[{"href":"https:\/\/shop.galvanina.com\/pl\/wp-json\/wp\/v2\/types\/product"}],"wp:featuredmedia":[{"embeddable":true,"href":"https:\/\/shop.galvanina.com\/pl\/wp-json\/wp\/v2\/media\/3373"}],"wp:attachment":[{"href":"https:\/\/shop.galvanina.com\/pl\/wp-json\/wp\/v2\/media?parent=284"}],"wp:term":[{"taxonomy":"product_brand","embeddable":true,"href":"https:\/\/shop.galvanina.com\/pl\/wp-json\/wp\/v2\/product_brand?post=284"},{"taxonomy":"product_cat","embeddable":true,"href":"https:\/\/shop.galvanina.com\/pl\/wp-json\/wp\/v2\/product_cat?post=284"},{"taxonomy":"product_tag","embeddable":true,"href":"https:\/\/shop.galvanina.com\/pl\/wp-json\/wp\/v2\/product_tag?post=284"}],"curies":[{"name":"wp","href":"https:\/\/api.w.org\/{rel}","templated":true}]}}