{"id":285,"date":"2020-11-26T15:05:27","date_gmt":"2020-11-26T14:05:27","guid":{"rendered":"https:\/\/shop.galvanina.com\/pl\/?post_type=product&#038;p=285"},"modified":"2023-11-23T12:41:46","modified_gmt":"2023-11-23T11:41:46","slug":"galvanina-lemoniada","status":"publish","type":"product","link":"https:\/\/shop.galvanina.com\/pl\/prodotto\/galvanina-lemoniada\/","title":{"rendered":"Organiczna Cytryna"},"content":{"rendered":"<h2>Galvanina Musuj\u0105ca Lemoniada z Cytryny: Wielki klasyk<\/h2>\n<p>R\u00f3wnie\u017c pochodz\u0105cy z Azji, cytryna nie jest tylko sk\u0142adnikiem kuchni i napoj\u00f3w, ale r\u00f3wnie\u017c kluczowym elementem medycyny. Zar\u00f3wno tradycyjna medycyna chi\u0144ska, jak i nasza rodzima i farmaceutyczna szeroko z niej korzystaj\u0105. I oczywi\u015bcie cytryna odgrywa g\u0142\u00f3wn\u0105 rol\u0119 w naszej lemoniadzie, jednym z najbardziej orze\u017awiaj\u0105cych napoj\u00f3w, par excellence!<\/p>\n<h3>Cytryny<\/h3>\n<p>W Galvaninie cytryna odgrywa kluczow\u0105 rol\u0119 jako cytrus. U\u017cywamy tylko organicznych cytryn z Sycylii i dawkujemy je z wielk\u0105 r\u00f3wnowag\u0105 w wielu naszych napojach. Ale aby nada\u0107 naszej lemoniadzie jeszcze intensywniejszy smak, wzbogacamy j\u0105 o mi\u0105\u017csz owocu, kt\u00f3ry nadaje napojowi cia\u0142o i konsystencj\u0119.<\/p>\n<p>Idealna jako orze\u017awiaj\u0105cy nap\u00f3j w ci\u0105gu dnia lub jako towarzysz tradycyjnych da\u0144 \u015br\u00f3dziemnomorskich, Lemoniada Galvanina jest r\u00f3wnie\u017c idealnym sk\u0142adnikiem do koktajli. W rzeczywisto\u015bci, wraz z <a href=\"https:\/\/shop.galvanina.com\/pl\/prodotto\/tonica\/\" target=\"_blank\" rel=\"noopener noreferrer\">tonikiem<\/a> i <a href=\"https:\/\/shop.galvanina.com\/pl\/prodotto\/ginger-ale\/\" target=\"_blank\" rel=\"noopener noreferrer\">ginger ale<\/a>, lemoniada to jeden z produkt\u00f3w, kt\u00f3ry nie powinien zabrakn\u0105\u0107 w domowym barze. Nasi barmani i barwoman polecaj\u0105 go do wywa\u017cenia botanicznej giny w <a href=\"https:\/\/www.galvanina.com\/cocktail\/super-lemon\/\" target=\"_blank\" rel=\"noopener noreferrer\">ginie botanicznym<\/a>, lub jako g\u0142\u00f3wn\u0105 gwiazd\u0119 <a href=\"https:\/\/www.galvanina.com\/cocktail\/mocktail-monday\/\" target=\"_blank\" rel=\"noopener noreferrer\">bezalkoholowego<\/a> koktajlu. Jednak w rzeczywisto\u015bci lemoniada \u015bwietnie komponuje si\u0119 r\u00f3wnie\u017c z bourbonem, tequil\u0105 i w\u00f3dk\u0105. Cz\u0119sto jest stosowana jako alternatywa dla soku z cytryny w mieszankach typu sour, aby zr\u00f3wnowa\u017cy\u0107 bia\u0142ko z jajka.<\/p>\n<p><span style=\"text-decoration: underline;\">Wra\u017cenia zapachowe<\/span>: natychmiastowa \u015bwie\u017co\u015b\u0107, intensywny posmak.<\/p>\n<p><span style=\"text-decoration: underline;\">Mo\u017cliwo\u015b\u0107 mieszania<\/span>: Idealna do mieszania z bia\u0142ymi destylatami, aperitifami i likierami. Doskona\u0142a do mieszania klasycznych aperitif\u00f3w i drink\u00f3w.<\/p>\n","protected":false},"excerpt":{"rendered":"<p>R\u00f3wnie\u017c pochodz\u0105cy z Azji, cytryna nie jest tylko sk\u0142adnikiem kuchni i napoj\u00f3w, ale r\u00f3wnie\u017c kluczowym elementem medycyny.<\/p>\n","protected":false},"featured_media":3356,"template":"","meta":{"_acf_changed":false,"inline_featured_image":false},"product_brand":[],"product_cat":[20],"product_tag":[],"class_list":{"0":"post-285","1":"product","2":"type-product","3":"status-publish","4":"has-post-thumbnail","6":"product_cat-soft-drinks-frutta-bio","8":"first","9":"instock","10":"taxable","11":"shipping-taxable","12":"purchasable","13":"product-type-simple"},"acf":[],"yoast_head":"<!-- This site is optimized with the Yoast SEO plugin v27.3 - https:\/\/yoast.com\/product\/yoast-seo-wordpress\/ -->\n<title>Galvanina - Organiczna Cytryna - Bevande Biologiche | Cocktail<\/title>\n<meta name=\"description\" content=\"R\u00f3wnie\u017c pochodz\u0105cy z Azji, cytryna nie jest tylko sk\u0142adnikiem kuchni i napoj\u00f3w, ale r\u00f3wnie\u017c kluczowym elementem medycyny.\" \/>\n<meta name=\"robots\" content=\"index, follow, max-snippet:-1, max-image-preview:large, max-video-preview:-1\" \/>\n<link rel=\"canonical\" href=\"https:\/\/shop.galvanina.com\/pl\/prodotto\/galvanina-lemoniada\/\" \/>\n<meta property=\"og:locale\" content=\"pl_PL\" \/>\n<meta property=\"og:type\" content=\"article\" \/>\n<meta property=\"og:title\" content=\"Galvanina - Organiczna Cytryna - Bevande Biologiche | Cocktail\" \/>\n<meta property=\"og:description\" content=\"R\u00f3wnie\u017c pochodz\u0105cy z Azji, cytryna nie jest tylko sk\u0142adnikiem kuchni i napoj\u00f3w, ale r\u00f3wnie\u017c kluczowym elementem medycyny.\" \/>\n<meta property=\"og:url\" content=\"https:\/\/shop.galvanina.com\/pl\/prodotto\/galvanina-lemoniada\/\" \/>\n<meta property=\"og:site_name\" content=\"Galvanina Poland\" \/>\n<meta property=\"article:modified_time\" content=\"2023-11-23T11:41:46+00:00\" \/>\n<meta property=\"og:image\" content=\"https:\/\/shop.galvanina.com\/pl\/wp-content\/uploads\/sites\/2\/2020\/11\/Cytryna.jpg\" \/>\n\t<meta property=\"og:image:width\" content=\"810\" \/>\n\t<meta property=\"og:image:height\" content=\"810\" \/>\n\t<meta property=\"og:image:type\" content=\"image\/jpeg\" \/>\n<meta name=\"twitter:card\" content=\"summary_large_image\" \/>\n<meta name=\"twitter:label1\" content=\"Szacowany czas czytania\" \/>\n\t<meta name=\"twitter:data1\" content=\"2 minuty\" \/>\n<script type=\"application\/ld+json\" class=\"yoast-schema-graph\">{\"@context\":\"https:\\\/\\\/schema.org\",\"@graph\":[{\"@type\":\"WebPage\",\"@id\":\"https:\\\/\\\/shop.galvanina.com\\\/pl\\\/prodotto\\\/galvanina-lemoniada\\\/\",\"url\":\"https:\\\/\\\/shop.galvanina.com\\\/pl\\\/prodotto\\\/galvanina-lemoniada\\\/\",\"name\":\"Galvanina - Organiczna Cytryna - Bevande Biologiche | Cocktail\",\"isPartOf\":{\"@id\":\"https:\\\/\\\/shop.galvanina.com\\\/pl\\\/#website\"},\"primaryImageOfPage\":{\"@id\":\"https:\\\/\\\/shop.galvanina.com\\\/pl\\\/prodotto\\\/galvanina-lemoniada\\\/#primaryimage\"},\"image\":{\"@id\":\"https:\\\/\\\/shop.galvanina.com\\\/pl\\\/prodotto\\\/galvanina-lemoniada\\\/#primaryimage\"},\"thumbnailUrl\":\"https:\\\/\\\/shop.galvanina.com\\\/pl\\\/wp-content\\\/uploads\\\/sites\\\/2\\\/2020\\\/11\\\/Cytryna.jpg\",\"datePublished\":\"2020-11-26T14:05:27+00:00\",\"dateModified\":\"2023-11-23T11:41:46+00:00\",\"description\":\"R\u00f3wnie\u017c pochodz\u0105cy z Azji, cytryna nie jest tylko sk\u0142adnikiem kuchni i napoj\u00f3w, ale r\u00f3wnie\u017c kluczowym elementem medycyny.\",\"breadcrumb\":{\"@id\":\"https:\\\/\\\/shop.galvanina.com\\\/pl\\\/prodotto\\\/galvanina-lemoniada\\\/#breadcrumb\"},\"inLanguage\":\"pl-PL\",\"potentialAction\":[{\"@type\":\"ReadAction\",\"target\":[\"https:\\\/\\\/shop.galvanina.com\\\/pl\\\/prodotto\\\/galvanina-lemoniada\\\/\"]}]},{\"@type\":\"ImageObject\",\"inLanguage\":\"pl-PL\",\"@id\":\"https:\\\/\\\/shop.galvanina.com\\\/pl\\\/prodotto\\\/galvanina-lemoniada\\\/#primaryimage\",\"url\":\"https:\\\/\\\/shop.galvanina.com\\\/pl\\\/wp-content\\\/uploads\\\/sites\\\/2\\\/2020\\\/11\\\/Cytryna.jpg\",\"contentUrl\":\"https:\\\/\\\/shop.galvanina.com\\\/pl\\\/wp-content\\\/uploads\\\/sites\\\/2\\\/2020\\\/11\\\/Cytryna.jpg\",\"width\":810,\"height\":810},{\"@type\":\"BreadcrumbList\",\"@id\":\"https:\\\/\\\/shop.galvanina.com\\\/pl\\\/prodotto\\\/galvanina-lemoniada\\\/#breadcrumb\",\"itemListElement\":[{\"@type\":\"ListItem\",\"position\":1,\"name\":\"Home\",\"item\":\"https:\\\/\\\/shop.galvanina.com\\\/pl\\\/\"},{\"@type\":\"ListItem\",\"position\":2,\"name\":\"Sklep\",\"item\":\"https:\\\/\\\/shop.galvanina.com\\\/pl\\\/\"},{\"@type\":\"ListItem\",\"position\":3,\"name\":\"Organiczna Cytryna\"}]},{\"@type\":\"WebSite\",\"@id\":\"https:\\\/\\\/shop.galvanina.com\\\/pl\\\/#website\",\"url\":\"https:\\\/\\\/shop.galvanina.com\\\/pl\\\/\",\"name\":\"Galvanina Poland\",\"description\":\"Kup Nasze produkty online\",\"publisher\":{\"@id\":\"https:\\\/\\\/shop.galvanina.com\\\/pl\\\/#organization\"},\"potentialAction\":[{\"@type\":\"SearchAction\",\"target\":{\"@type\":\"EntryPoint\",\"urlTemplate\":\"https:\\\/\\\/shop.galvanina.com\\\/pl\\\/?s={search_term_string}\"},\"query-input\":{\"@type\":\"PropertyValueSpecification\",\"valueRequired\":true,\"valueName\":\"search_term_string\"}}],\"inLanguage\":\"pl-PL\"},{\"@type\":\"Organization\",\"@id\":\"https:\\\/\\\/shop.galvanina.com\\\/pl\\\/#organization\",\"name\":\"Galvanina Poland\",\"url\":\"https:\\\/\\\/shop.galvanina.com\\\/pl\\\/\",\"logo\":{\"@type\":\"ImageObject\",\"inLanguage\":\"pl-PL\",\"@id\":\"https:\\\/\\\/shop.galvanina.com\\\/pl\\\/#\\\/schema\\\/logo\\\/image\\\/\",\"url\":\"https:\\\/\\\/shop.galvanina.com\\\/pl\\\/wp-content\\\/uploads\\\/sites\\\/2\\\/2023\\\/03\\\/GALVANINA-POLAND-e1689269161338.png\",\"contentUrl\":\"https:\\\/\\\/shop.galvanina.com\\\/pl\\\/wp-content\\\/uploads\\\/sites\\\/2\\\/2023\\\/03\\\/GALVANINA-POLAND-e1689269161338.png\",\"width\":500,\"height\":160,\"caption\":\"Galvanina Poland\"},\"image\":{\"@id\":\"https:\\\/\\\/shop.galvanina.com\\\/pl\\\/#\\\/schema\\\/logo\\\/image\\\/\"}}]}<\/script>\n<!-- \/ Yoast SEO plugin. -->","yoast_head_json":{"title":"Galvanina - Organiczna Cytryna - Bevande Biologiche | Cocktail","description":"R\u00f3wnie\u017c pochodz\u0105cy z Azji, cytryna nie jest tylko sk\u0142adnikiem kuchni i napoj\u00f3w, ale r\u00f3wnie\u017c kluczowym elementem medycyny.","robots":{"index":"index","follow":"follow","max-snippet":"max-snippet:-1","max-image-preview":"max-image-preview:large","max-video-preview":"max-video-preview:-1"},"canonical":"https:\/\/shop.galvanina.com\/pl\/prodotto\/galvanina-lemoniada\/","og_locale":"pl_PL","og_type":"article","og_title":"Galvanina - Organiczna Cytryna - Bevande Biologiche | Cocktail","og_description":"R\u00f3wnie\u017c pochodz\u0105cy z Azji, cytryna nie jest tylko sk\u0142adnikiem kuchni i napoj\u00f3w, ale r\u00f3wnie\u017c kluczowym elementem medycyny.","og_url":"https:\/\/shop.galvanina.com\/pl\/prodotto\/galvanina-lemoniada\/","og_site_name":"Galvanina Poland","article_modified_time":"2023-11-23T11:41:46+00:00","og_image":[{"width":810,"height":810,"url":"https:\/\/shop.galvanina.com\/pl\/wp-content\/uploads\/sites\/2\/2020\/11\/Cytryna.jpg","type":"image\/jpeg"}],"twitter_card":"summary_large_image","twitter_misc":{"Szacowany czas czytania":"2 minuty"},"schema":{"@context":"https:\/\/schema.org","@graph":[{"@type":"WebPage","@id":"https:\/\/shop.galvanina.com\/pl\/prodotto\/galvanina-lemoniada\/","url":"https:\/\/shop.galvanina.com\/pl\/prodotto\/galvanina-lemoniada\/","name":"Galvanina - Organiczna Cytryna - Bevande Biologiche | Cocktail","isPartOf":{"@id":"https:\/\/shop.galvanina.com\/pl\/#website"},"primaryImageOfPage":{"@id":"https:\/\/shop.galvanina.com\/pl\/prodotto\/galvanina-lemoniada\/#primaryimage"},"image":{"@id":"https:\/\/shop.galvanina.com\/pl\/prodotto\/galvanina-lemoniada\/#primaryimage"},"thumbnailUrl":"https:\/\/shop.galvanina.com\/pl\/wp-content\/uploads\/sites\/2\/2020\/11\/Cytryna.jpg","datePublished":"2020-11-26T14:05:27+00:00","dateModified":"2023-11-23T11:41:46+00:00","description":"R\u00f3wnie\u017c pochodz\u0105cy z Azji, cytryna nie jest tylko sk\u0142adnikiem kuchni i napoj\u00f3w, ale r\u00f3wnie\u017c kluczowym elementem medycyny.","breadcrumb":{"@id":"https:\/\/shop.galvanina.com\/pl\/prodotto\/galvanina-lemoniada\/#breadcrumb"},"inLanguage":"pl-PL","potentialAction":[{"@type":"ReadAction","target":["https:\/\/shop.galvanina.com\/pl\/prodotto\/galvanina-lemoniada\/"]}]},{"@type":"ImageObject","inLanguage":"pl-PL","@id":"https:\/\/shop.galvanina.com\/pl\/prodotto\/galvanina-lemoniada\/#primaryimage","url":"https:\/\/shop.galvanina.com\/pl\/wp-content\/uploads\/sites\/2\/2020\/11\/Cytryna.jpg","contentUrl":"https:\/\/shop.galvanina.com\/pl\/wp-content\/uploads\/sites\/2\/2020\/11\/Cytryna.jpg","width":810,"height":810},{"@type":"BreadcrumbList","@id":"https:\/\/shop.galvanina.com\/pl\/prodotto\/galvanina-lemoniada\/#breadcrumb","itemListElement":[{"@type":"ListItem","position":1,"name":"Home","item":"https:\/\/shop.galvanina.com\/pl\/"},{"@type":"ListItem","position":2,"name":"Sklep","item":"https:\/\/shop.galvanina.com\/pl\/"},{"@type":"ListItem","position":3,"name":"Organiczna Cytryna"}]},{"@type":"WebSite","@id":"https:\/\/shop.galvanina.com\/pl\/#website","url":"https:\/\/shop.galvanina.com\/pl\/","name":"Galvanina Poland","description":"Kup Nasze produkty online","publisher":{"@id":"https:\/\/shop.galvanina.com\/pl\/#organization"},"potentialAction":[{"@type":"SearchAction","target":{"@type":"EntryPoint","urlTemplate":"https:\/\/shop.galvanina.com\/pl\/?s={search_term_string}"},"query-input":{"@type":"PropertyValueSpecification","valueRequired":true,"valueName":"search_term_string"}}],"inLanguage":"pl-PL"},{"@type":"Organization","@id":"https:\/\/shop.galvanina.com\/pl\/#organization","name":"Galvanina Poland","url":"https:\/\/shop.galvanina.com\/pl\/","logo":{"@type":"ImageObject","inLanguage":"pl-PL","@id":"https:\/\/shop.galvanina.com\/pl\/#\/schema\/logo\/image\/","url":"https:\/\/shop.galvanina.com\/pl\/wp-content\/uploads\/sites\/2\/2023\/03\/GALVANINA-POLAND-e1689269161338.png","contentUrl":"https:\/\/shop.galvanina.com\/pl\/wp-content\/uploads\/sites\/2\/2023\/03\/GALVANINA-POLAND-e1689269161338.png","width":500,"height":160,"caption":"Galvanina Poland"},"image":{"@id":"https:\/\/shop.galvanina.com\/pl\/#\/schema\/logo\/image\/"}}]}},"_links":{"self":[{"href":"https:\/\/shop.galvanina.com\/pl\/wp-json\/wp\/v2\/product\/285","targetHints":{"allow":["GET"]}}],"collection":[{"href":"https:\/\/shop.galvanina.com\/pl\/wp-json\/wp\/v2\/product"}],"about":[{"href":"https:\/\/shop.galvanina.com\/pl\/wp-json\/wp\/v2\/types\/product"}],"wp:featuredmedia":[{"embeddable":true,"href":"https:\/\/shop.galvanina.com\/pl\/wp-json\/wp\/v2\/media\/3356"}],"wp:attachment":[{"href":"https:\/\/shop.galvanina.com\/pl\/wp-json\/wp\/v2\/media?parent=285"}],"wp:term":[{"taxonomy":"product_brand","embeddable":true,"href":"https:\/\/shop.galvanina.com\/pl\/wp-json\/wp\/v2\/product_brand?post=285"},{"taxonomy":"product_cat","embeddable":true,"href":"https:\/\/shop.galvanina.com\/pl\/wp-json\/wp\/v2\/product_cat?post=285"},{"taxonomy":"product_tag","embeddable":true,"href":"https:\/\/shop.galvanina.com\/pl\/wp-json\/wp\/v2\/product_tag?post=285"}],"curies":[{"name":"wp","href":"https:\/\/api.w.org\/{rel}","templated":true}]}}