{"id":288,"date":"2020-11-26T15:36:58","date_gmt":"2020-11-26T14:36:58","guid":{"rendered":"https:\/\/shop.galvanina.com\/pl\/?post_type=product&#038;p=288"},"modified":"2024-07-01T17:53:57","modified_gmt":"2024-07-01T15:53:57","slug":"organiczny-grejpfrut-czerwony","status":"publish","type":"product","link":"https:\/\/shop.galvanina.com\/pl\/prodotto\/organiczny-grejpfrut-czerwony\/","title":{"rendered":"Organiczny Czerwony Grejpfrut"},"content":{"rendered":"<h2>Galvanina Grejpfrut Czerwony: S\u0142odko-gorzki podb\u00f3j<\/h2>\n<p>Galvanina wybiera tylko dojrza\u0142e, czerwone grejpfruty ze swoich organicznych upraw w basenie Morza \u015ar\u00f3dziemnego. Dzi\u0119ki temu Galvanina Pompelmo Rosso ma intensywny i s\u0142odki aromat, kt\u00f3ry jest dodatkowo podkre\u015blany przez dodatek owoc\u00f3w cytrusowych. Dodatkowo, owoce te nadaj\u0105 napojowi doskona\u0142\u0105 konsystencj\u0119. Jest on orze\u017awiaj\u0105cy sam w sobie, ale tak\u017ce doskonale komponuje si\u0119 z posi\u0142kami.<\/p>\n<p>Nasz nap\u00f3j doskonale pasuje do kuchni meksyka\u0144skiej i indyjskiej, a tak\u017ce do potraw korzystaj\u0105cych z obfitej ilo\u015bci przypraw, takich jak kardamon, ga\u0142ka muszkato\u0142owa, go\u017adziki i cynamon.<\/p>\n<p>Galvanina Pompelmo Rosso jest cz\u0119sto u\u017cywany w koktajlach typu martini i nadaje nowoczesnego twistu tradycyjnym koktajlom, takim jak Paloma, Cosmopolitan i Tequila Sunrise. Naszymi barmanami jest szczeg\u00f3lnie lubiany w po\u0142\u0105czeniu z tequil\u0105: <a href=\"https:\/\/www.galvanina.com\/cocktail\/mr-red\/\" target=\"_blank\" rel=\"noopener noreferrer\">Mr. Red<\/a> &#8211; z destylatem z agawy blue Weber i odrobin\u0105 francuskiego triple sec. Alternatyw\u0105 bez alkoholu jest <a href=\"https:\/\/www.galvanina.com\/cocktail\/mocktail-wednesday\/\" target=\"_blank\" rel=\"noopener noreferrer\">Mocktail Wednesday<\/a> z limonk\u0105 i organicznym trzcinowym cukrem.<\/p>\n<p><span style=\"text-decoration: underline\">Wra\u017cenia zapachowe<\/span>: Pocz\u0105tkowa s\u0142odycz utrzymuje si\u0119 na podniebieniu.<\/p>\n<p><span style=\"text-decoration: underline\">Mo\u017cliwo\u015b\u0107 mieszania<\/span>: Idealnie nadaje si\u0119 do mieszania z &#8222;bia\u0142ymi&#8221; destylatami, zw\u0142aszcza z tequil\u0105 i ginem, aperitifami i likierami. Doskona\u0142y do mieszania klasycznych aperitif\u00f3w i drink\u00f3w.<\/p>\n<h3>A mo\u017ce spr\u00f3bowa\u0142e\u015b naszej Toniki z <a href=\"https:\/\/shop.galvanina.com\/pl\/prodotto\/tonica-pompelmo-giallo\/\" target=\"_blank\" rel=\"noopener noreferrer\">\u017b\u00f3\u0142tym Grejpfrutem<\/a>?<\/h3>\n","protected":false},"excerpt":{"rendered":"<h2>Galvanina Pompelmo Rosso: S\u0142odko-gorzki podb\u00f3j<\/h2>\n<p>Galvanina wybiera tylko dojrza\u0142e, czerwone grejpfruty ze swoich organicznych upraw w basenie Morza \u015ar\u00f3dziemnego. Dzi\u0119ki temu Galvanina Pompelmo Rosso ma intensywny i s\u0142odki aromat, kt\u00f3ry jest dodatkowo podkre\u015blany przez dodatek owoc\u00f3w cytrusowych. Dodatkowo, owoce te nadaj\u0105 napojowi doskona\u0142\u0105 konsystencj\u0119. Jest on orze\u017awiaj\u0105cy sam w sobie, ale tak\u017ce doskonale komponuje si\u0119 z posi\u0142kami.<\/p>\n","protected":false},"featured_media":3367,"template":"","meta":{"_acf_changed":false,"inline_featured_image":false},"product_brand":[],"product_cat":[20],"product_tag":[],"class_list":{"0":"post-288","1":"product","2":"type-product","3":"status-publish","4":"has-post-thumbnail","6":"product_cat-soft-drinks-frutta-bio","8":"first","9":"instock","10":"taxable","11":"shipping-taxable","12":"purchasable","13":"product-type-simple"},"acf":[],"yoast_head":"<!-- This site is optimized with the Yoast SEO plugin v27.3 - https:\/\/yoast.com\/product\/yoast-seo-wordpress\/ -->\n<title>Organiczny Czerwony Grejpfrut - Galvanina Poland<\/title>\n<meta name=\"description\" content=\"S\u0142odko-gorzki podb\u00f3j! Galvanina wybiera tylko dojrza\u0142e, czerwone grejpfruty ze swoich organicznych upraw w basenie Morza \u015ar\u00f3dziemnego.\" \/>\n<meta name=\"robots\" content=\"index, follow, max-snippet:-1, max-image-preview:large, max-video-preview:-1\" \/>\n<link rel=\"canonical\" href=\"https:\/\/shop.galvanina.com\/pl\/prodotto\/organiczny-grejpfrut-czerwony\/\" \/>\n<meta property=\"og:locale\" content=\"pl_PL\" \/>\n<meta property=\"og:type\" content=\"article\" \/>\n<meta property=\"og:title\" content=\"Organiczny Czerwony Grejpfrut - Galvanina Poland\" \/>\n<meta property=\"og:description\" content=\"S\u0142odko-gorzki podb\u00f3j! Galvanina wybiera tylko dojrza\u0142e, czerwone grejpfruty ze swoich organicznych upraw w basenie Morza \u015ar\u00f3dziemnego.\" \/>\n<meta property=\"og:url\" content=\"https:\/\/shop.galvanina.com\/pl\/prodotto\/organiczny-grejpfrut-czerwony\/\" \/>\n<meta property=\"og:site_name\" content=\"Galvanina Poland\" \/>\n<meta property=\"article:modified_time\" content=\"2024-07-01T15:53:57+00:00\" \/>\n<meta property=\"og:image\" content=\"https:\/\/shop.galvanina.com\/pl\/wp-content\/uploads\/sites\/2\/2020\/11\/Czerwona-Greipfrut.jpg\" \/>\n\t<meta property=\"og:image:width\" content=\"810\" \/>\n\t<meta property=\"og:image:height\" content=\"810\" \/>\n\t<meta property=\"og:image:type\" content=\"image\/jpeg\" \/>\n<meta name=\"twitter:card\" content=\"summary_large_image\" \/>\n<meta name=\"twitter:label1\" content=\"Szacowany czas czytania\" \/>\n\t<meta name=\"twitter:data1\" content=\"2 minuty\" \/>\n<script type=\"application\/ld+json\" class=\"yoast-schema-graph\">{\"@context\":\"https:\\\/\\\/schema.org\",\"@graph\":[{\"@type\":\"WebPage\",\"@id\":\"https:\\\/\\\/shop.galvanina.com\\\/pl\\\/prodotto\\\/organiczny-grejpfrut-czerwony\\\/\",\"url\":\"https:\\\/\\\/shop.galvanina.com\\\/pl\\\/prodotto\\\/organiczny-grejpfrut-czerwony\\\/\",\"name\":\"Organiczny Czerwony Grejpfrut - Galvanina Poland\",\"isPartOf\":{\"@id\":\"https:\\\/\\\/shop.galvanina.com\\\/pl\\\/#website\"},\"primaryImageOfPage\":{\"@id\":\"https:\\\/\\\/shop.galvanina.com\\\/pl\\\/prodotto\\\/organiczny-grejpfrut-czerwony\\\/#primaryimage\"},\"image\":{\"@id\":\"https:\\\/\\\/shop.galvanina.com\\\/pl\\\/prodotto\\\/organiczny-grejpfrut-czerwony\\\/#primaryimage\"},\"thumbnailUrl\":\"https:\\\/\\\/shop.galvanina.com\\\/pl\\\/wp-content\\\/uploads\\\/sites\\\/2\\\/2020\\\/11\\\/Czerwona-Greipfrut.jpg\",\"datePublished\":\"2020-11-26T14:36:58+00:00\",\"dateModified\":\"2024-07-01T15:53:57+00:00\",\"description\":\"S\u0142odko-gorzki podb\u00f3j! Galvanina wybiera tylko dojrza\u0142e, czerwone grejpfruty ze swoich organicznych upraw w basenie Morza \u015ar\u00f3dziemnego.\",\"breadcrumb\":{\"@id\":\"https:\\\/\\\/shop.galvanina.com\\\/pl\\\/prodotto\\\/organiczny-grejpfrut-czerwony\\\/#breadcrumb\"},\"inLanguage\":\"pl-PL\",\"potentialAction\":[{\"@type\":\"ReadAction\",\"target\":[\"https:\\\/\\\/shop.galvanina.com\\\/pl\\\/prodotto\\\/organiczny-grejpfrut-czerwony\\\/\"]}]},{\"@type\":\"ImageObject\",\"inLanguage\":\"pl-PL\",\"@id\":\"https:\\\/\\\/shop.galvanina.com\\\/pl\\\/prodotto\\\/organiczny-grejpfrut-czerwony\\\/#primaryimage\",\"url\":\"https:\\\/\\\/shop.galvanina.com\\\/pl\\\/wp-content\\\/uploads\\\/sites\\\/2\\\/2020\\\/11\\\/Czerwona-Greipfrut.jpg\",\"contentUrl\":\"https:\\\/\\\/shop.galvanina.com\\\/pl\\\/wp-content\\\/uploads\\\/sites\\\/2\\\/2020\\\/11\\\/Czerwona-Greipfrut.jpg\",\"width\":810,\"height\":810},{\"@type\":\"BreadcrumbList\",\"@id\":\"https:\\\/\\\/shop.galvanina.com\\\/pl\\\/prodotto\\\/organiczny-grejpfrut-czerwony\\\/#breadcrumb\",\"itemListElement\":[{\"@type\":\"ListItem\",\"position\":1,\"name\":\"Home\",\"item\":\"https:\\\/\\\/shop.galvanina.com\\\/pl\\\/\"},{\"@type\":\"ListItem\",\"position\":2,\"name\":\"Sklep\",\"item\":\"https:\\\/\\\/shop.galvanina.com\\\/pl\\\/\"},{\"@type\":\"ListItem\",\"position\":3,\"name\":\"Organiczny Czerwony Grejpfrut\"}]},{\"@type\":\"WebSite\",\"@id\":\"https:\\\/\\\/shop.galvanina.com\\\/pl\\\/#website\",\"url\":\"https:\\\/\\\/shop.galvanina.com\\\/pl\\\/\",\"name\":\"Galvanina Poland\",\"description\":\"Kup Nasze produkty online\",\"publisher\":{\"@id\":\"https:\\\/\\\/shop.galvanina.com\\\/pl\\\/#organization\"},\"potentialAction\":[{\"@type\":\"SearchAction\",\"target\":{\"@type\":\"EntryPoint\",\"urlTemplate\":\"https:\\\/\\\/shop.galvanina.com\\\/pl\\\/?s={search_term_string}\"},\"query-input\":{\"@type\":\"PropertyValueSpecification\",\"valueRequired\":true,\"valueName\":\"search_term_string\"}}],\"inLanguage\":\"pl-PL\"},{\"@type\":\"Organization\",\"@id\":\"https:\\\/\\\/shop.galvanina.com\\\/pl\\\/#organization\",\"name\":\"Galvanina Poland\",\"url\":\"https:\\\/\\\/shop.galvanina.com\\\/pl\\\/\",\"logo\":{\"@type\":\"ImageObject\",\"inLanguage\":\"pl-PL\",\"@id\":\"https:\\\/\\\/shop.galvanina.com\\\/pl\\\/#\\\/schema\\\/logo\\\/image\\\/\",\"url\":\"https:\\\/\\\/shop.galvanina.com\\\/pl\\\/wp-content\\\/uploads\\\/sites\\\/2\\\/2023\\\/03\\\/GALVANINA-POLAND-e1689269161338.png\",\"contentUrl\":\"https:\\\/\\\/shop.galvanina.com\\\/pl\\\/wp-content\\\/uploads\\\/sites\\\/2\\\/2023\\\/03\\\/GALVANINA-POLAND-e1689269161338.png\",\"width\":500,\"height\":160,\"caption\":\"Galvanina Poland\"},\"image\":{\"@id\":\"https:\\\/\\\/shop.galvanina.com\\\/pl\\\/#\\\/schema\\\/logo\\\/image\\\/\"}}]}<\/script>\n<!-- \/ Yoast SEO plugin. -->","yoast_head_json":{"title":"Organiczny Czerwony Grejpfrut - Galvanina Poland","description":"S\u0142odko-gorzki podb\u00f3j! Galvanina wybiera tylko dojrza\u0142e, czerwone grejpfruty ze swoich organicznych upraw w basenie Morza \u015ar\u00f3dziemnego.","robots":{"index":"index","follow":"follow","max-snippet":"max-snippet:-1","max-image-preview":"max-image-preview:large","max-video-preview":"max-video-preview:-1"},"canonical":"https:\/\/shop.galvanina.com\/pl\/prodotto\/organiczny-grejpfrut-czerwony\/","og_locale":"pl_PL","og_type":"article","og_title":"Organiczny Czerwony Grejpfrut - Galvanina Poland","og_description":"S\u0142odko-gorzki podb\u00f3j! Galvanina wybiera tylko dojrza\u0142e, czerwone grejpfruty ze swoich organicznych upraw w basenie Morza \u015ar\u00f3dziemnego.","og_url":"https:\/\/shop.galvanina.com\/pl\/prodotto\/organiczny-grejpfrut-czerwony\/","og_site_name":"Galvanina Poland","article_modified_time":"2024-07-01T15:53:57+00:00","og_image":[{"width":810,"height":810,"url":"https:\/\/shop.galvanina.com\/pl\/wp-content\/uploads\/sites\/2\/2020\/11\/Czerwona-Greipfrut.jpg","type":"image\/jpeg"}],"twitter_card":"summary_large_image","twitter_misc":{"Szacowany czas czytania":"2 minuty"},"schema":{"@context":"https:\/\/schema.org","@graph":[{"@type":"WebPage","@id":"https:\/\/shop.galvanina.com\/pl\/prodotto\/organiczny-grejpfrut-czerwony\/","url":"https:\/\/shop.galvanina.com\/pl\/prodotto\/organiczny-grejpfrut-czerwony\/","name":"Organiczny Czerwony Grejpfrut - Galvanina Poland","isPartOf":{"@id":"https:\/\/shop.galvanina.com\/pl\/#website"},"primaryImageOfPage":{"@id":"https:\/\/shop.galvanina.com\/pl\/prodotto\/organiczny-grejpfrut-czerwony\/#primaryimage"},"image":{"@id":"https:\/\/shop.galvanina.com\/pl\/prodotto\/organiczny-grejpfrut-czerwony\/#primaryimage"},"thumbnailUrl":"https:\/\/shop.galvanina.com\/pl\/wp-content\/uploads\/sites\/2\/2020\/11\/Czerwona-Greipfrut.jpg","datePublished":"2020-11-26T14:36:58+00:00","dateModified":"2024-07-01T15:53:57+00:00","description":"S\u0142odko-gorzki podb\u00f3j! Galvanina wybiera tylko dojrza\u0142e, czerwone grejpfruty ze swoich organicznych upraw w basenie Morza \u015ar\u00f3dziemnego.","breadcrumb":{"@id":"https:\/\/shop.galvanina.com\/pl\/prodotto\/organiczny-grejpfrut-czerwony\/#breadcrumb"},"inLanguage":"pl-PL","potentialAction":[{"@type":"ReadAction","target":["https:\/\/shop.galvanina.com\/pl\/prodotto\/organiczny-grejpfrut-czerwony\/"]}]},{"@type":"ImageObject","inLanguage":"pl-PL","@id":"https:\/\/shop.galvanina.com\/pl\/prodotto\/organiczny-grejpfrut-czerwony\/#primaryimage","url":"https:\/\/shop.galvanina.com\/pl\/wp-content\/uploads\/sites\/2\/2020\/11\/Czerwona-Greipfrut.jpg","contentUrl":"https:\/\/shop.galvanina.com\/pl\/wp-content\/uploads\/sites\/2\/2020\/11\/Czerwona-Greipfrut.jpg","width":810,"height":810},{"@type":"BreadcrumbList","@id":"https:\/\/shop.galvanina.com\/pl\/prodotto\/organiczny-grejpfrut-czerwony\/#breadcrumb","itemListElement":[{"@type":"ListItem","position":1,"name":"Home","item":"https:\/\/shop.galvanina.com\/pl\/"},{"@type":"ListItem","position":2,"name":"Sklep","item":"https:\/\/shop.galvanina.com\/pl\/"},{"@type":"ListItem","position":3,"name":"Organiczny Czerwony Grejpfrut"}]},{"@type":"WebSite","@id":"https:\/\/shop.galvanina.com\/pl\/#website","url":"https:\/\/shop.galvanina.com\/pl\/","name":"Galvanina Poland","description":"Kup Nasze produkty online","publisher":{"@id":"https:\/\/shop.galvanina.com\/pl\/#organization"},"potentialAction":[{"@type":"SearchAction","target":{"@type":"EntryPoint","urlTemplate":"https:\/\/shop.galvanina.com\/pl\/?s={search_term_string}"},"query-input":{"@type":"PropertyValueSpecification","valueRequired":true,"valueName":"search_term_string"}}],"inLanguage":"pl-PL"},{"@type":"Organization","@id":"https:\/\/shop.galvanina.com\/pl\/#organization","name":"Galvanina Poland","url":"https:\/\/shop.galvanina.com\/pl\/","logo":{"@type":"ImageObject","inLanguage":"pl-PL","@id":"https:\/\/shop.galvanina.com\/pl\/#\/schema\/logo\/image\/","url":"https:\/\/shop.galvanina.com\/pl\/wp-content\/uploads\/sites\/2\/2023\/03\/GALVANINA-POLAND-e1689269161338.png","contentUrl":"https:\/\/shop.galvanina.com\/pl\/wp-content\/uploads\/sites\/2\/2023\/03\/GALVANINA-POLAND-e1689269161338.png","width":500,"height":160,"caption":"Galvanina Poland"},"image":{"@id":"https:\/\/shop.galvanina.com\/pl\/#\/schema\/logo\/image\/"}}]}},"_links":{"self":[{"href":"https:\/\/shop.galvanina.com\/pl\/wp-json\/wp\/v2\/product\/288","targetHints":{"allow":["GET"]}}],"collection":[{"href":"https:\/\/shop.galvanina.com\/pl\/wp-json\/wp\/v2\/product"}],"about":[{"href":"https:\/\/shop.galvanina.com\/pl\/wp-json\/wp\/v2\/types\/product"}],"wp:featuredmedia":[{"embeddable":true,"href":"https:\/\/shop.galvanina.com\/pl\/wp-json\/wp\/v2\/media\/3367"}],"wp:attachment":[{"href":"https:\/\/shop.galvanina.com\/pl\/wp-json\/wp\/v2\/media?parent=288"}],"wp:term":[{"taxonomy":"product_brand","embeddable":true,"href":"https:\/\/shop.galvanina.com\/pl\/wp-json\/wp\/v2\/product_brand?post=288"},{"taxonomy":"product_cat","embeddable":true,"href":"https:\/\/shop.galvanina.com\/pl\/wp-json\/wp\/v2\/product_cat?post=288"},{"taxonomy":"product_tag","embeddable":true,"href":"https:\/\/shop.galvanina.com\/pl\/wp-json\/wp\/v2\/product_tag?post=288"}],"curies":[{"name":"wp","href":"https:\/\/api.w.org\/{rel}","templated":true}]}}