{"id":290,"date":"2020-11-26T16:16:31","date_gmt":"2020-11-26T15:16:31","guid":{"rendered":"https:\/\/shop.galvanina.com\/pl\/?post_type=product&#038;p=290"},"modified":"2025-12-18T20:08:56","modified_gmt":"2025-12-18T19:08:56","slug":"organiczna-herbata-mrozona-z-cytryna","status":"publish","type":"product","link":"https:\/\/shop.galvanina.com\/pl\/prodotto\/organiczna-herbata-mrozona-z-cytryna\/","title":{"rendered":"Organiczna herbata mro\u017cona z cytryn\u0105"},"content":{"rendered":"<h2>Organiczna herbata mro\u017cona z cytryn\u0105: Nieod\u0142\u0105czna tradycja w\u0142oskiego lata<\/h2>\n<p>Herbata mro\u017cona to bez w\u0105tpienia w Italii nap\u00f3j bezalkoholowy, kt\u00f3ry kojarzy si\u0119 z letnim okresem. Organiczna herbata mro\u017cona z cytryn\u0105 Galvanina czerpie inspiracj\u0119 z najlepszych w\u0142oskich tradycji, oferuj\u0105c <em>premiumowy<\/em> produkt, kt\u00f3ry \u0142\u0105czy indyjsk\u0105 herbat\u0119 najwy\u017cszej jako\u015bci z sokiem z ekologicznych cytryn z Sycylii. To magiczne po\u0142\u0105czenie Wschodu i Morza \u015ar\u00f3dziemnego.<\/p>\n<p>Nasza wyj\u0105tkowa herbata pochodzi z Darjeeling, miasta na p\u00f3\u0142nocnym wschodzie subkontynentu indyjskiego, w enklawie na stokach Himalaj\u00f3w. To miejsce, kt\u00f3re przyci\u0105ga\u0142o lokalne i angielskie elity w okresie letnim, stanowi jedno z najcenniejszych klejnot\u00f3w w stanie Zachodni Bengal.<\/p>\n<p>Herbata z Cytryn\u0105 Galvanina, dobrze sch\u0142odzona, to idealne orze\u017awienie na ca\u0142y dzie\u0144, zw\u0142aszcza w gor\u0105ce w\u0142oskie lato. Doskonale komponuje si\u0119 z posi\u0142kiem, czy to przek\u0105sk\u0105 na szybko, czy bardziej syc\u0105cym daniem. Jest r\u00f3wnie\u017c interesuj\u0105cym sk\u0142adnikiem do Punchu z Bourbonem lub Twistu Mojito. Nasi barmani polecaj\u0105 go <a href=\"https:\/\/www.galvanina.com\/cocktail\/spring-is-in-the-air\/\" target=\"_blank\" rel=\"noopener noreferrer\">mieszany<\/a> z w\u0142oskim bittersem i francuskim triple-sec.<\/p>\n<p>Nasza <a href=\"https:\/\/www.galvanina.com\/linea\/te-freddi-biologici\/\" target=\"_blank\" rel=\"noopener noreferrer\">linia<\/a> lodowych herbat obejmuje opr\u00f3cz herbaty z cytryn\u0105 r\u00f3wnie\u017c warianty brzoskwiniowy, zielony, czarny i bia\u0142y &#8211; wszystkie w pe\u0142ni organiczne.<\/p>\n<p><span style=\"text-decoration: underline\">Wra\u017cenie zapachowe<\/span>: pocz\u0105tkowo s\u0142odkie, z cytrusowym posmakiem.<\/p>\n<p><span style=\"text-decoration: underline\">Mixability<\/span>: Idealne do mieszania z alkoholami &#8222;bia\u0142ymi&#8221;.<br \/>\nDoskona\u0142e do przygotowywania punch\u00f3w i drink\u00f3w o niskiej zawarto\u015bci alkoholu.<\/p>\n","protected":false},"excerpt":{"rendered":"<p>Organiczna herbata mro\u017cona z cytryn\u0105: Nieod\u0142\u0105czna tradycja w\u0142oskiego lata Herbata mro\u017cona to bez w\u0105tpienia w Italii nap\u00f3j bezalkoholowy, kt\u00f3ry kojarzy si\u0119 z letnim okresem. Organiczna herbata mro\u017cona z cytryn\u0105 Galvanina czerpie inspiracj\u0119 z najlepszych w\u0142oskich tradycji, oferuj\u0105c premiumowy produkt, kt\u00f3ry \u0142\u0105czy indyjsk\u0105 herbat\u0119 najwy\u017cszej jako\u015bci z sokiem z ekologicznych cytryn z Sycylii. To magiczne po\u0142\u0105czenie [&hellip;]<\/p>\n","protected":false},"featured_media":3371,"template":"","meta":{"_acf_changed":false,"inline_featured_image":false},"product_brand":[],"product_cat":[28],"product_tag":[],"class_list":{"0":"post-290","1":"product","2":"type-product","3":"status-publish","4":"has-post-thumbnail","6":"product_cat-te-freddi","8":"first","9":"outofstock","10":"taxable","11":"shipping-taxable","12":"purchasable","13":"product-type-simple"},"acf":[],"yoast_head":"<!-- This site is optimized with the Yoast SEO plugin v27.3 - https:\/\/yoast.com\/product\/yoast-seo-wordpress\/ -->\n<title>Organiczna herbata mro\u017cona z cytryn\u0105 - Galvanina Poland<\/title>\n<meta name=\"description\" content=\"Nasza wyj\u0105tkowa herbata pochodzi z Darjeeling, miasta na p\u00f3\u0142nocnym wschodzie subkontynentu indyjskiego, w enklawie na stokach Himalaj\u00f3w.\" \/>\n<meta name=\"robots\" content=\"index, follow, max-snippet:-1, max-image-preview:large, max-video-preview:-1\" \/>\n<link rel=\"canonical\" href=\"https:\/\/shop.galvanina.com\/pl\/prodotto\/organiczna-herbata-mrozona-z-cytryna\/\" \/>\n<meta property=\"og:locale\" content=\"pl_PL\" \/>\n<meta property=\"og:type\" content=\"article\" \/>\n<meta property=\"og:title\" content=\"Organiczna herbata mro\u017cona z cytryn\u0105 - Galvanina Poland\" \/>\n<meta property=\"og:description\" content=\"Nasza wyj\u0105tkowa herbata pochodzi z Darjeeling, miasta na p\u00f3\u0142nocnym wschodzie subkontynentu indyjskiego, w enklawie na stokach Himalaj\u00f3w.\" \/>\n<meta property=\"og:url\" content=\"https:\/\/shop.galvanina.com\/pl\/prodotto\/organiczna-herbata-mrozona-z-cytryna\/\" \/>\n<meta property=\"og:site_name\" content=\"Galvanina Poland\" \/>\n<meta property=\"article:modified_time\" content=\"2025-12-18T19:08:56+00:00\" \/>\n<meta property=\"og:image\" content=\"https:\/\/shop.galvanina.com\/pl\/wp-content\/uploads\/sites\/2\/2020\/11\/herbata-mrozona-z-cytryna.jpg\" \/>\n\t<meta property=\"og:image:width\" content=\"810\" \/>\n\t<meta property=\"og:image:height\" content=\"810\" \/>\n\t<meta property=\"og:image:type\" content=\"image\/jpeg\" \/>\n<meta name=\"twitter:card\" content=\"summary_large_image\" \/>\n<meta name=\"twitter:label1\" content=\"Szacowany czas czytania\" \/>\n\t<meta name=\"twitter:data1\" content=\"2 minuty\" \/>\n<script type=\"application\/ld+json\" class=\"yoast-schema-graph\">{\"@context\":\"https:\\\/\\\/schema.org\",\"@graph\":[{\"@type\":\"WebPage\",\"@id\":\"https:\\\/\\\/shop.galvanina.com\\\/pl\\\/prodotto\\\/organiczna-herbata-mrozona-z-cytryna\\\/\",\"url\":\"https:\\\/\\\/shop.galvanina.com\\\/pl\\\/prodotto\\\/organiczna-herbata-mrozona-z-cytryna\\\/\",\"name\":\"Organiczna herbata mro\u017cona z cytryn\u0105 - Galvanina Poland\",\"isPartOf\":{\"@id\":\"https:\\\/\\\/shop.galvanina.com\\\/pl\\\/#website\"},\"primaryImageOfPage\":{\"@id\":\"https:\\\/\\\/shop.galvanina.com\\\/pl\\\/prodotto\\\/organiczna-herbata-mrozona-z-cytryna\\\/#primaryimage\"},\"image\":{\"@id\":\"https:\\\/\\\/shop.galvanina.com\\\/pl\\\/prodotto\\\/organiczna-herbata-mrozona-z-cytryna\\\/#primaryimage\"},\"thumbnailUrl\":\"https:\\\/\\\/shop.galvanina.com\\\/pl\\\/wp-content\\\/uploads\\\/sites\\\/2\\\/2020\\\/11\\\/herbata-mrozona-z-cytryna.jpg\",\"datePublished\":\"2020-11-26T15:16:31+00:00\",\"dateModified\":\"2025-12-18T19:08:56+00:00\",\"description\":\"Nasza wyj\u0105tkowa herbata pochodzi z Darjeeling, miasta na p\u00f3\u0142nocnym wschodzie subkontynentu indyjskiego, w enklawie na stokach Himalaj\u00f3w.\",\"breadcrumb\":{\"@id\":\"https:\\\/\\\/shop.galvanina.com\\\/pl\\\/prodotto\\\/organiczna-herbata-mrozona-z-cytryna\\\/#breadcrumb\"},\"inLanguage\":\"pl-PL\",\"potentialAction\":[{\"@type\":\"ReadAction\",\"target\":[\"https:\\\/\\\/shop.galvanina.com\\\/pl\\\/prodotto\\\/organiczna-herbata-mrozona-z-cytryna\\\/\"]}]},{\"@type\":\"ImageObject\",\"inLanguage\":\"pl-PL\",\"@id\":\"https:\\\/\\\/shop.galvanina.com\\\/pl\\\/prodotto\\\/organiczna-herbata-mrozona-z-cytryna\\\/#primaryimage\",\"url\":\"https:\\\/\\\/shop.galvanina.com\\\/pl\\\/wp-content\\\/uploads\\\/sites\\\/2\\\/2020\\\/11\\\/herbata-mrozona-z-cytryna.jpg\",\"contentUrl\":\"https:\\\/\\\/shop.galvanina.com\\\/pl\\\/wp-content\\\/uploads\\\/sites\\\/2\\\/2020\\\/11\\\/herbata-mrozona-z-cytryna.jpg\",\"width\":810,\"height\":810},{\"@type\":\"BreadcrumbList\",\"@id\":\"https:\\\/\\\/shop.galvanina.com\\\/pl\\\/prodotto\\\/organiczna-herbata-mrozona-z-cytryna\\\/#breadcrumb\",\"itemListElement\":[{\"@type\":\"ListItem\",\"position\":1,\"name\":\"Home\",\"item\":\"https:\\\/\\\/shop.galvanina.com\\\/pl\\\/\"},{\"@type\":\"ListItem\",\"position\":2,\"name\":\"Sklep\",\"item\":\"https:\\\/\\\/shop.galvanina.com\\\/pl\\\/\"},{\"@type\":\"ListItem\",\"position\":3,\"name\":\"Organiczna herbata mro\u017cona z cytryn\u0105\"}]},{\"@type\":\"WebSite\",\"@id\":\"https:\\\/\\\/shop.galvanina.com\\\/pl\\\/#website\",\"url\":\"https:\\\/\\\/shop.galvanina.com\\\/pl\\\/\",\"name\":\"Galvanina Poland\",\"description\":\"Kup Nasze produkty online\",\"publisher\":{\"@id\":\"https:\\\/\\\/shop.galvanina.com\\\/pl\\\/#organization\"},\"potentialAction\":[{\"@type\":\"SearchAction\",\"target\":{\"@type\":\"EntryPoint\",\"urlTemplate\":\"https:\\\/\\\/shop.galvanina.com\\\/pl\\\/?s={search_term_string}\"},\"query-input\":{\"@type\":\"PropertyValueSpecification\",\"valueRequired\":true,\"valueName\":\"search_term_string\"}}],\"inLanguage\":\"pl-PL\"},{\"@type\":\"Organization\",\"@id\":\"https:\\\/\\\/shop.galvanina.com\\\/pl\\\/#organization\",\"name\":\"Galvanina Poland\",\"url\":\"https:\\\/\\\/shop.galvanina.com\\\/pl\\\/\",\"logo\":{\"@type\":\"ImageObject\",\"inLanguage\":\"pl-PL\",\"@id\":\"https:\\\/\\\/shop.galvanina.com\\\/pl\\\/#\\\/schema\\\/logo\\\/image\\\/\",\"url\":\"https:\\\/\\\/shop.galvanina.com\\\/pl\\\/wp-content\\\/uploads\\\/sites\\\/2\\\/2023\\\/03\\\/GALVANINA-POLAND-e1689269161338.png\",\"contentUrl\":\"https:\\\/\\\/shop.galvanina.com\\\/pl\\\/wp-content\\\/uploads\\\/sites\\\/2\\\/2023\\\/03\\\/GALVANINA-POLAND-e1689269161338.png\",\"width\":500,\"height\":160,\"caption\":\"Galvanina Poland\"},\"image\":{\"@id\":\"https:\\\/\\\/shop.galvanina.com\\\/pl\\\/#\\\/schema\\\/logo\\\/image\\\/\"}}]}<\/script>\n<!-- \/ Yoast SEO plugin. -->","yoast_head_json":{"title":"Organiczna herbata mro\u017cona z cytryn\u0105 - Galvanina Poland","description":"Nasza wyj\u0105tkowa herbata pochodzi z Darjeeling, miasta na p\u00f3\u0142nocnym wschodzie subkontynentu indyjskiego, w enklawie na stokach Himalaj\u00f3w.","robots":{"index":"index","follow":"follow","max-snippet":"max-snippet:-1","max-image-preview":"max-image-preview:large","max-video-preview":"max-video-preview:-1"},"canonical":"https:\/\/shop.galvanina.com\/pl\/prodotto\/organiczna-herbata-mrozona-z-cytryna\/","og_locale":"pl_PL","og_type":"article","og_title":"Organiczna herbata mro\u017cona z cytryn\u0105 - Galvanina Poland","og_description":"Nasza wyj\u0105tkowa herbata pochodzi z Darjeeling, miasta na p\u00f3\u0142nocnym wschodzie subkontynentu indyjskiego, w enklawie na stokach Himalaj\u00f3w.","og_url":"https:\/\/shop.galvanina.com\/pl\/prodotto\/organiczna-herbata-mrozona-z-cytryna\/","og_site_name":"Galvanina Poland","article_modified_time":"2025-12-18T19:08:56+00:00","og_image":[{"width":810,"height":810,"url":"https:\/\/shop.galvanina.com\/pl\/wp-content\/uploads\/sites\/2\/2020\/11\/herbata-mrozona-z-cytryna.jpg","type":"image\/jpeg"}],"twitter_card":"summary_large_image","twitter_misc":{"Szacowany czas czytania":"2 minuty"},"schema":{"@context":"https:\/\/schema.org","@graph":[{"@type":"WebPage","@id":"https:\/\/shop.galvanina.com\/pl\/prodotto\/organiczna-herbata-mrozona-z-cytryna\/","url":"https:\/\/shop.galvanina.com\/pl\/prodotto\/organiczna-herbata-mrozona-z-cytryna\/","name":"Organiczna herbata mro\u017cona z cytryn\u0105 - Galvanina Poland","isPartOf":{"@id":"https:\/\/shop.galvanina.com\/pl\/#website"},"primaryImageOfPage":{"@id":"https:\/\/shop.galvanina.com\/pl\/prodotto\/organiczna-herbata-mrozona-z-cytryna\/#primaryimage"},"image":{"@id":"https:\/\/shop.galvanina.com\/pl\/prodotto\/organiczna-herbata-mrozona-z-cytryna\/#primaryimage"},"thumbnailUrl":"https:\/\/shop.galvanina.com\/pl\/wp-content\/uploads\/sites\/2\/2020\/11\/herbata-mrozona-z-cytryna.jpg","datePublished":"2020-11-26T15:16:31+00:00","dateModified":"2025-12-18T19:08:56+00:00","description":"Nasza wyj\u0105tkowa herbata pochodzi z Darjeeling, miasta na p\u00f3\u0142nocnym wschodzie subkontynentu indyjskiego, w enklawie na stokach Himalaj\u00f3w.","breadcrumb":{"@id":"https:\/\/shop.galvanina.com\/pl\/prodotto\/organiczna-herbata-mrozona-z-cytryna\/#breadcrumb"},"inLanguage":"pl-PL","potentialAction":[{"@type":"ReadAction","target":["https:\/\/shop.galvanina.com\/pl\/prodotto\/organiczna-herbata-mrozona-z-cytryna\/"]}]},{"@type":"ImageObject","inLanguage":"pl-PL","@id":"https:\/\/shop.galvanina.com\/pl\/prodotto\/organiczna-herbata-mrozona-z-cytryna\/#primaryimage","url":"https:\/\/shop.galvanina.com\/pl\/wp-content\/uploads\/sites\/2\/2020\/11\/herbata-mrozona-z-cytryna.jpg","contentUrl":"https:\/\/shop.galvanina.com\/pl\/wp-content\/uploads\/sites\/2\/2020\/11\/herbata-mrozona-z-cytryna.jpg","width":810,"height":810},{"@type":"BreadcrumbList","@id":"https:\/\/shop.galvanina.com\/pl\/prodotto\/organiczna-herbata-mrozona-z-cytryna\/#breadcrumb","itemListElement":[{"@type":"ListItem","position":1,"name":"Home","item":"https:\/\/shop.galvanina.com\/pl\/"},{"@type":"ListItem","position":2,"name":"Sklep","item":"https:\/\/shop.galvanina.com\/pl\/"},{"@type":"ListItem","position":3,"name":"Organiczna herbata mro\u017cona z cytryn\u0105"}]},{"@type":"WebSite","@id":"https:\/\/shop.galvanina.com\/pl\/#website","url":"https:\/\/shop.galvanina.com\/pl\/","name":"Galvanina Poland","description":"Kup Nasze produkty online","publisher":{"@id":"https:\/\/shop.galvanina.com\/pl\/#organization"},"potentialAction":[{"@type":"SearchAction","target":{"@type":"EntryPoint","urlTemplate":"https:\/\/shop.galvanina.com\/pl\/?s={search_term_string}"},"query-input":{"@type":"PropertyValueSpecification","valueRequired":true,"valueName":"search_term_string"}}],"inLanguage":"pl-PL"},{"@type":"Organization","@id":"https:\/\/shop.galvanina.com\/pl\/#organization","name":"Galvanina Poland","url":"https:\/\/shop.galvanina.com\/pl\/","logo":{"@type":"ImageObject","inLanguage":"pl-PL","@id":"https:\/\/shop.galvanina.com\/pl\/#\/schema\/logo\/image\/","url":"https:\/\/shop.galvanina.com\/pl\/wp-content\/uploads\/sites\/2\/2023\/03\/GALVANINA-POLAND-e1689269161338.png","contentUrl":"https:\/\/shop.galvanina.com\/pl\/wp-content\/uploads\/sites\/2\/2023\/03\/GALVANINA-POLAND-e1689269161338.png","width":500,"height":160,"caption":"Galvanina Poland"},"image":{"@id":"https:\/\/shop.galvanina.com\/pl\/#\/schema\/logo\/image\/"}}]}},"_links":{"self":[{"href":"https:\/\/shop.galvanina.com\/pl\/wp-json\/wp\/v2\/product\/290","targetHints":{"allow":["GET"]}}],"collection":[{"href":"https:\/\/shop.galvanina.com\/pl\/wp-json\/wp\/v2\/product"}],"about":[{"href":"https:\/\/shop.galvanina.com\/pl\/wp-json\/wp\/v2\/types\/product"}],"wp:featuredmedia":[{"embeddable":true,"href":"https:\/\/shop.galvanina.com\/pl\/wp-json\/wp\/v2\/media\/3371"}],"wp:attachment":[{"href":"https:\/\/shop.galvanina.com\/pl\/wp-json\/wp\/v2\/media?parent=290"}],"wp:term":[{"taxonomy":"product_brand","embeddable":true,"href":"https:\/\/shop.galvanina.com\/pl\/wp-json\/wp\/v2\/product_brand?post=290"},{"taxonomy":"product_cat","embeddable":true,"href":"https:\/\/shop.galvanina.com\/pl\/wp-json\/wp\/v2\/product_cat?post=290"},{"taxonomy":"product_tag","embeddable":true,"href":"https:\/\/shop.galvanina.com\/pl\/wp-json\/wp\/v2\/product_tag?post=290"}],"curies":[{"name":"wp","href":"https:\/\/api.w.org\/{rel}","templated":true}]}}