{"id":3494,"date":"2024-07-01T12:44:03","date_gmt":"2024-07-01T10:44:03","guid":{"rendered":"https:\/\/shop.galvanina.com\/pl\/?post_type=product&#038;p=3494"},"modified":"2026-01-13T09:46:38","modified_gmt":"2026-01-13T08:46:38","slug":"organiczny-tonic-klasyczny-200-ml","status":"publish","type":"product","link":"https:\/\/shop.galvanina.com\/pl\/prodotto\/organiczny-tonic-klasyczny-200-ml\/","title":{"rendered":"Organiczny Tonic Klasyczny (200 ml)"},"content":{"rendered":"<h2>Galvanina Tonic: idealna do orze\u017awienia<\/h2>\n<p>Organiczna tonik Galvanina zosta\u0142a stworzona z naturalnych substancji gorzkich, ekstrakt\u00f3w z kory chinowca, po\u0142\u0105czonych z nutami bergamotki i dodatkiem organicznego cukru trzcinowego.<\/p>\n<h4>Jak powsta\u0142a<\/h4>\n<p>Tonik powsta\u0142 w 1794 roku, kiedy niemiecki chemik stworzy\u0142 sod\u0119 jako lekarstwo. Pierwsza woda tonikowa powsta\u0142a poprzez po\u0142\u0105czenie sody, s\u0142odzika i dwutlenku w\u0119gla. Brytyjczycy w XVIII wieku zabrali j\u0105 ze sob\u0105, razem z ginem, podczas kolonizacji Indii. Historia tej napoju i ginu-tonicu jest wi\u0119c d\u0142uga i niezmiennie klasyczna. Mo\u017cna go pi\u0107 w czasie relaksu, w towarzystwie przek\u0105ski lub samodzielnie.<\/p>\n<p>Dzi\u0119ki w\u0142a\u015bciwemu zbalansowaniu mi\u0119dzy goryczk\u0105 a kwasowo\u015bci\u0105, nasz tonik jest niezwykle orze\u017awiaj\u0105cy. Mo\u017cna go pi\u0107 w czystej postaci, ale r\u00f3wnie\u017c doskonale nadaje si\u0119 do towarzyszenia posi\u0142kom. Nasi barmani koktajlowi polecaj\u0105 go z w\u00f3dk\u0105 w koktajlu o niskiej zawarto\u015bci alkoholu <a href=\"https:\/\/www.galvanina.com\/cocktail\/black-tonic\/\">Black Tonic<\/a>, kt\u00f3ry zawiera r\u00f3wnie\u017c s\u0142odki i wyj\u0105tkowy sk\u0142adnik, jakim jest mi\u00f3d, po\u0142\u0105czony z sokiem z cytryny. Jest to przyjemny i \u0142atwy do przygotowania koktajl, kt\u00f3ry mo\u017cna r\u00f3wnie\u017c zrobi\u0107 w domu.<\/p>\n<p>Organiczny Tonik Galvanina &#8211; w butelce o pojemno\u015bci 355 ml &#8211; ma wyrazisty zapach i gorzkawy posmak, idealny do picia w czystej postaci. Natomiast klasyczny <a href=\"https:\/\/shop.galvanina.com\/pl\/prodotto\/tonica\/\">tonik<\/a> &#8211; dost\u0119pny w ma\u0142ej buteleczce o pojemno\u015bci 200 ml &#8211; jest przeznaczony do mieszania i ma inn\u0105 receptur\u0119. Oba s\u0105 jednak do\u015b\u0107 wszechstronne i mo\u017cna je pi\u0107 zar\u00f3wno samodzielnie, jak i jako sk\u0142adniki nowoczesnych koktajli.<\/p>\n<p>W mieszaniu, ten tonik doskonale komponuje si\u0119 z &#8222;bia\u0142ymi&#8221; i &#8222;z\u0142otymi&#8221; destylatami, zw\u0142aszcza z ginem i w\u00f3dk\u0105. Doskona\u0142y do tworzenia klasycznych aperitif\u00f3w i drink\u00f3w na bazie w\u00f3dki.<\/p>\n","protected":false},"excerpt":{"rendered":"<h2>Galvanina Tonica: idealna do orze\u017awienia<\/h2>\n<p>Organiczna tonik Galvanina zosta\u0142a stworzona z naturalnych substancji gorzkich, ekstrakt\u00f3w z kory chinowca, po\u0142\u0105czonych z nutami bergamotki i dodatkiem organicznego cukru trzcinowego.<\/p>\n<h4>Jak powsta\u0142a<\/h4>\n<p>Tonik powsta\u0142 w 1794 roku, kiedy niemiecki chemik stworzy\u0142 sod\u0119 jako lekarstwo. Pierwsza woda tonikowa powsta\u0142a poprzez po\u0142\u0105czenie sody, s\u0142odzika i dwutlenku w\u0119gla. Brytyjczycy w XVIII wieku zabrali j\u0105 ze sob\u0105, razem z ginem, podczas kolonizacji Indii. Historia tej napoju i ginu-tonicu jest wi\u0119c d\u0142uga i niezmiennie klasyczna. Mo\u017cna go pi\u0107 w czasie relaksu, w towarzystwie przek\u0105ski lub samodzielnie.<\/p>\n","protected":false},"featured_media":3497,"template":"","meta":{"_acf_changed":false,"inline_featured_image":false},"product_brand":[],"product_cat":[19,54],"product_tag":[],"class_list":{"0":"post-3494","1":"product","2":"type-product","3":"status-publish","4":"has-post-thumbnail","6":"product_cat-bibite-biologiche","7":"product_cat-toniche-bio","9":"first","10":"instock","11":"taxable","12":"shipping-taxable","13":"purchasable","14":"product-type-simple"},"acf":[],"yoast_head":"<!-- This site is optimized with the Yoast SEO plugin v27.3 - https:\/\/yoast.com\/product\/yoast-seo-wordpress\/ -->\n<title>Galvanina - Organiczny Tonic Klasyczny (200 ml) - Bevande Biologiche - Dissetante<\/title>\n<meta name=\"description\" content=\"La Tonica Bio di Galvanina \u00e8 idela per dissetarsi, con i principi amaricanti naturali della corteccia di china e aroma di bergamotto.\" \/>\n<meta name=\"robots\" content=\"index, follow, max-snippet:-1, max-image-preview:large, max-video-preview:-1\" \/>\n<link rel=\"canonical\" href=\"https:\/\/shop.galvanina.com\/pl\/prodotto\/organiczny-tonic-klasyczny-200-ml\/\" \/>\n<meta property=\"og:locale\" content=\"pl_PL\" \/>\n<meta property=\"og:type\" content=\"article\" \/>\n<meta property=\"og:title\" content=\"Galvanina - Organiczny Tonic Klasyczny (200 ml) - Bevande Biologiche - Dissetante\" \/>\n<meta property=\"og:description\" content=\"La Tonica Bio di Galvanina \u00e8 idela per dissetarsi, con i principi amaricanti naturali della corteccia di china e aroma di bergamotto.\" \/>\n<meta property=\"og:url\" content=\"https:\/\/shop.galvanina.com\/pl\/prodotto\/organiczny-tonic-klasyczny-200-ml\/\" \/>\n<meta property=\"og:site_name\" content=\"Galvanina Poland\" \/>\n<meta property=\"article:modified_time\" content=\"2026-01-13T08:46:38+00:00\" \/>\n<meta property=\"og:image\" content=\"https:\/\/shop.galvanina.com\/pl\/wp-content\/uploads\/sites\/2\/2024\/07\/Organic-Tonic-Classic.png\" \/>\n\t<meta property=\"og:image:width\" content=\"675\" \/>\n\t<meta property=\"og:image:height\" content=\"675\" \/>\n\t<meta property=\"og:image:type\" content=\"image\/png\" \/>\n<meta name=\"twitter:card\" content=\"summary_large_image\" \/>\n<meta name=\"twitter:label1\" content=\"Szacowany czas czytania\" \/>\n\t<meta name=\"twitter:data1\" content=\"2 minuty\" \/>\n<script type=\"application\/ld+json\" class=\"yoast-schema-graph\">{\"@context\":\"https:\\\/\\\/schema.org\",\"@graph\":[{\"@type\":\"WebPage\",\"@id\":\"https:\\\/\\\/shop.galvanina.com\\\/pl\\\/prodotto\\\/organiczny-tonic-klasyczny-200-ml\\\/\",\"url\":\"https:\\\/\\\/shop.galvanina.com\\\/pl\\\/prodotto\\\/organiczny-tonic-klasyczny-200-ml\\\/\",\"name\":\"Galvanina - Organiczny Tonic Klasyczny (200 ml) - Bevande Biologiche - Dissetante\",\"isPartOf\":{\"@id\":\"https:\\\/\\\/shop.galvanina.com\\\/pl\\\/#website\"},\"primaryImageOfPage\":{\"@id\":\"https:\\\/\\\/shop.galvanina.com\\\/pl\\\/prodotto\\\/organiczny-tonic-klasyczny-200-ml\\\/#primaryimage\"},\"image\":{\"@id\":\"https:\\\/\\\/shop.galvanina.com\\\/pl\\\/prodotto\\\/organiczny-tonic-klasyczny-200-ml\\\/#primaryimage\"},\"thumbnailUrl\":\"https:\\\/\\\/shop.galvanina.com\\\/pl\\\/wp-content\\\/uploads\\\/sites\\\/2\\\/2024\\\/07\\\/Organic-Tonic-Classic.png\",\"datePublished\":\"2024-07-01T10:44:03+00:00\",\"dateModified\":\"2026-01-13T08:46:38+00:00\",\"description\":\"La Tonica Bio di Galvanina \u00e8 idela per dissetarsi, con i principi amaricanti naturali della corteccia di china e aroma di bergamotto.\",\"breadcrumb\":{\"@id\":\"https:\\\/\\\/shop.galvanina.com\\\/pl\\\/prodotto\\\/organiczny-tonic-klasyczny-200-ml\\\/#breadcrumb\"},\"inLanguage\":\"pl-PL\",\"potentialAction\":[{\"@type\":\"ReadAction\",\"target\":[\"https:\\\/\\\/shop.galvanina.com\\\/pl\\\/prodotto\\\/organiczny-tonic-klasyczny-200-ml\\\/\"]}]},{\"@type\":\"ImageObject\",\"inLanguage\":\"pl-PL\",\"@id\":\"https:\\\/\\\/shop.galvanina.com\\\/pl\\\/prodotto\\\/organiczny-tonic-klasyczny-200-ml\\\/#primaryimage\",\"url\":\"https:\\\/\\\/shop.galvanina.com\\\/pl\\\/wp-content\\\/uploads\\\/sites\\\/2\\\/2024\\\/07\\\/Organic-Tonic-Classic.png\",\"contentUrl\":\"https:\\\/\\\/shop.galvanina.com\\\/pl\\\/wp-content\\\/uploads\\\/sites\\\/2\\\/2024\\\/07\\\/Organic-Tonic-Classic.png\",\"width\":675,\"height\":675,\"caption\":\"Clasyczna bio tonic Galvanina\"},{\"@type\":\"BreadcrumbList\",\"@id\":\"https:\\\/\\\/shop.galvanina.com\\\/pl\\\/prodotto\\\/organiczny-tonic-klasyczny-200-ml\\\/#breadcrumb\",\"itemListElement\":[{\"@type\":\"ListItem\",\"position\":1,\"name\":\"Home\",\"item\":\"https:\\\/\\\/shop.galvanina.com\\\/pl\\\/\"},{\"@type\":\"ListItem\",\"position\":2,\"name\":\"Sklep\",\"item\":\"https:\\\/\\\/shop.galvanina.com\\\/pl\\\/\"},{\"@type\":\"ListItem\",\"position\":3,\"name\":\"Organiczny Tonic Klasyczny (200 ml)\"}]},{\"@type\":\"WebSite\",\"@id\":\"https:\\\/\\\/shop.galvanina.com\\\/pl\\\/#website\",\"url\":\"https:\\\/\\\/shop.galvanina.com\\\/pl\\\/\",\"name\":\"Galvanina Poland\",\"description\":\"Kup Nasze produkty online\",\"publisher\":{\"@id\":\"https:\\\/\\\/shop.galvanina.com\\\/pl\\\/#organization\"},\"potentialAction\":[{\"@type\":\"SearchAction\",\"target\":{\"@type\":\"EntryPoint\",\"urlTemplate\":\"https:\\\/\\\/shop.galvanina.com\\\/pl\\\/?s={search_term_string}\"},\"query-input\":{\"@type\":\"PropertyValueSpecification\",\"valueRequired\":true,\"valueName\":\"search_term_string\"}}],\"inLanguage\":\"pl-PL\"},{\"@type\":\"Organization\",\"@id\":\"https:\\\/\\\/shop.galvanina.com\\\/pl\\\/#organization\",\"name\":\"Galvanina Poland\",\"url\":\"https:\\\/\\\/shop.galvanina.com\\\/pl\\\/\",\"logo\":{\"@type\":\"ImageObject\",\"inLanguage\":\"pl-PL\",\"@id\":\"https:\\\/\\\/shop.galvanina.com\\\/pl\\\/#\\\/schema\\\/logo\\\/image\\\/\",\"url\":\"https:\\\/\\\/shop.galvanina.com\\\/pl\\\/wp-content\\\/uploads\\\/sites\\\/2\\\/2023\\\/03\\\/GALVANINA-POLAND-e1689269161338.png\",\"contentUrl\":\"https:\\\/\\\/shop.galvanina.com\\\/pl\\\/wp-content\\\/uploads\\\/sites\\\/2\\\/2023\\\/03\\\/GALVANINA-POLAND-e1689269161338.png\",\"width\":500,\"height\":160,\"caption\":\"Galvanina Poland\"},\"image\":{\"@id\":\"https:\\\/\\\/shop.galvanina.com\\\/pl\\\/#\\\/schema\\\/logo\\\/image\\\/\"}}]}<\/script>\n<!-- \/ Yoast SEO plugin. -->","yoast_head_json":{"title":"Galvanina - Organiczny Tonic Klasyczny (200 ml) - Bevande Biologiche - Dissetante","description":"La Tonica Bio di Galvanina \u00e8 idela per dissetarsi, con i principi amaricanti naturali della corteccia di china e aroma di bergamotto.","robots":{"index":"index","follow":"follow","max-snippet":"max-snippet:-1","max-image-preview":"max-image-preview:large","max-video-preview":"max-video-preview:-1"},"canonical":"https:\/\/shop.galvanina.com\/pl\/prodotto\/organiczny-tonic-klasyczny-200-ml\/","og_locale":"pl_PL","og_type":"article","og_title":"Galvanina - Organiczny Tonic Klasyczny (200 ml) - Bevande Biologiche - Dissetante","og_description":"La Tonica Bio di Galvanina \u00e8 idela per dissetarsi, con i principi amaricanti naturali della corteccia di china e aroma di bergamotto.","og_url":"https:\/\/shop.galvanina.com\/pl\/prodotto\/organiczny-tonic-klasyczny-200-ml\/","og_site_name":"Galvanina Poland","article_modified_time":"2026-01-13T08:46:38+00:00","og_image":[{"width":675,"height":675,"url":"https:\/\/shop.galvanina.com\/pl\/wp-content\/uploads\/sites\/2\/2024\/07\/Organic-Tonic-Classic.png","type":"image\/png"}],"twitter_card":"summary_large_image","twitter_misc":{"Szacowany czas czytania":"2 minuty"},"schema":{"@context":"https:\/\/schema.org","@graph":[{"@type":"WebPage","@id":"https:\/\/shop.galvanina.com\/pl\/prodotto\/organiczny-tonic-klasyczny-200-ml\/","url":"https:\/\/shop.galvanina.com\/pl\/prodotto\/organiczny-tonic-klasyczny-200-ml\/","name":"Galvanina - Organiczny Tonic Klasyczny (200 ml) - Bevande Biologiche - Dissetante","isPartOf":{"@id":"https:\/\/shop.galvanina.com\/pl\/#website"},"primaryImageOfPage":{"@id":"https:\/\/shop.galvanina.com\/pl\/prodotto\/organiczny-tonic-klasyczny-200-ml\/#primaryimage"},"image":{"@id":"https:\/\/shop.galvanina.com\/pl\/prodotto\/organiczny-tonic-klasyczny-200-ml\/#primaryimage"},"thumbnailUrl":"https:\/\/shop.galvanina.com\/pl\/wp-content\/uploads\/sites\/2\/2024\/07\/Organic-Tonic-Classic.png","datePublished":"2024-07-01T10:44:03+00:00","dateModified":"2026-01-13T08:46:38+00:00","description":"La Tonica Bio di Galvanina \u00e8 idela per dissetarsi, con i principi amaricanti naturali della corteccia di china e aroma di bergamotto.","breadcrumb":{"@id":"https:\/\/shop.galvanina.com\/pl\/prodotto\/organiczny-tonic-klasyczny-200-ml\/#breadcrumb"},"inLanguage":"pl-PL","potentialAction":[{"@type":"ReadAction","target":["https:\/\/shop.galvanina.com\/pl\/prodotto\/organiczny-tonic-klasyczny-200-ml\/"]}]},{"@type":"ImageObject","inLanguage":"pl-PL","@id":"https:\/\/shop.galvanina.com\/pl\/prodotto\/organiczny-tonic-klasyczny-200-ml\/#primaryimage","url":"https:\/\/shop.galvanina.com\/pl\/wp-content\/uploads\/sites\/2\/2024\/07\/Organic-Tonic-Classic.png","contentUrl":"https:\/\/shop.galvanina.com\/pl\/wp-content\/uploads\/sites\/2\/2024\/07\/Organic-Tonic-Classic.png","width":675,"height":675,"caption":"Clasyczna bio tonic Galvanina"},{"@type":"BreadcrumbList","@id":"https:\/\/shop.galvanina.com\/pl\/prodotto\/organiczny-tonic-klasyczny-200-ml\/#breadcrumb","itemListElement":[{"@type":"ListItem","position":1,"name":"Home","item":"https:\/\/shop.galvanina.com\/pl\/"},{"@type":"ListItem","position":2,"name":"Sklep","item":"https:\/\/shop.galvanina.com\/pl\/"},{"@type":"ListItem","position":3,"name":"Organiczny Tonic Klasyczny (200 ml)"}]},{"@type":"WebSite","@id":"https:\/\/shop.galvanina.com\/pl\/#website","url":"https:\/\/shop.galvanina.com\/pl\/","name":"Galvanina Poland","description":"Kup Nasze produkty online","publisher":{"@id":"https:\/\/shop.galvanina.com\/pl\/#organization"},"potentialAction":[{"@type":"SearchAction","target":{"@type":"EntryPoint","urlTemplate":"https:\/\/shop.galvanina.com\/pl\/?s={search_term_string}"},"query-input":{"@type":"PropertyValueSpecification","valueRequired":true,"valueName":"search_term_string"}}],"inLanguage":"pl-PL"},{"@type":"Organization","@id":"https:\/\/shop.galvanina.com\/pl\/#organization","name":"Galvanina Poland","url":"https:\/\/shop.galvanina.com\/pl\/","logo":{"@type":"ImageObject","inLanguage":"pl-PL","@id":"https:\/\/shop.galvanina.com\/pl\/#\/schema\/logo\/image\/","url":"https:\/\/shop.galvanina.com\/pl\/wp-content\/uploads\/sites\/2\/2023\/03\/GALVANINA-POLAND-e1689269161338.png","contentUrl":"https:\/\/shop.galvanina.com\/pl\/wp-content\/uploads\/sites\/2\/2023\/03\/GALVANINA-POLAND-e1689269161338.png","width":500,"height":160,"caption":"Galvanina Poland"},"image":{"@id":"https:\/\/shop.galvanina.com\/pl\/#\/schema\/logo\/image\/"}}]}},"_links":{"self":[{"href":"https:\/\/shop.galvanina.com\/pl\/wp-json\/wp\/v2\/product\/3494","targetHints":{"allow":["GET"]}}],"collection":[{"href":"https:\/\/shop.galvanina.com\/pl\/wp-json\/wp\/v2\/product"}],"about":[{"href":"https:\/\/shop.galvanina.com\/pl\/wp-json\/wp\/v2\/types\/product"}],"wp:featuredmedia":[{"embeddable":true,"href":"https:\/\/shop.galvanina.com\/pl\/wp-json\/wp\/v2\/media\/3497"}],"wp:attachment":[{"href":"https:\/\/shop.galvanina.com\/pl\/wp-json\/wp\/v2\/media?parent=3494"}],"wp:term":[{"taxonomy":"product_brand","embeddable":true,"href":"https:\/\/shop.galvanina.com\/pl\/wp-json\/wp\/v2\/product_brand?post=3494"},{"taxonomy":"product_cat","embeddable":true,"href":"https:\/\/shop.galvanina.com\/pl\/wp-json\/wp\/v2\/product_cat?post=3494"},{"taxonomy":"product_tag","embeddable":true,"href":"https:\/\/shop.galvanina.com\/pl\/wp-json\/wp\/v2\/product_tag?post=3494"}],"curies":[{"name":"wp","href":"https:\/\/api.w.org\/{rel}","templated":true}]}}