{"id":3504,"date":"2024-07-02T11:59:37","date_gmt":"2024-07-02T09:59:37","guid":{"rendered":"https:\/\/shop.galvanina.com\/pl\/?post_type=product&#038;p=3504"},"modified":"2026-01-13T09:46:09","modified_gmt":"2026-01-13T08:46:09","slug":"organiczny-bezalkoholowy-spritz-200-ml","status":"publish","type":"product","link":"https:\/\/shop.galvanina.com\/pl\/prodotto\/organiczny-bezalkoholowy-spritz-200-ml\/","title":{"rendered":"Organiczny Bezalkoholowy Spritz (200 ml)"},"content":{"rendered":"<h2>Galvanina bezalkoholowy Bio Spritz<\/h2>\n<p><strong>Spritz<\/strong>\u00a0\u0142\u0105czy gorzkawo\u015b\u0107 czerwonych pomara\u0144czy z delikatnym dodatkiem zi\u00f3\u0142 aromatycznych w musuj\u0105cym i pe\u0142nym \u017cycia napoju. Ka\u017cda wersja jest tworzona z organicznych i naturalnych sk\u0142adnik\u00f3w, bez sztucznych barwnik\u00f3w czy konserwant\u00f3w, prezentowana w eleganckich butelkach, kt\u00f3re odzwierciedlaj\u0105 autentyczny w\u0142oski styl. Te aperitify s\u0105 idealne dla tych, kt\u00f3rzy szukaj\u0105 bezalkoholowej alternatywy bez kompromis\u00f3w w smaku czy do\u015bwiadczeniu.<\/p>\n","protected":false},"excerpt":{"rendered":"<h2>Galvanina bezalkoholowy Spritz<\/h2>\n<p>Linia napoj\u00f3w aperitif bezalkoholowych Galvanina oferuje elegancja i smaku, idealne na ka\u017cd\u0105 okazj\u0119 towarzysk\u0105.<\/p>\n","protected":false},"featured_media":3505,"template":"","meta":{"_acf_changed":false,"inline_featured_image":false},"product_brand":[],"product_cat":[60,22],"product_tag":[],"class_list":{"0":"post-3504","1":"product","2":"type-product","3":"status-publish","4":"has-post-thumbnail","6":"product_cat-mocktajl","7":"product_cat-mixer-bio","9":"first","10":"instock","11":"taxable","12":"shipping-taxable","13":"purchasable","14":"product-type-simple"},"acf":[],"yoast_head":"<!-- This site is optimized with the Yoast SEO plugin v27.3 - https:\/\/yoast.com\/product\/yoast-seo-wordpress\/ -->\n<title>Galvanina - Organiczny Bezalkoholowy Spritz (200 ml) - Bevande Biologiche - Dissetante<\/title>\n<meta name=\"description\" content=\"La Tonica Bio di Galvanina \u00e8 idela per dissetarsi, con i principi amaricanti naturali della corteccia di china e aroma di bergamotto.\" \/>\n<meta name=\"robots\" content=\"index, follow, max-snippet:-1, max-image-preview:large, max-video-preview:-1\" \/>\n<link rel=\"canonical\" href=\"https:\/\/shop.galvanina.com\/pl\/prodotto\/organiczny-bezalkoholowy-spritz-200-ml\/\" \/>\n<meta property=\"og:locale\" content=\"pl_PL\" \/>\n<meta property=\"og:type\" content=\"article\" \/>\n<meta property=\"og:title\" content=\"Galvanina - Organiczny Bezalkoholowy Spritz (200 ml) - Bevande Biologiche - Dissetante\" \/>\n<meta property=\"og:description\" content=\"La Tonica Bio di Galvanina \u00e8 idela per dissetarsi, con i principi amaricanti naturali della corteccia di china e aroma di bergamotto.\" \/>\n<meta property=\"og:url\" content=\"https:\/\/shop.galvanina.com\/pl\/prodotto\/organiczny-bezalkoholowy-spritz-200-ml\/\" \/>\n<meta property=\"og:site_name\" content=\"Galvanina Poland\" \/>\n<meta property=\"article:modified_time\" content=\"2026-01-13T08:46:09+00:00\" \/>\n<meta property=\"og:image\" content=\"https:\/\/shop.galvanina.com\/pl\/wp-content\/uploads\/sites\/2\/2024\/07\/Organic-Spritz-1.png\" \/>\n\t<meta property=\"og:image:width\" content=\"675\" \/>\n\t<meta property=\"og:image:height\" content=\"675\" \/>\n\t<meta property=\"og:image:type\" content=\"image\/png\" \/>\n<meta name=\"twitter:card\" content=\"summary_large_image\" \/>\n<meta name=\"twitter:label1\" content=\"Szacowany czas czytania\" \/>\n\t<meta name=\"twitter:data1\" content=\"1 minuta\" \/>\n<script type=\"application\/ld+json\" class=\"yoast-schema-graph\">{\"@context\":\"https:\\\/\\\/schema.org\",\"@graph\":[{\"@type\":\"WebPage\",\"@id\":\"https:\\\/\\\/shop.galvanina.com\\\/pl\\\/prodotto\\\/organiczny-bezalkoholowy-spritz-200-ml\\\/\",\"url\":\"https:\\\/\\\/shop.galvanina.com\\\/pl\\\/prodotto\\\/organiczny-bezalkoholowy-spritz-200-ml\\\/\",\"name\":\"Galvanina - Organiczny Bezalkoholowy Spritz (200 ml) - Bevande Biologiche - Dissetante\",\"isPartOf\":{\"@id\":\"https:\\\/\\\/shop.galvanina.com\\\/pl\\\/#website\"},\"primaryImageOfPage\":{\"@id\":\"https:\\\/\\\/shop.galvanina.com\\\/pl\\\/prodotto\\\/organiczny-bezalkoholowy-spritz-200-ml\\\/#primaryimage\"},\"image\":{\"@id\":\"https:\\\/\\\/shop.galvanina.com\\\/pl\\\/prodotto\\\/organiczny-bezalkoholowy-spritz-200-ml\\\/#primaryimage\"},\"thumbnailUrl\":\"https:\\\/\\\/shop.galvanina.com\\\/pl\\\/wp-content\\\/uploads\\\/sites\\\/2\\\/2024\\\/07\\\/Organic-Spritz-1.png\",\"datePublished\":\"2024-07-02T09:59:37+00:00\",\"dateModified\":\"2026-01-13T08:46:09+00:00\",\"description\":\"La Tonica Bio di Galvanina \u00e8 idela per dissetarsi, con i principi amaricanti naturali della corteccia di china e aroma di bergamotto.\",\"breadcrumb\":{\"@id\":\"https:\\\/\\\/shop.galvanina.com\\\/pl\\\/prodotto\\\/organiczny-bezalkoholowy-spritz-200-ml\\\/#breadcrumb\"},\"inLanguage\":\"pl-PL\",\"potentialAction\":[{\"@type\":\"ReadAction\",\"target\":[\"https:\\\/\\\/shop.galvanina.com\\\/pl\\\/prodotto\\\/organiczny-bezalkoholowy-spritz-200-ml\\\/\"]}]},{\"@type\":\"ImageObject\",\"inLanguage\":\"pl-PL\",\"@id\":\"https:\\\/\\\/shop.galvanina.com\\\/pl\\\/prodotto\\\/organiczny-bezalkoholowy-spritz-200-ml\\\/#primaryimage\",\"url\":\"https:\\\/\\\/shop.galvanina.com\\\/pl\\\/wp-content\\\/uploads\\\/sites\\\/2\\\/2024\\\/07\\\/Organic-Spritz-1.png\",\"contentUrl\":\"https:\\\/\\\/shop.galvanina.com\\\/pl\\\/wp-content\\\/uploads\\\/sites\\\/2\\\/2024\\\/07\\\/Organic-Spritz-1.png\",\"width\":675,\"height\":675,\"caption\":\"Bez alkoholowy Spritz Galvanina\"},{\"@type\":\"BreadcrumbList\",\"@id\":\"https:\\\/\\\/shop.galvanina.com\\\/pl\\\/prodotto\\\/organiczny-bezalkoholowy-spritz-200-ml\\\/#breadcrumb\",\"itemListElement\":[{\"@type\":\"ListItem\",\"position\":1,\"name\":\"Home\",\"item\":\"https:\\\/\\\/shop.galvanina.com\\\/pl\\\/\"},{\"@type\":\"ListItem\",\"position\":2,\"name\":\"Sklep\",\"item\":\"https:\\\/\\\/shop.galvanina.com\\\/pl\\\/\"},{\"@type\":\"ListItem\",\"position\":3,\"name\":\"Organiczny Bezalkoholowy Spritz (200 ml)\"}]},{\"@type\":\"WebSite\",\"@id\":\"https:\\\/\\\/shop.galvanina.com\\\/pl\\\/#website\",\"url\":\"https:\\\/\\\/shop.galvanina.com\\\/pl\\\/\",\"name\":\"Galvanina Poland\",\"description\":\"Kup Nasze produkty online\",\"publisher\":{\"@id\":\"https:\\\/\\\/shop.galvanina.com\\\/pl\\\/#organization\"},\"potentialAction\":[{\"@type\":\"SearchAction\",\"target\":{\"@type\":\"EntryPoint\",\"urlTemplate\":\"https:\\\/\\\/shop.galvanina.com\\\/pl\\\/?s={search_term_string}\"},\"query-input\":{\"@type\":\"PropertyValueSpecification\",\"valueRequired\":true,\"valueName\":\"search_term_string\"}}],\"inLanguage\":\"pl-PL\"},{\"@type\":\"Organization\",\"@id\":\"https:\\\/\\\/shop.galvanina.com\\\/pl\\\/#organization\",\"name\":\"Galvanina Poland\",\"url\":\"https:\\\/\\\/shop.galvanina.com\\\/pl\\\/\",\"logo\":{\"@type\":\"ImageObject\",\"inLanguage\":\"pl-PL\",\"@id\":\"https:\\\/\\\/shop.galvanina.com\\\/pl\\\/#\\\/schema\\\/logo\\\/image\\\/\",\"url\":\"https:\\\/\\\/shop.galvanina.com\\\/pl\\\/wp-content\\\/uploads\\\/sites\\\/2\\\/2023\\\/03\\\/GALVANINA-POLAND-e1689269161338.png\",\"contentUrl\":\"https:\\\/\\\/shop.galvanina.com\\\/pl\\\/wp-content\\\/uploads\\\/sites\\\/2\\\/2023\\\/03\\\/GALVANINA-POLAND-e1689269161338.png\",\"width\":500,\"height\":160,\"caption\":\"Galvanina Poland\"},\"image\":{\"@id\":\"https:\\\/\\\/shop.galvanina.com\\\/pl\\\/#\\\/schema\\\/logo\\\/image\\\/\"}}]}<\/script>\n<!-- \/ Yoast SEO plugin. -->","yoast_head_json":{"title":"Galvanina - Organiczny Bezalkoholowy Spritz (200 ml) - Bevande Biologiche - Dissetante","description":"La Tonica Bio di Galvanina \u00e8 idela per dissetarsi, con i principi amaricanti naturali della corteccia di china e aroma di bergamotto.","robots":{"index":"index","follow":"follow","max-snippet":"max-snippet:-1","max-image-preview":"max-image-preview:large","max-video-preview":"max-video-preview:-1"},"canonical":"https:\/\/shop.galvanina.com\/pl\/prodotto\/organiczny-bezalkoholowy-spritz-200-ml\/","og_locale":"pl_PL","og_type":"article","og_title":"Galvanina - Organiczny Bezalkoholowy Spritz (200 ml) - Bevande Biologiche - Dissetante","og_description":"La Tonica Bio di Galvanina \u00e8 idela per dissetarsi, con i principi amaricanti naturali della corteccia di china e aroma di bergamotto.","og_url":"https:\/\/shop.galvanina.com\/pl\/prodotto\/organiczny-bezalkoholowy-spritz-200-ml\/","og_site_name":"Galvanina Poland","article_modified_time":"2026-01-13T08:46:09+00:00","og_image":[{"width":675,"height":675,"url":"https:\/\/shop.galvanina.com\/pl\/wp-content\/uploads\/sites\/2\/2024\/07\/Organic-Spritz-1.png","type":"image\/png"}],"twitter_card":"summary_large_image","twitter_misc":{"Szacowany czas czytania":"1 minuta"},"schema":{"@context":"https:\/\/schema.org","@graph":[{"@type":"WebPage","@id":"https:\/\/shop.galvanina.com\/pl\/prodotto\/organiczny-bezalkoholowy-spritz-200-ml\/","url":"https:\/\/shop.galvanina.com\/pl\/prodotto\/organiczny-bezalkoholowy-spritz-200-ml\/","name":"Galvanina - Organiczny Bezalkoholowy Spritz (200 ml) - Bevande Biologiche - Dissetante","isPartOf":{"@id":"https:\/\/shop.galvanina.com\/pl\/#website"},"primaryImageOfPage":{"@id":"https:\/\/shop.galvanina.com\/pl\/prodotto\/organiczny-bezalkoholowy-spritz-200-ml\/#primaryimage"},"image":{"@id":"https:\/\/shop.galvanina.com\/pl\/prodotto\/organiczny-bezalkoholowy-spritz-200-ml\/#primaryimage"},"thumbnailUrl":"https:\/\/shop.galvanina.com\/pl\/wp-content\/uploads\/sites\/2\/2024\/07\/Organic-Spritz-1.png","datePublished":"2024-07-02T09:59:37+00:00","dateModified":"2026-01-13T08:46:09+00:00","description":"La Tonica Bio di Galvanina \u00e8 idela per dissetarsi, con i principi amaricanti naturali della corteccia di china e aroma di bergamotto.","breadcrumb":{"@id":"https:\/\/shop.galvanina.com\/pl\/prodotto\/organiczny-bezalkoholowy-spritz-200-ml\/#breadcrumb"},"inLanguage":"pl-PL","potentialAction":[{"@type":"ReadAction","target":["https:\/\/shop.galvanina.com\/pl\/prodotto\/organiczny-bezalkoholowy-spritz-200-ml\/"]}]},{"@type":"ImageObject","inLanguage":"pl-PL","@id":"https:\/\/shop.galvanina.com\/pl\/prodotto\/organiczny-bezalkoholowy-spritz-200-ml\/#primaryimage","url":"https:\/\/shop.galvanina.com\/pl\/wp-content\/uploads\/sites\/2\/2024\/07\/Organic-Spritz-1.png","contentUrl":"https:\/\/shop.galvanina.com\/pl\/wp-content\/uploads\/sites\/2\/2024\/07\/Organic-Spritz-1.png","width":675,"height":675,"caption":"Bez alkoholowy Spritz Galvanina"},{"@type":"BreadcrumbList","@id":"https:\/\/shop.galvanina.com\/pl\/prodotto\/organiczny-bezalkoholowy-spritz-200-ml\/#breadcrumb","itemListElement":[{"@type":"ListItem","position":1,"name":"Home","item":"https:\/\/shop.galvanina.com\/pl\/"},{"@type":"ListItem","position":2,"name":"Sklep","item":"https:\/\/shop.galvanina.com\/pl\/"},{"@type":"ListItem","position":3,"name":"Organiczny Bezalkoholowy Spritz (200 ml)"}]},{"@type":"WebSite","@id":"https:\/\/shop.galvanina.com\/pl\/#website","url":"https:\/\/shop.galvanina.com\/pl\/","name":"Galvanina Poland","description":"Kup Nasze produkty online","publisher":{"@id":"https:\/\/shop.galvanina.com\/pl\/#organization"},"potentialAction":[{"@type":"SearchAction","target":{"@type":"EntryPoint","urlTemplate":"https:\/\/shop.galvanina.com\/pl\/?s={search_term_string}"},"query-input":{"@type":"PropertyValueSpecification","valueRequired":true,"valueName":"search_term_string"}}],"inLanguage":"pl-PL"},{"@type":"Organization","@id":"https:\/\/shop.galvanina.com\/pl\/#organization","name":"Galvanina Poland","url":"https:\/\/shop.galvanina.com\/pl\/","logo":{"@type":"ImageObject","inLanguage":"pl-PL","@id":"https:\/\/shop.galvanina.com\/pl\/#\/schema\/logo\/image\/","url":"https:\/\/shop.galvanina.com\/pl\/wp-content\/uploads\/sites\/2\/2023\/03\/GALVANINA-POLAND-e1689269161338.png","contentUrl":"https:\/\/shop.galvanina.com\/pl\/wp-content\/uploads\/sites\/2\/2023\/03\/GALVANINA-POLAND-e1689269161338.png","width":500,"height":160,"caption":"Galvanina Poland"},"image":{"@id":"https:\/\/shop.galvanina.com\/pl\/#\/schema\/logo\/image\/"}}]}},"_links":{"self":[{"href":"https:\/\/shop.galvanina.com\/pl\/wp-json\/wp\/v2\/product\/3504","targetHints":{"allow":["GET"]}}],"collection":[{"href":"https:\/\/shop.galvanina.com\/pl\/wp-json\/wp\/v2\/product"}],"about":[{"href":"https:\/\/shop.galvanina.com\/pl\/wp-json\/wp\/v2\/types\/product"}],"wp:featuredmedia":[{"embeddable":true,"href":"https:\/\/shop.galvanina.com\/pl\/wp-json\/wp\/v2\/media\/3505"}],"wp:attachment":[{"href":"https:\/\/shop.galvanina.com\/pl\/wp-json\/wp\/v2\/media?parent=3504"}],"wp:term":[{"taxonomy":"product_brand","embeddable":true,"href":"https:\/\/shop.galvanina.com\/pl\/wp-json\/wp\/v2\/product_brand?post=3504"},{"taxonomy":"product_cat","embeddable":true,"href":"https:\/\/shop.galvanina.com\/pl\/wp-json\/wp\/v2\/product_cat?post=3504"},{"taxonomy":"product_tag","embeddable":true,"href":"https:\/\/shop.galvanina.com\/pl\/wp-json\/wp\/v2\/product_tag?post=3504"}],"curies":[{"name":"wp","href":"https:\/\/api.w.org\/{rel}","templated":true}]}}