{"id":3913,"date":"2026-05-01T14:29:19","date_gmt":"2026-05-01T12:29:19","guid":{"rendered":"https:\/\/shop.galvanina.com\/pl\/?post_type=product&#038;p=3913"},"modified":"2026-05-01T14:30:47","modified_gmt":"2026-05-01T12:30:47","slug":"galvanina-panettonic-mistrzostwo-botanicznej-elegancji","status":"publish","type":"product","link":"https:\/\/shop.galvanina.com\/pl\/prodotto\/galvanina-panettonic-mistrzostwo-botanicznej-elegancji\/","title":{"rendered":"Galvanina Panettonic: Mistrzostwo Botanicznej Elegancji."},"content":{"rendered":"<p><strong>Odkryj now\u0105 definicj\u0119 toniku.<\/strong> To nie jest dodatek. To klucz do niezapomnianego do\u015bwiadczenia smaku. Galvanina Panettonic to ultra-premium botaniczny mixer, stworzony dla tych, kt\u00f3rzy nie uznaj\u0105 kompromis\u00f3w, kiedy mowa o jako\u015bci i wyrafinowaniu. To ho\u0142d dla w\u0142oskiej sztuki destylacji aromat\u00f3w, zamkni\u0119ty w butelce.<\/p>\n<p>Stworzyli\u015bmy Panettonic, \u0142\u0105cz\u0105c nasz\u0105 krystaliczn\u0105, naturaln\u0105 wod\u0119 mineraln\u0105 z unikaln\u0105 kompozycj\u0105 najszlachetniejszych ekstrakt\u00f3w botanicznych, pochodz\u0105cych wy\u0142\u0105cznie z <strong>certyfikowanych upraw ekologicznych<\/strong>. Inspiracja kryj\u0105ca si\u0119 za jego nazw\u0105 sugeruje z\u0142o\u017cono\u015b\u0107, g\u0142\u0119bi\u0119 i ciep\u0142e, agrumowe nuty, kt\u00f3re wznosz\u0105 klasyczny tonik na zupe\u0142nie nowy poziom.<\/p>\n<p><!-- Punti di forza del prodotto --><\/p>\n<h2>Dlaczego Galvanina Panettonic to wyb\u00f3r mistrz\u00f3w mixology?<\/h2>\n<ul>\n<li><strong>Z\u0142o\u017cony Profil Botaniczny Bio:<\/strong><br \/>\nPoczuj harmoni\u0119 naturalnych ekstrakt\u00f3w ro\u015blinnych, kt\u00f3re tworz\u0105 wielowarstwowy, trwa\u0142y bukiet aromat\u00f3w. Czysta, naturalna chinina organiczna nadaje szlachetn\u0105 goryczk\u0119, idealnie zbalansowan\u0105 agrumowymi e przyprawowymi akcentami.<\/li>\n<li><strong>Baza z Naturalnej Wody Mineralnej Galvanina:<\/strong><br \/>\nKrystaliczna czysto\u015b\u0107 i unikalny balans mineralny naszej wody stanowi\u0105 idealne t\u0142o, kt\u00f3re pozwala w pe\u0142ni wybrzmie\u0107 botanicznym nutom, nie dominuj\u0105c ich.<\/li>\n<li><strong>Stworzony dla Premium Spirits:<\/strong><br \/>\nPanettonic zosta\u0142 zaprojektowany, aby wzbogaca\u0107, a nie maskowa\u0107, smak najlepszych alkoholi, takich jak premium giny, w\u00f3dki rzemie\u015blnicze czy mezcale.<\/li>\n<li><strong>Clean Label \u2013 Czysta Etykieta:<\/strong><br \/>\nTylko naturalne sk\u0142adniki. \u017badnych sztucznych aromat\u00f3w, barwnik\u00f3w, konserwant\u00f3w czy syropu glukozowo-fruktozowego. S\u0142odzony wy\u0142\u0105cznie organicznym cukrem trzcinowym.<\/li>\n<li><strong>Luksusowy Design:<\/strong><br \/>\nIkoniczna, szklana butelka z charakterystycznymi t\u0142oczeniami to symbol presti\u017cu na stole i barze, podkre\u015blaj\u0105cy jako\u015b\u0107 zawarto\u015bci.<\/li>\n<\/ul>\n<p><!-- Descrizione del consumo --><\/p>\n<p>Galvanina Panettonic to sekret doskona\u0142ego Gin &amp; Tonic oraz innych, wyrafinowanych koktajli. Smakuje wybornie r\u00f3wnie\u017c serwowany liscio, mocno sch\u0142odzony, z kostkami lodu i finezyjnym garnish, jako wykwintny nap\u00f3j orze\u017awiaj\u0105cy.<\/p>\n<p><!-- Paragrafo conclusivo di vendita --><\/p>\n<p><strong>Odkryj prawdziw\u0105 g\u0142\u0119bi\u0119 botanicznego smaku. Poczuj r\u00f3\u017cnic\u0119 Galvanina!<\/strong><\/p>\n","protected":false},"excerpt":{"rendered":"<p>Odkryj now\u0105 definicj\u0119 toniku. To nie jest dodatek. To klucz do niezapomnianego do\u015bwiadczenia smaku. Galvanina Panettonic to ultra-premium botaniczny mixer, stworzony dla tych, kt\u00f3rzy nie uznaj\u0105 kompromis\u00f3w, kiedy mowa o jako\u015bci i wyrafinowaniu. To ho\u0142d dla w\u0142oskiej sztuki destylacji aromat\u00f3w, zamkni\u0119ty w butelce. Stworzyli\u015bmy Panettonic, \u0142\u0105cz\u0105c nasz\u0105 krystaliczn\u0105, naturaln\u0105 wod\u0119 mineraln\u0105 z unikaln\u0105 kompozycj\u0105 najszlachetniejszych [&hellip;]<\/p>\n","protected":false},"featured_media":3914,"template":"","meta":{"_acf_changed":false,"inline_featured_image":false},"product_brand":[],"product_cat":[19,15,54,22],"product_tag":[],"class_list":{"0":"post-3913","1":"product","2":"type-product","3":"status-publish","4":"has-post-thumbnail","6":"product_cat-bibite-biologiche","7":"product_cat-senza-categoria","8":"product_cat-toniche-bio","9":"product_cat-mixer-bio","11":"first","12":"instock","13":"taxable","14":"shipping-taxable","15":"purchasable","16":"product-type-simple"},"acf":[],"yoast_head":"<!-- This site is optimized with the Yoast SEO plugin v27.3 - https:\/\/yoast.com\/product\/yoast-seo-wordpress\/ -->\n<title>Galvanina Panettonic: Mistrzostwo Botanicznej Elegancji. - Galvanina Poland<\/title>\n<meta name=\"robots\" content=\"index, follow, max-snippet:-1, max-image-preview:large, max-video-preview:-1\" \/>\n<link rel=\"canonical\" href=\"https:\/\/shop.galvanina.com\/pl\/prodotto\/galvanina-panettonic-mistrzostwo-botanicznej-elegancji\/\" \/>\n<meta property=\"og:locale\" content=\"pl_PL\" \/>\n<meta property=\"og:type\" content=\"article\" \/>\n<meta property=\"og:title\" content=\"Galvanina Panettonic: Mistrzostwo Botanicznej Elegancji. - Galvanina Poland\" \/>\n<meta property=\"og:description\" content=\"Odkryj now\u0105 definicj\u0119 toniku. To nie jest dodatek. To klucz do niezapomnianego do\u015bwiadczenia smaku. Galvanina Panettonic to ultra-premium botaniczny mixer, stworzony dla tych, kt\u00f3rzy nie uznaj\u0105 kompromis\u00f3w, kiedy mowa o jako\u015bci i wyrafinowaniu. To ho\u0142d dla w\u0142oskiej sztuki destylacji aromat\u00f3w, zamkni\u0119ty w butelce. Stworzyli\u015bmy Panettonic, \u0142\u0105cz\u0105c nasz\u0105 krystaliczn\u0105, naturaln\u0105 wod\u0119 mineraln\u0105 z unikaln\u0105 kompozycj\u0105 najszlachetniejszych [&hellip;]\" \/>\n<meta property=\"og:url\" content=\"https:\/\/shop.galvanina.com\/pl\/prodotto\/galvanina-panettonic-mistrzostwo-botanicznej-elegancji\/\" \/>\n<meta property=\"og:site_name\" content=\"Galvanina Poland\" \/>\n<meta property=\"article:modified_time\" content=\"2026-05-01T12:30:47+00:00\" \/>\n<meta property=\"og:image\" content=\"https:\/\/shop.galvanina.com\/pl\/wp-content\/uploads\/sites\/2\/2026\/05\/Panettonic-200.png\" \/>\n\t<meta property=\"og:image:width\" content=\"700\" \/>\n\t<meta property=\"og:image:height\" content=\"700\" \/>\n\t<meta property=\"og:image:type\" content=\"image\/png\" \/>\n<meta name=\"twitter:card\" content=\"summary_large_image\" \/>\n<meta name=\"twitter:label1\" content=\"Szacowany czas czytania\" \/>\n\t<meta name=\"twitter:data1\" content=\"2 minuty\" \/>\n<script type=\"application\/ld+json\" class=\"yoast-schema-graph\">{\"@context\":\"https:\\\/\\\/schema.org\",\"@graph\":[{\"@type\":\"WebPage\",\"@id\":\"https:\\\/\\\/shop.galvanina.com\\\/pl\\\/prodotto\\\/galvanina-panettonic-mistrzostwo-botanicznej-elegancji\\\/\",\"url\":\"https:\\\/\\\/shop.galvanina.com\\\/pl\\\/prodotto\\\/galvanina-panettonic-mistrzostwo-botanicznej-elegancji\\\/\",\"name\":\"Galvanina Panettonic: Mistrzostwo Botanicznej Elegancji. - Galvanina Poland\",\"isPartOf\":{\"@id\":\"https:\\\/\\\/shop.galvanina.com\\\/pl\\\/#website\"},\"primaryImageOfPage\":{\"@id\":\"https:\\\/\\\/shop.galvanina.com\\\/pl\\\/prodotto\\\/galvanina-panettonic-mistrzostwo-botanicznej-elegancji\\\/#primaryimage\"},\"image\":{\"@id\":\"https:\\\/\\\/shop.galvanina.com\\\/pl\\\/prodotto\\\/galvanina-panettonic-mistrzostwo-botanicznej-elegancji\\\/#primaryimage\"},\"thumbnailUrl\":\"https:\\\/\\\/shop.galvanina.com\\\/pl\\\/wp-content\\\/uploads\\\/sites\\\/2\\\/2026\\\/05\\\/Panettonic-200.png\",\"datePublished\":\"2026-05-01T12:29:19+00:00\",\"dateModified\":\"2026-05-01T12:30:47+00:00\",\"breadcrumb\":{\"@id\":\"https:\\\/\\\/shop.galvanina.com\\\/pl\\\/prodotto\\\/galvanina-panettonic-mistrzostwo-botanicznej-elegancji\\\/#breadcrumb\"},\"inLanguage\":\"pl-PL\",\"potentialAction\":[{\"@type\":\"ReadAction\",\"target\":[\"https:\\\/\\\/shop.galvanina.com\\\/pl\\\/prodotto\\\/galvanina-panettonic-mistrzostwo-botanicznej-elegancji\\\/\"]}]},{\"@type\":\"ImageObject\",\"inLanguage\":\"pl-PL\",\"@id\":\"https:\\\/\\\/shop.galvanina.com\\\/pl\\\/prodotto\\\/galvanina-panettonic-mistrzostwo-botanicznej-elegancji\\\/#primaryimage\",\"url\":\"https:\\\/\\\/shop.galvanina.com\\\/pl\\\/wp-content\\\/uploads\\\/sites\\\/2\\\/2026\\\/05\\\/Panettonic-200.png\",\"contentUrl\":\"https:\\\/\\\/shop.galvanina.com\\\/pl\\\/wp-content\\\/uploads\\\/sites\\\/2\\\/2026\\\/05\\\/Panettonic-200.png\",\"width\":700,\"height\":700,\"caption\":\"Galvanina Panettoni 200 ml\"},{\"@type\":\"BreadcrumbList\",\"@id\":\"https:\\\/\\\/shop.galvanina.com\\\/pl\\\/prodotto\\\/galvanina-panettonic-mistrzostwo-botanicznej-elegancji\\\/#breadcrumb\",\"itemListElement\":[{\"@type\":\"ListItem\",\"position\":1,\"name\":\"Home\",\"item\":\"https:\\\/\\\/shop.galvanina.com\\\/pl\\\/\"},{\"@type\":\"ListItem\",\"position\":2,\"name\":\"Sklep\",\"item\":\"https:\\\/\\\/shop.galvanina.com\\\/pl\\\/\"},{\"@type\":\"ListItem\",\"position\":3,\"name\":\"Galvanina Panettonic: Mistrzostwo Botanicznej Elegancji.\"}]},{\"@type\":\"WebSite\",\"@id\":\"https:\\\/\\\/shop.galvanina.com\\\/pl\\\/#website\",\"url\":\"https:\\\/\\\/shop.galvanina.com\\\/pl\\\/\",\"name\":\"Galvanina Poland\",\"description\":\"Kup Nasze produkty online\",\"publisher\":{\"@id\":\"https:\\\/\\\/shop.galvanina.com\\\/pl\\\/#organization\"},\"potentialAction\":[{\"@type\":\"SearchAction\",\"target\":{\"@type\":\"EntryPoint\",\"urlTemplate\":\"https:\\\/\\\/shop.galvanina.com\\\/pl\\\/?s={search_term_string}\"},\"query-input\":{\"@type\":\"PropertyValueSpecification\",\"valueRequired\":true,\"valueName\":\"search_term_string\"}}],\"inLanguage\":\"pl-PL\"},{\"@type\":\"Organization\",\"@id\":\"https:\\\/\\\/shop.galvanina.com\\\/pl\\\/#organization\",\"name\":\"Galvanina Poland\",\"url\":\"https:\\\/\\\/shop.galvanina.com\\\/pl\\\/\",\"logo\":{\"@type\":\"ImageObject\",\"inLanguage\":\"pl-PL\",\"@id\":\"https:\\\/\\\/shop.galvanina.com\\\/pl\\\/#\\\/schema\\\/logo\\\/image\\\/\",\"url\":\"https:\\\/\\\/shop.galvanina.com\\\/pl\\\/wp-content\\\/uploads\\\/sites\\\/2\\\/2023\\\/03\\\/GALVANINA-POLAND-e1689269161338.png\",\"contentUrl\":\"https:\\\/\\\/shop.galvanina.com\\\/pl\\\/wp-content\\\/uploads\\\/sites\\\/2\\\/2023\\\/03\\\/GALVANINA-POLAND-e1689269161338.png\",\"width\":500,\"height\":160,\"caption\":\"Galvanina Poland\"},\"image\":{\"@id\":\"https:\\\/\\\/shop.galvanina.com\\\/pl\\\/#\\\/schema\\\/logo\\\/image\\\/\"}}]}<\/script>\n<!-- \/ Yoast SEO plugin. -->","yoast_head_json":{"title":"Galvanina Panettonic: Mistrzostwo Botanicznej Elegancji. - Galvanina Poland","robots":{"index":"index","follow":"follow","max-snippet":"max-snippet:-1","max-image-preview":"max-image-preview:large","max-video-preview":"max-video-preview:-1"},"canonical":"https:\/\/shop.galvanina.com\/pl\/prodotto\/galvanina-panettonic-mistrzostwo-botanicznej-elegancji\/","og_locale":"pl_PL","og_type":"article","og_title":"Galvanina Panettonic: Mistrzostwo Botanicznej Elegancji. - Galvanina Poland","og_description":"Odkryj now\u0105 definicj\u0119 toniku. To nie jest dodatek. To klucz do niezapomnianego do\u015bwiadczenia smaku. Galvanina Panettonic to ultra-premium botaniczny mixer, stworzony dla tych, kt\u00f3rzy nie uznaj\u0105 kompromis\u00f3w, kiedy mowa o jako\u015bci i wyrafinowaniu. To ho\u0142d dla w\u0142oskiej sztuki destylacji aromat\u00f3w, zamkni\u0119ty w butelce. Stworzyli\u015bmy Panettonic, \u0142\u0105cz\u0105c nasz\u0105 krystaliczn\u0105, naturaln\u0105 wod\u0119 mineraln\u0105 z unikaln\u0105 kompozycj\u0105 najszlachetniejszych [&hellip;]","og_url":"https:\/\/shop.galvanina.com\/pl\/prodotto\/galvanina-panettonic-mistrzostwo-botanicznej-elegancji\/","og_site_name":"Galvanina Poland","article_modified_time":"2026-05-01T12:30:47+00:00","og_image":[{"width":700,"height":700,"url":"https:\/\/shop.galvanina.com\/pl\/wp-content\/uploads\/sites\/2\/2026\/05\/Panettonic-200.png","type":"image\/png"}],"twitter_card":"summary_large_image","twitter_misc":{"Szacowany czas czytania":"2 minuty"},"schema":{"@context":"https:\/\/schema.org","@graph":[{"@type":"WebPage","@id":"https:\/\/shop.galvanina.com\/pl\/prodotto\/galvanina-panettonic-mistrzostwo-botanicznej-elegancji\/","url":"https:\/\/shop.galvanina.com\/pl\/prodotto\/galvanina-panettonic-mistrzostwo-botanicznej-elegancji\/","name":"Galvanina Panettonic: Mistrzostwo Botanicznej Elegancji. - Galvanina Poland","isPartOf":{"@id":"https:\/\/shop.galvanina.com\/pl\/#website"},"primaryImageOfPage":{"@id":"https:\/\/shop.galvanina.com\/pl\/prodotto\/galvanina-panettonic-mistrzostwo-botanicznej-elegancji\/#primaryimage"},"image":{"@id":"https:\/\/shop.galvanina.com\/pl\/prodotto\/galvanina-panettonic-mistrzostwo-botanicznej-elegancji\/#primaryimage"},"thumbnailUrl":"https:\/\/shop.galvanina.com\/pl\/wp-content\/uploads\/sites\/2\/2026\/05\/Panettonic-200.png","datePublished":"2026-05-01T12:29:19+00:00","dateModified":"2026-05-01T12:30:47+00:00","breadcrumb":{"@id":"https:\/\/shop.galvanina.com\/pl\/prodotto\/galvanina-panettonic-mistrzostwo-botanicznej-elegancji\/#breadcrumb"},"inLanguage":"pl-PL","potentialAction":[{"@type":"ReadAction","target":["https:\/\/shop.galvanina.com\/pl\/prodotto\/galvanina-panettonic-mistrzostwo-botanicznej-elegancji\/"]}]},{"@type":"ImageObject","inLanguage":"pl-PL","@id":"https:\/\/shop.galvanina.com\/pl\/prodotto\/galvanina-panettonic-mistrzostwo-botanicznej-elegancji\/#primaryimage","url":"https:\/\/shop.galvanina.com\/pl\/wp-content\/uploads\/sites\/2\/2026\/05\/Panettonic-200.png","contentUrl":"https:\/\/shop.galvanina.com\/pl\/wp-content\/uploads\/sites\/2\/2026\/05\/Panettonic-200.png","width":700,"height":700,"caption":"Galvanina Panettoni 200 ml"},{"@type":"BreadcrumbList","@id":"https:\/\/shop.galvanina.com\/pl\/prodotto\/galvanina-panettonic-mistrzostwo-botanicznej-elegancji\/#breadcrumb","itemListElement":[{"@type":"ListItem","position":1,"name":"Home","item":"https:\/\/shop.galvanina.com\/pl\/"},{"@type":"ListItem","position":2,"name":"Sklep","item":"https:\/\/shop.galvanina.com\/pl\/"},{"@type":"ListItem","position":3,"name":"Galvanina Panettonic: Mistrzostwo Botanicznej Elegancji."}]},{"@type":"WebSite","@id":"https:\/\/shop.galvanina.com\/pl\/#website","url":"https:\/\/shop.galvanina.com\/pl\/","name":"Galvanina Poland","description":"Kup Nasze produkty online","publisher":{"@id":"https:\/\/shop.galvanina.com\/pl\/#organization"},"potentialAction":[{"@type":"SearchAction","target":{"@type":"EntryPoint","urlTemplate":"https:\/\/shop.galvanina.com\/pl\/?s={search_term_string}"},"query-input":{"@type":"PropertyValueSpecification","valueRequired":true,"valueName":"search_term_string"}}],"inLanguage":"pl-PL"},{"@type":"Organization","@id":"https:\/\/shop.galvanina.com\/pl\/#organization","name":"Galvanina Poland","url":"https:\/\/shop.galvanina.com\/pl\/","logo":{"@type":"ImageObject","inLanguage":"pl-PL","@id":"https:\/\/shop.galvanina.com\/pl\/#\/schema\/logo\/image\/","url":"https:\/\/shop.galvanina.com\/pl\/wp-content\/uploads\/sites\/2\/2023\/03\/GALVANINA-POLAND-e1689269161338.png","contentUrl":"https:\/\/shop.galvanina.com\/pl\/wp-content\/uploads\/sites\/2\/2023\/03\/GALVANINA-POLAND-e1689269161338.png","width":500,"height":160,"caption":"Galvanina Poland"},"image":{"@id":"https:\/\/shop.galvanina.com\/pl\/#\/schema\/logo\/image\/"}}]}},"_links":{"self":[{"href":"https:\/\/shop.galvanina.com\/pl\/wp-json\/wp\/v2\/product\/3913","targetHints":{"allow":["GET"]}}],"collection":[{"href":"https:\/\/shop.galvanina.com\/pl\/wp-json\/wp\/v2\/product"}],"about":[{"href":"https:\/\/shop.galvanina.com\/pl\/wp-json\/wp\/v2\/types\/product"}],"wp:featuredmedia":[{"embeddable":true,"href":"https:\/\/shop.galvanina.com\/pl\/wp-json\/wp\/v2\/media\/3914"}],"wp:attachment":[{"href":"https:\/\/shop.galvanina.com\/pl\/wp-json\/wp\/v2\/media?parent=3913"}],"wp:term":[{"taxonomy":"product_brand","embeddable":true,"href":"https:\/\/shop.galvanina.com\/pl\/wp-json\/wp\/v2\/product_brand?post=3913"},{"taxonomy":"product_cat","embeddable":true,"href":"https:\/\/shop.galvanina.com\/pl\/wp-json\/wp\/v2\/product_cat?post=3913"},{"taxonomy":"product_tag","embeddable":true,"href":"https:\/\/shop.galvanina.com\/pl\/wp-json\/wp\/v2\/product_tag?post=3913"}],"curies":[{"name":"wp","href":"https:\/\/api.w.org\/{rel}","templated":true}]}}