{"id":514,"date":"2020-12-12T12:32:33","date_gmt":"2020-12-12T11:32:33","guid":{"rendered":"https:\/\/shop.galvanina.com\/pl\/?post_type=product&#038;p=514"},"modified":"2023-11-23T12:15:23","modified_gmt":"2023-11-23T11:15:23","slug":"organiczna-zielona-mrozona-herbata","status":"publish","type":"product","link":"https:\/\/shop.galvanina.com\/pl\/prodotto\/organiczna-zielona-mrozona-herbata\/","title":{"rendered":"Organiczna Zielona Mro\u017cona Herbata"},"content":{"rendered":"<h2>Galvanina Organiczna Zielona Mro\u017cona Herbata: Niezapomniany smak<\/h2>\n<p>Herbata Zielona, cho\u0107 pochodzi z Chin, obecnie jest produkowana na ca\u0142ym wschodnim obszarze Azji i w regionach, gdzie mikroklimat pozwala na upraw\u0119 tej ro\u015bliny, takich jak Wyspy Azorskie w Portugalii. To, co wyr\u00f3\u017cnia j\u0105 spo\u015br\u00f3d innych herbat, to brak procesu wi\u0119dni\u0119cia li\u015bci, co nadaje jej \u0142agodniejszy smak i mniej kwasowy charakter.<\/p>\n<p>Galvanina Herbata Zielona \u0142\u0105czy g\u0142\u00f3wny sk\u0142adnik z organicznym sokiem z cytryny z Sycylii, co podkre\u015bla \u015bwie\u017co\u015b\u0107 napoju i czyni go idealnym do gaszenia pragnienia i och\u0142adzania w gor\u0105ce letnie dni.<\/p>\n<p>Galvanina Herbata Zielona cieszy si\u0119 du\u017cym uznaniem ze wzgl\u0119du na intensywny smak, kt\u00f3ry otula podniebienie, zw\u0142aszcza dzi\u0119ki dodatkowi ekstraktu, kt\u00f3ry jest dodawany do naparu z li\u015bci. Stworzona dla mi\u0142o\u015bnik\u00f3w tego rodzaju herbaty, potrafi zachwyci\u0107 ka\u017cde podniebienie.<\/p>\n<p>Jest r\u00f3wnie\u017c wyszukanym miksorem i unikalnym sk\u0142adnikiem koktajli. Na przyk\u0142ad, doskonale r\u00f3wnowa\u017cy i podkre\u015bla smak <a href=\"https:\/\/www.galvanina.com\/cocktail\/green-spring\/\" target=\"_blank\" rel=\"noopener\">botanicznego<\/a> ginu. Mo\u017ce by\u0107 r\u00f3wnie\u017c dobrze skomponowana z w\u00f3dk\u0105, szczeg\u00f3lnie z w\u00f3dk\u0105 korzenn\u0105 lub zio\u0142ow\u0105, lub jako sk\u0142adnik koktajlu z japo\u0144sk\u0105 whisky. Oczywi\u015bcie mo\u017ce by\u0107 r\u00f3wnie\u017c zabawnym sk\u0142adnikiem, kt\u00f3ry nada od\u015bwie\u017caj\u0105cy twist klasycznemu <em>mojito<\/em>, mieszaj\u0105c si\u0119 z bia\u0142ym rumem lub starzonym.<\/p>\n<p>Doskona\u0142a alternatywa dla <a href=\"https:\/\/shop.galvanina.com\/pl\/prodotto\/te-bianco\/\">Herbaty Bia\u0142ej Galvanina<\/a>!<\/p>\n<p><span style=\"text-decoration: underline;\">Wp\u0142yw wizualny<\/span>: zielony.<\/p>\n<p><span style=\"text-decoration: underline;\">Wp\u0142yw na zmys\u0142 w\u0119chu<\/span>: intensywny i trwa\u0142y zapach zielonej herbaty.<\/p>\n<p><span style=\"text-decoration: underline;\">Mixability<\/span>: Idealna do mieszania z destylatami &#8222;bia\u0142ymi&#8221; i &#8222;z\u0142otymi&#8221;. Doskona\u0142a do tworzenia punchy i drink\u00f3w o niskim stopniu alkoholu.<\/p>\n","protected":false},"excerpt":{"rendered":"<h2>Galvanina Organiczna Zielona Mro\u017cona Herbata: Niezapomniany smak<\/h2>\n<p>Herbata Zielona, cho\u0107 pochodzi z Chin, obecnie jest produkowana na ca\u0142ym wschodnim obszarze Azji i w regionach, gdzie mikroklimat pozwala na upraw\u0119 tej ro\u015bliny, takich jak Wyspy Azorskie w Portugalii. To, co wyr\u00f3\u017cnia j\u0105 spo\u015br\u00f3d innych herbat, to brak procesu wi\u0119dni\u0119cia li\u015bci, co nadaje jej \u0142agodniejszy smak i mniej kwasowy charakter.<\/p>\n","protected":false},"featured_media":3360,"template":"","meta":{"_acf_changed":false,"inline_featured_image":false},"product_brand":[],"product_cat":[28],"product_tag":[],"class_list":{"0":"post-514","1":"product","2":"type-product","3":"status-publish","4":"has-post-thumbnail","6":"product_cat-te-freddi","8":"first","9":"instock","10":"taxable","11":"shipping-taxable","12":"purchasable","13":"product-type-simple"},"acf":[],"yoast_head":"<!-- This site is optimized with the Yoast SEO plugin v27.3 - https:\/\/yoast.com\/product\/yoast-seo-wordpress\/ -->\n<title>Organiczna Zielona Mro\u017cona Herbata - Rinfresco<\/title>\n<meta name=\"description\" content=\"Organiczna Zielona Mro\u017cona Herbata, To, co wyr\u00f3\u017cnia j\u0105 spo\u015br\u00f3d innych herbat, co nadaje jej \u0142agodniejszy smak i mniej kwasowy charakter.\" \/>\n<meta name=\"robots\" content=\"index, follow, max-snippet:-1, max-image-preview:large, max-video-preview:-1\" \/>\n<link rel=\"canonical\" href=\"https:\/\/shop.galvanina.com\/pl\/prodotto\/organiczna-zielona-mrozona-herbata\/\" \/>\n<meta property=\"og:locale\" content=\"pl_PL\" \/>\n<meta property=\"og:type\" content=\"article\" \/>\n<meta property=\"og:title\" content=\"Organiczna Zielona Mro\u017cona Herbata - Rinfresco\" \/>\n<meta property=\"og:description\" content=\"Organiczna Zielona Mro\u017cona Herbata, To, co wyr\u00f3\u017cnia j\u0105 spo\u015br\u00f3d innych herbat, co nadaje jej \u0142agodniejszy smak i mniej kwasowy charakter.\" \/>\n<meta property=\"og:url\" content=\"https:\/\/shop.galvanina.com\/pl\/prodotto\/organiczna-zielona-mrozona-herbata\/\" \/>\n<meta property=\"og:site_name\" content=\"Galvanina Poland\" \/>\n<meta property=\"article:modified_time\" content=\"2023-11-23T11:15:23+00:00\" \/>\n<meta property=\"og:image\" content=\"https:\/\/shop.galvanina.com\/pl\/wp-content\/uploads\/sites\/2\/2020\/12\/Herbata-Zielona-1.jpg\" \/>\n\t<meta property=\"og:image:width\" content=\"810\" \/>\n\t<meta property=\"og:image:height\" content=\"810\" \/>\n\t<meta property=\"og:image:type\" content=\"image\/jpeg\" \/>\n<meta name=\"twitter:card\" content=\"summary_large_image\" \/>\n<meta name=\"twitter:label1\" content=\"Szacowany czas czytania\" \/>\n\t<meta name=\"twitter:data1\" content=\"2 minuty\" \/>\n<script type=\"application\/ld+json\" class=\"yoast-schema-graph\">{\"@context\":\"https:\\\/\\\/schema.org\",\"@graph\":[{\"@type\":\"WebPage\",\"@id\":\"https:\\\/\\\/shop.galvanina.com\\\/pl\\\/prodotto\\\/organiczna-zielona-mrozona-herbata\\\/\",\"url\":\"https:\\\/\\\/shop.galvanina.com\\\/pl\\\/prodotto\\\/organiczna-zielona-mrozona-herbata\\\/\",\"name\":\"Organiczna Zielona Mro\u017cona Herbata - Rinfresco\",\"isPartOf\":{\"@id\":\"https:\\\/\\\/shop.galvanina.com\\\/pl\\\/#website\"},\"primaryImageOfPage\":{\"@id\":\"https:\\\/\\\/shop.galvanina.com\\\/pl\\\/prodotto\\\/organiczna-zielona-mrozona-herbata\\\/#primaryimage\"},\"image\":{\"@id\":\"https:\\\/\\\/shop.galvanina.com\\\/pl\\\/prodotto\\\/organiczna-zielona-mrozona-herbata\\\/#primaryimage\"},\"thumbnailUrl\":\"https:\\\/\\\/shop.galvanina.com\\\/pl\\\/wp-content\\\/uploads\\\/sites\\\/2\\\/2020\\\/12\\\/Herbata-Zielona-1.jpg\",\"datePublished\":\"2020-12-12T11:32:33+00:00\",\"dateModified\":\"2023-11-23T11:15:23+00:00\",\"description\":\"Organiczna Zielona Mro\u017cona Herbata, To, co wyr\u00f3\u017cnia j\u0105 spo\u015br\u00f3d innych herbat, co nadaje jej \u0142agodniejszy smak i mniej kwasowy charakter.\",\"breadcrumb\":{\"@id\":\"https:\\\/\\\/shop.galvanina.com\\\/pl\\\/prodotto\\\/organiczna-zielona-mrozona-herbata\\\/#breadcrumb\"},\"inLanguage\":\"pl-PL\",\"potentialAction\":[{\"@type\":\"ReadAction\",\"target\":[\"https:\\\/\\\/shop.galvanina.com\\\/pl\\\/prodotto\\\/organiczna-zielona-mrozona-herbata\\\/\"]}]},{\"@type\":\"ImageObject\",\"inLanguage\":\"pl-PL\",\"@id\":\"https:\\\/\\\/shop.galvanina.com\\\/pl\\\/prodotto\\\/organiczna-zielona-mrozona-herbata\\\/#primaryimage\",\"url\":\"https:\\\/\\\/shop.galvanina.com\\\/pl\\\/wp-content\\\/uploads\\\/sites\\\/2\\\/2020\\\/12\\\/Herbata-Zielona-1.jpg\",\"contentUrl\":\"https:\\\/\\\/shop.galvanina.com\\\/pl\\\/wp-content\\\/uploads\\\/sites\\\/2\\\/2020\\\/12\\\/Herbata-Zielona-1.jpg\",\"width\":810,\"height\":810},{\"@type\":\"BreadcrumbList\",\"@id\":\"https:\\\/\\\/shop.galvanina.com\\\/pl\\\/prodotto\\\/organiczna-zielona-mrozona-herbata\\\/#breadcrumb\",\"itemListElement\":[{\"@type\":\"ListItem\",\"position\":1,\"name\":\"Home\",\"item\":\"https:\\\/\\\/shop.galvanina.com\\\/pl\\\/\"},{\"@type\":\"ListItem\",\"position\":2,\"name\":\"Sklep\",\"item\":\"https:\\\/\\\/shop.galvanina.com\\\/pl\\\/\"},{\"@type\":\"ListItem\",\"position\":3,\"name\":\"Organiczna Zielona Mro\u017cona Herbata\"}]},{\"@type\":\"WebSite\",\"@id\":\"https:\\\/\\\/shop.galvanina.com\\\/pl\\\/#website\",\"url\":\"https:\\\/\\\/shop.galvanina.com\\\/pl\\\/\",\"name\":\"Galvanina Poland\",\"description\":\"Kup Nasze produkty online\",\"publisher\":{\"@id\":\"https:\\\/\\\/shop.galvanina.com\\\/pl\\\/#organization\"},\"potentialAction\":[{\"@type\":\"SearchAction\",\"target\":{\"@type\":\"EntryPoint\",\"urlTemplate\":\"https:\\\/\\\/shop.galvanina.com\\\/pl\\\/?s={search_term_string}\"},\"query-input\":{\"@type\":\"PropertyValueSpecification\",\"valueRequired\":true,\"valueName\":\"search_term_string\"}}],\"inLanguage\":\"pl-PL\"},{\"@type\":\"Organization\",\"@id\":\"https:\\\/\\\/shop.galvanina.com\\\/pl\\\/#organization\",\"name\":\"Galvanina Poland\",\"url\":\"https:\\\/\\\/shop.galvanina.com\\\/pl\\\/\",\"logo\":{\"@type\":\"ImageObject\",\"inLanguage\":\"pl-PL\",\"@id\":\"https:\\\/\\\/shop.galvanina.com\\\/pl\\\/#\\\/schema\\\/logo\\\/image\\\/\",\"url\":\"https:\\\/\\\/shop.galvanina.com\\\/pl\\\/wp-content\\\/uploads\\\/sites\\\/2\\\/2023\\\/03\\\/GALVANINA-POLAND-e1689269161338.png\",\"contentUrl\":\"https:\\\/\\\/shop.galvanina.com\\\/pl\\\/wp-content\\\/uploads\\\/sites\\\/2\\\/2023\\\/03\\\/GALVANINA-POLAND-e1689269161338.png\",\"width\":500,\"height\":160,\"caption\":\"Galvanina Poland\"},\"image\":{\"@id\":\"https:\\\/\\\/shop.galvanina.com\\\/pl\\\/#\\\/schema\\\/logo\\\/image\\\/\"}}]}<\/script>\n<!-- \/ Yoast SEO plugin. -->","yoast_head_json":{"title":"Organiczna Zielona Mro\u017cona Herbata - Rinfresco","description":"Organiczna Zielona Mro\u017cona Herbata, To, co wyr\u00f3\u017cnia j\u0105 spo\u015br\u00f3d innych herbat, co nadaje jej \u0142agodniejszy smak i mniej kwasowy charakter.","robots":{"index":"index","follow":"follow","max-snippet":"max-snippet:-1","max-image-preview":"max-image-preview:large","max-video-preview":"max-video-preview:-1"},"canonical":"https:\/\/shop.galvanina.com\/pl\/prodotto\/organiczna-zielona-mrozona-herbata\/","og_locale":"pl_PL","og_type":"article","og_title":"Organiczna Zielona Mro\u017cona Herbata - Rinfresco","og_description":"Organiczna Zielona Mro\u017cona Herbata, To, co wyr\u00f3\u017cnia j\u0105 spo\u015br\u00f3d innych herbat, co nadaje jej \u0142agodniejszy smak i mniej kwasowy charakter.","og_url":"https:\/\/shop.galvanina.com\/pl\/prodotto\/organiczna-zielona-mrozona-herbata\/","og_site_name":"Galvanina Poland","article_modified_time":"2023-11-23T11:15:23+00:00","og_image":[{"width":810,"height":810,"url":"https:\/\/shop.galvanina.com\/pl\/wp-content\/uploads\/sites\/2\/2020\/12\/Herbata-Zielona-1.jpg","type":"image\/jpeg"}],"twitter_card":"summary_large_image","twitter_misc":{"Szacowany czas czytania":"2 minuty"},"schema":{"@context":"https:\/\/schema.org","@graph":[{"@type":"WebPage","@id":"https:\/\/shop.galvanina.com\/pl\/prodotto\/organiczna-zielona-mrozona-herbata\/","url":"https:\/\/shop.galvanina.com\/pl\/prodotto\/organiczna-zielona-mrozona-herbata\/","name":"Organiczna Zielona Mro\u017cona Herbata - Rinfresco","isPartOf":{"@id":"https:\/\/shop.galvanina.com\/pl\/#website"},"primaryImageOfPage":{"@id":"https:\/\/shop.galvanina.com\/pl\/prodotto\/organiczna-zielona-mrozona-herbata\/#primaryimage"},"image":{"@id":"https:\/\/shop.galvanina.com\/pl\/prodotto\/organiczna-zielona-mrozona-herbata\/#primaryimage"},"thumbnailUrl":"https:\/\/shop.galvanina.com\/pl\/wp-content\/uploads\/sites\/2\/2020\/12\/Herbata-Zielona-1.jpg","datePublished":"2020-12-12T11:32:33+00:00","dateModified":"2023-11-23T11:15:23+00:00","description":"Organiczna Zielona Mro\u017cona Herbata, To, co wyr\u00f3\u017cnia j\u0105 spo\u015br\u00f3d innych herbat, co nadaje jej \u0142agodniejszy smak i mniej kwasowy charakter.","breadcrumb":{"@id":"https:\/\/shop.galvanina.com\/pl\/prodotto\/organiczna-zielona-mrozona-herbata\/#breadcrumb"},"inLanguage":"pl-PL","potentialAction":[{"@type":"ReadAction","target":["https:\/\/shop.galvanina.com\/pl\/prodotto\/organiczna-zielona-mrozona-herbata\/"]}]},{"@type":"ImageObject","inLanguage":"pl-PL","@id":"https:\/\/shop.galvanina.com\/pl\/prodotto\/organiczna-zielona-mrozona-herbata\/#primaryimage","url":"https:\/\/shop.galvanina.com\/pl\/wp-content\/uploads\/sites\/2\/2020\/12\/Herbata-Zielona-1.jpg","contentUrl":"https:\/\/shop.galvanina.com\/pl\/wp-content\/uploads\/sites\/2\/2020\/12\/Herbata-Zielona-1.jpg","width":810,"height":810},{"@type":"BreadcrumbList","@id":"https:\/\/shop.galvanina.com\/pl\/prodotto\/organiczna-zielona-mrozona-herbata\/#breadcrumb","itemListElement":[{"@type":"ListItem","position":1,"name":"Home","item":"https:\/\/shop.galvanina.com\/pl\/"},{"@type":"ListItem","position":2,"name":"Sklep","item":"https:\/\/shop.galvanina.com\/pl\/"},{"@type":"ListItem","position":3,"name":"Organiczna Zielona Mro\u017cona Herbata"}]},{"@type":"WebSite","@id":"https:\/\/shop.galvanina.com\/pl\/#website","url":"https:\/\/shop.galvanina.com\/pl\/","name":"Galvanina Poland","description":"Kup Nasze produkty online","publisher":{"@id":"https:\/\/shop.galvanina.com\/pl\/#organization"},"potentialAction":[{"@type":"SearchAction","target":{"@type":"EntryPoint","urlTemplate":"https:\/\/shop.galvanina.com\/pl\/?s={search_term_string}"},"query-input":{"@type":"PropertyValueSpecification","valueRequired":true,"valueName":"search_term_string"}}],"inLanguage":"pl-PL"},{"@type":"Organization","@id":"https:\/\/shop.galvanina.com\/pl\/#organization","name":"Galvanina Poland","url":"https:\/\/shop.galvanina.com\/pl\/","logo":{"@type":"ImageObject","inLanguage":"pl-PL","@id":"https:\/\/shop.galvanina.com\/pl\/#\/schema\/logo\/image\/","url":"https:\/\/shop.galvanina.com\/pl\/wp-content\/uploads\/sites\/2\/2023\/03\/GALVANINA-POLAND-e1689269161338.png","contentUrl":"https:\/\/shop.galvanina.com\/pl\/wp-content\/uploads\/sites\/2\/2023\/03\/GALVANINA-POLAND-e1689269161338.png","width":500,"height":160,"caption":"Galvanina Poland"},"image":{"@id":"https:\/\/shop.galvanina.com\/pl\/#\/schema\/logo\/image\/"}}]}},"_links":{"self":[{"href":"https:\/\/shop.galvanina.com\/pl\/wp-json\/wp\/v2\/product\/514","targetHints":{"allow":["GET"]}}],"collection":[{"href":"https:\/\/shop.galvanina.com\/pl\/wp-json\/wp\/v2\/product"}],"about":[{"href":"https:\/\/shop.galvanina.com\/pl\/wp-json\/wp\/v2\/types\/product"}],"wp:featuredmedia":[{"embeddable":true,"href":"https:\/\/shop.galvanina.com\/pl\/wp-json\/wp\/v2\/media\/3360"}],"wp:attachment":[{"href":"https:\/\/shop.galvanina.com\/pl\/wp-json\/wp\/v2\/media?parent=514"}],"wp:term":[{"taxonomy":"product_brand","embeddable":true,"href":"https:\/\/shop.galvanina.com\/pl\/wp-json\/wp\/v2\/product_brand?post=514"},{"taxonomy":"product_cat","embeddable":true,"href":"https:\/\/shop.galvanina.com\/pl\/wp-json\/wp\/v2\/product_cat?post=514"},{"taxonomy":"product_tag","embeddable":true,"href":"https:\/\/shop.galvanina.com\/pl\/wp-json\/wp\/v2\/product_tag?post=514"}],"curies":[{"name":"wp","href":"https:\/\/api.w.org\/{rel}","templated":true}]}}