{"id":519,"date":"2020-12-12T12:38:56","date_gmt":"2020-12-12T11:38:56","guid":{"rendered":"https:\/\/shop.galvanina.com\/pl\/?post_type=product&#038;p=519"},"modified":"2026-05-01T14:40:03","modified_gmt":"2026-05-01T12:40:03","slug":"organiczny-tonic-srodziemnomorski","status":"publish","type":"product","link":"https:\/\/shop.galvanina.com\/pl\/prodotto\/organiczny-tonic-srodziemnomorski\/","title":{"rendered":"Organiczny Tonic \u015ar\u00f3dziemnomorski z Tymiankiem i Oregano"},"content":{"rendered":"<h2>Tonica \u015ar\u00f3dziemnomorska: zio\u0142a aromatyczne przez ca\u0142y rok!<\/h2>\n<p>Tonica \u015ar\u00f3dziemnomorska Galvanina charakteryzuje si\u0119 doskona\u0142ym profil aromatycznym, gdzie zapachy s\u0105 dobrze zr\u00f3wnowa\u017cone i wydzielaj\u0105 kusz\u0105c\u0105 balsamiczno\u015b\u0107. Ekstrakty z organicznego rozmarynu i tymianku wyra\u017caj\u0105 \u017cywy charakter tej toniki, kt\u00f3ry nie jest natr\u0119tny, i s\u0105 uzupe\u0142nione naturalnymi aromatami cytrusowymi. Charakterystyczna dla tej kategorii tonikowa nuta gorzka pochodzi z chininy z kory chinowca.<\/p>\n<p>Tonica \u015ar\u00f3dziemnomorska Galvanina doskonale pasuje do mieszania z w\u00f3dk\u0105, cytrusowymi i kwiatowymi ginami. Jednak stanowi r\u00f3wnie\u017c przyjemne odkrycie jako nap\u00f3j bez dodatk\u00f3w. Cytrusy i zio\u0142a botaniczne, solo lub w po\u0142\u0105czeniu, s\u0105 g\u0142\u00f3wnymi sk\u0142adnikami linii organicznych tonik\u00f3w Galvanina. Je\u015bli lubisz po\u0142\u0105czenie nut cytrusowych z zio\u0142ami, polecamy Ci <a href=\"https:\/\/shop.galvanina.com\/pl\/prodotto\/galvanina-tonica-italiana\/\">Tonic\u0119 W\u0142osk\u0105<\/a>, kt\u00f3ra \u0142\u0105czy bazyliszek z bergamotk\u0105.<\/p>\n<h3>Rozmaryn i Tymianek &#8211; gwiazdy Toniki \u015ar\u00f3dziemnomorskiej<\/h3>\n<p>Rozmaryn, znany r\u00f3wnie\u017c jako &#8222;r\u00f3\u017ca morska&#8221; lub &#8222;krzew morski&#8221;, to ro\u015blina zwi\u0105zana z Morzem \u015ar\u00f3dziemnym, gdzie ro\u015bnie naturalnie na klifach. Od staro\u017cytno\u015bci by\u0142 wykorzystywany ze wzgl\u0119du na swoje w\u0142a\u015bciwo\u015bci lecznicze, a w \u015bredniowieczu przypisywano mu nawet w\u0142a\u015bciwo\u015bci magiczne. Tymianek nale\u017cy do tej samej rodziny co rozmaryn i jest ro\u015blin\u0105 rodzim\u0105 dla zachodniego obszaru Morza \u015ar\u00f3dziemnego. R\u00f3wnie\u017c ten zio\u0142owy skarb by\u0142 dobrze znany w staro\u017cytno\u015bci i mia\u0142 r\u00f3\u017cne zastosowania w r\u00f3\u017cnych kulturach. W Egipcie by\u0142 u\u017cywany do balsamowania, Rzymianie stosowali go do konserwowania jedzenia, a dla Grek\u00f3w by\u0142 symbolem odwagi. W \u015bredniowieczu uwa\u017cano go za symbol dobrego wr\u00f3\u017cenia.<\/p>\n<p>My po\u0142\u0105czyli\u015bmy rozmaryn i tymianek z naturalnymi aromatami cytrusowymi, aby stworzy\u0107 nasz\u0105 organiczn\u0105 Tonik\u0119 \u015ar\u00f3dziemnomorsk\u0105, kt\u00f3ra opowiada o unikalnym \u015bwiecie smak\u00f3w i zapach\u00f3w jako doskona\u0142y dodatek do drink\u00f3w, co Galvanina zawsze doskonale wykorzystuje.<\/p>\n<p>Nasi mixolodzy u\u017cyli Toniki \u015ar\u00f3dziemnomorskiej z botanicznym ginem, aby stworzy\u0107 <a href=\"https:\/\/www.galvanina.com\/cocktail\/mediterraneo\/\">drink<\/a> z sokiem z cytryny, syropem imbirowym i spienion\u0105 burrat\u0105 ze sifonu. To nap\u00f3j m\u00f3wi\u0105cy o \u015bwie\u017co\u015bci lata i o \u015ar\u00f3dziemnomorzu.<\/p>\n<p>&nbsp;<\/p>\n<p>&nbsp;<\/p>\n<p>&nbsp;<\/p>\n<p>&nbsp;<\/p>\n<p><span style=\"text-decoration: underline\">Mo\u017cliwo\u015b\u0107 mieszania<\/span>: idealna do mieszania z w\u00f3dk\u0105 i ginem, zw\u0142aszcza cytrusowymi i kwiatowymi ginami.<\/p>\n","protected":false},"excerpt":{"rendered":"<h2>Tonica \u015ar\u00f3dziemnomorska: zio\u0142a aromatyczne przez ca\u0142y rok!<\/h2>\n<p>Tonica \u015ar\u00f3dziemnomorska Galvanina charakteryzuje si\u0119 doskona\u0142ym profil aromatycznym, gdzie zapachy s\u0105 dobrze zr\u00f3wnowa\u017cone i wydzielaj\u0105 kusz\u0105c\u0105 balsamiczno\u015b\u0107. Ekstrakty z organicznego rozmarynu i tymianku wyra\u017caj\u0105 \u017cywy charakter tej toniki, kt\u00f3ry nie jest natr\u0119tny, i s\u0105 uzupe\u0142nione naturalnymi aromatami cytrusowymi. Charakterystyczna dla tej kategorii tonikowa nuta gorzka pochodzi z chininy z kory chinowca.<\/p>\n","protected":false},"featured_media":3915,"template":"","meta":{"_acf_changed":false,"inline_featured_image":false},"product_brand":[],"product_cat":[19,54,22],"product_tag":[],"class_list":{"0":"post-519","1":"product","2":"type-product","3":"status-publish","4":"has-post-thumbnail","6":"product_cat-bibite-biologiche","7":"product_cat-toniche-bio","8":"product_cat-mixer-bio","10":"first","11":"instock","12":"taxable","13":"shipping-taxable","14":"purchasable","15":"product-type-simple"},"acf":[],"yoast_head":"<!-- This site is optimized with the Yoast SEO plugin v27.3 - https:\/\/yoast.com\/product\/yoast-seo-wordpress\/ -->\n<title>Galvanina - Organiczny Tonic \u015ar\u00f3dziemnomorski z Tymiankiem i Oregano - Bevande Biologiche - Mixers<\/title>\n<meta name=\"description\" content=\"La Tonica Galvanina Meditteranea \u00e8 prodotta con le migliori erbe aromatiche di coltivazione biologica, sapientemente miscelate.\" \/>\n<meta name=\"robots\" content=\"index, follow, max-snippet:-1, max-image-preview:large, max-video-preview:-1\" \/>\n<link rel=\"canonical\" href=\"https:\/\/shop.galvanina.com\/pl\/prodotto\/organiczny-tonic-srodziemnomorski\/\" \/>\n<meta property=\"og:locale\" content=\"pl_PL\" \/>\n<meta property=\"og:type\" content=\"article\" \/>\n<meta property=\"og:title\" content=\"Galvanina - Organiczny Tonic \u015ar\u00f3dziemnomorski z Tymiankiem i Oregano - Bevande Biologiche - Mixers\" \/>\n<meta property=\"og:description\" content=\"La Tonica Galvanina Meditteranea \u00e8 prodotta con le migliori erbe aromatiche di coltivazione biologica, sapientemente miscelate.\" \/>\n<meta property=\"og:url\" content=\"https:\/\/shop.galvanina.com\/pl\/prodotto\/organiczny-tonic-srodziemnomorski\/\" \/>\n<meta property=\"og:site_name\" content=\"Galvanina Poland\" \/>\n<meta property=\"article:modified_time\" content=\"2026-05-01T12:40:03+00:00\" \/>\n<meta property=\"og:image\" content=\"https:\/\/shop.galvanina.com\/pl\/wp-content\/uploads\/sites\/2\/2020\/12\/Mediterranean-tonic-200.png\" \/>\n\t<meta property=\"og:image:width\" content=\"700\" \/>\n\t<meta property=\"og:image:height\" content=\"700\" \/>\n\t<meta property=\"og:image:type\" content=\"image\/png\" \/>\n<meta name=\"twitter:card\" content=\"summary_large_image\" \/>\n<meta name=\"twitter:label1\" content=\"Szacowany czas czytania\" \/>\n\t<meta name=\"twitter:data1\" content=\"2 minuty\" \/>\n<script type=\"application\/ld+json\" class=\"yoast-schema-graph\">{\"@context\":\"https:\\\/\\\/schema.org\",\"@graph\":[{\"@type\":\"WebPage\",\"@id\":\"https:\\\/\\\/shop.galvanina.com\\\/pl\\\/prodotto\\\/organiczny-tonic-srodziemnomorski\\\/\",\"url\":\"https:\\\/\\\/shop.galvanina.com\\\/pl\\\/prodotto\\\/organiczny-tonic-srodziemnomorski\\\/\",\"name\":\"Galvanina - Organiczny Tonic \u015ar\u00f3dziemnomorski z Tymiankiem i Oregano - Bevande Biologiche - Mixers\",\"isPartOf\":{\"@id\":\"https:\\\/\\\/shop.galvanina.com\\\/pl\\\/#website\"},\"primaryImageOfPage\":{\"@id\":\"https:\\\/\\\/shop.galvanina.com\\\/pl\\\/prodotto\\\/organiczny-tonic-srodziemnomorski\\\/#primaryimage\"},\"image\":{\"@id\":\"https:\\\/\\\/shop.galvanina.com\\\/pl\\\/prodotto\\\/organiczny-tonic-srodziemnomorski\\\/#primaryimage\"},\"thumbnailUrl\":\"https:\\\/\\\/shop.galvanina.com\\\/pl\\\/wp-content\\\/uploads\\\/sites\\\/2\\\/2020\\\/12\\\/Mediterranean-tonic-200.png\",\"datePublished\":\"2020-12-12T11:38:56+00:00\",\"dateModified\":\"2026-05-01T12:40:03+00:00\",\"description\":\"La Tonica Galvanina Meditteranea \u00e8 prodotta con le migliori erbe aromatiche di coltivazione biologica, sapientemente miscelate.\",\"breadcrumb\":{\"@id\":\"https:\\\/\\\/shop.galvanina.com\\\/pl\\\/prodotto\\\/organiczny-tonic-srodziemnomorski\\\/#breadcrumb\"},\"inLanguage\":\"pl-PL\",\"potentialAction\":[{\"@type\":\"ReadAction\",\"target\":[\"https:\\\/\\\/shop.galvanina.com\\\/pl\\\/prodotto\\\/organiczny-tonic-srodziemnomorski\\\/\"]}]},{\"@type\":\"ImageObject\",\"inLanguage\":\"pl-PL\",\"@id\":\"https:\\\/\\\/shop.galvanina.com\\\/pl\\\/prodotto\\\/organiczny-tonic-srodziemnomorski\\\/#primaryimage\",\"url\":\"https:\\\/\\\/shop.galvanina.com\\\/pl\\\/wp-content\\\/uploads\\\/sites\\\/2\\\/2020\\\/12\\\/Mediterranean-tonic-200.png\",\"contentUrl\":\"https:\\\/\\\/shop.galvanina.com\\\/pl\\\/wp-content\\\/uploads\\\/sites\\\/2\\\/2020\\\/12\\\/Mediterranean-tonic-200.png\",\"width\":700,\"height\":700,\"caption\":\"Tonic oregano i tymianek Galvanina Bio\"},{\"@type\":\"BreadcrumbList\",\"@id\":\"https:\\\/\\\/shop.galvanina.com\\\/pl\\\/prodotto\\\/organiczny-tonic-srodziemnomorski\\\/#breadcrumb\",\"itemListElement\":[{\"@type\":\"ListItem\",\"position\":1,\"name\":\"Home\",\"item\":\"https:\\\/\\\/shop.galvanina.com\\\/pl\\\/\"},{\"@type\":\"ListItem\",\"position\":2,\"name\":\"Sklep\",\"item\":\"https:\\\/\\\/shop.galvanina.com\\\/pl\\\/\"},{\"@type\":\"ListItem\",\"position\":3,\"name\":\"Organiczny Tonic \u015ar\u00f3dziemnomorski z Tymiankiem i Oregano\"}]},{\"@type\":\"WebSite\",\"@id\":\"https:\\\/\\\/shop.galvanina.com\\\/pl\\\/#website\",\"url\":\"https:\\\/\\\/shop.galvanina.com\\\/pl\\\/\",\"name\":\"Galvanina Poland\",\"description\":\"Kup Nasze produkty online\",\"publisher\":{\"@id\":\"https:\\\/\\\/shop.galvanina.com\\\/pl\\\/#organization\"},\"potentialAction\":[{\"@type\":\"SearchAction\",\"target\":{\"@type\":\"EntryPoint\",\"urlTemplate\":\"https:\\\/\\\/shop.galvanina.com\\\/pl\\\/?s={search_term_string}\"},\"query-input\":{\"@type\":\"PropertyValueSpecification\",\"valueRequired\":true,\"valueName\":\"search_term_string\"}}],\"inLanguage\":\"pl-PL\"},{\"@type\":\"Organization\",\"@id\":\"https:\\\/\\\/shop.galvanina.com\\\/pl\\\/#organization\",\"name\":\"Galvanina Poland\",\"url\":\"https:\\\/\\\/shop.galvanina.com\\\/pl\\\/\",\"logo\":{\"@type\":\"ImageObject\",\"inLanguage\":\"pl-PL\",\"@id\":\"https:\\\/\\\/shop.galvanina.com\\\/pl\\\/#\\\/schema\\\/logo\\\/image\\\/\",\"url\":\"https:\\\/\\\/shop.galvanina.com\\\/pl\\\/wp-content\\\/uploads\\\/sites\\\/2\\\/2023\\\/03\\\/GALVANINA-POLAND-e1689269161338.png\",\"contentUrl\":\"https:\\\/\\\/shop.galvanina.com\\\/pl\\\/wp-content\\\/uploads\\\/sites\\\/2\\\/2023\\\/03\\\/GALVANINA-POLAND-e1689269161338.png\",\"width\":500,\"height\":160,\"caption\":\"Galvanina Poland\"},\"image\":{\"@id\":\"https:\\\/\\\/shop.galvanina.com\\\/pl\\\/#\\\/schema\\\/logo\\\/image\\\/\"}}]}<\/script>\n<!-- \/ Yoast SEO plugin. -->","yoast_head_json":{"title":"Galvanina - Organiczny Tonic \u015ar\u00f3dziemnomorski z Tymiankiem i Oregano - Bevande Biologiche - Mixers","description":"La Tonica Galvanina Meditteranea \u00e8 prodotta con le migliori erbe aromatiche di coltivazione biologica, sapientemente miscelate.","robots":{"index":"index","follow":"follow","max-snippet":"max-snippet:-1","max-image-preview":"max-image-preview:large","max-video-preview":"max-video-preview:-1"},"canonical":"https:\/\/shop.galvanina.com\/pl\/prodotto\/organiczny-tonic-srodziemnomorski\/","og_locale":"pl_PL","og_type":"article","og_title":"Galvanina - Organiczny Tonic \u015ar\u00f3dziemnomorski z Tymiankiem i Oregano - Bevande Biologiche - Mixers","og_description":"La Tonica Galvanina Meditteranea \u00e8 prodotta con le migliori erbe aromatiche di coltivazione biologica, sapientemente miscelate.","og_url":"https:\/\/shop.galvanina.com\/pl\/prodotto\/organiczny-tonic-srodziemnomorski\/","og_site_name":"Galvanina Poland","article_modified_time":"2026-05-01T12:40:03+00:00","og_image":[{"width":700,"height":700,"url":"https:\/\/shop.galvanina.com\/pl\/wp-content\/uploads\/sites\/2\/2020\/12\/Mediterranean-tonic-200.png","type":"image\/png"}],"twitter_card":"summary_large_image","twitter_misc":{"Szacowany czas czytania":"2 minuty"},"schema":{"@context":"https:\/\/schema.org","@graph":[{"@type":"WebPage","@id":"https:\/\/shop.galvanina.com\/pl\/prodotto\/organiczny-tonic-srodziemnomorski\/","url":"https:\/\/shop.galvanina.com\/pl\/prodotto\/organiczny-tonic-srodziemnomorski\/","name":"Galvanina - Organiczny Tonic \u015ar\u00f3dziemnomorski z Tymiankiem i Oregano - Bevande Biologiche - Mixers","isPartOf":{"@id":"https:\/\/shop.galvanina.com\/pl\/#website"},"primaryImageOfPage":{"@id":"https:\/\/shop.galvanina.com\/pl\/prodotto\/organiczny-tonic-srodziemnomorski\/#primaryimage"},"image":{"@id":"https:\/\/shop.galvanina.com\/pl\/prodotto\/organiczny-tonic-srodziemnomorski\/#primaryimage"},"thumbnailUrl":"https:\/\/shop.galvanina.com\/pl\/wp-content\/uploads\/sites\/2\/2020\/12\/Mediterranean-tonic-200.png","datePublished":"2020-12-12T11:38:56+00:00","dateModified":"2026-05-01T12:40:03+00:00","description":"La Tonica Galvanina Meditteranea \u00e8 prodotta con le migliori erbe aromatiche di coltivazione biologica, sapientemente miscelate.","breadcrumb":{"@id":"https:\/\/shop.galvanina.com\/pl\/prodotto\/organiczny-tonic-srodziemnomorski\/#breadcrumb"},"inLanguage":"pl-PL","potentialAction":[{"@type":"ReadAction","target":["https:\/\/shop.galvanina.com\/pl\/prodotto\/organiczny-tonic-srodziemnomorski\/"]}]},{"@type":"ImageObject","inLanguage":"pl-PL","@id":"https:\/\/shop.galvanina.com\/pl\/prodotto\/organiczny-tonic-srodziemnomorski\/#primaryimage","url":"https:\/\/shop.galvanina.com\/pl\/wp-content\/uploads\/sites\/2\/2020\/12\/Mediterranean-tonic-200.png","contentUrl":"https:\/\/shop.galvanina.com\/pl\/wp-content\/uploads\/sites\/2\/2020\/12\/Mediterranean-tonic-200.png","width":700,"height":700,"caption":"Tonic oregano i tymianek Galvanina Bio"},{"@type":"BreadcrumbList","@id":"https:\/\/shop.galvanina.com\/pl\/prodotto\/organiczny-tonic-srodziemnomorski\/#breadcrumb","itemListElement":[{"@type":"ListItem","position":1,"name":"Home","item":"https:\/\/shop.galvanina.com\/pl\/"},{"@type":"ListItem","position":2,"name":"Sklep","item":"https:\/\/shop.galvanina.com\/pl\/"},{"@type":"ListItem","position":3,"name":"Organiczny Tonic \u015ar\u00f3dziemnomorski z Tymiankiem i Oregano"}]},{"@type":"WebSite","@id":"https:\/\/shop.galvanina.com\/pl\/#website","url":"https:\/\/shop.galvanina.com\/pl\/","name":"Galvanina Poland","description":"Kup Nasze produkty online","publisher":{"@id":"https:\/\/shop.galvanina.com\/pl\/#organization"},"potentialAction":[{"@type":"SearchAction","target":{"@type":"EntryPoint","urlTemplate":"https:\/\/shop.galvanina.com\/pl\/?s={search_term_string}"},"query-input":{"@type":"PropertyValueSpecification","valueRequired":true,"valueName":"search_term_string"}}],"inLanguage":"pl-PL"},{"@type":"Organization","@id":"https:\/\/shop.galvanina.com\/pl\/#organization","name":"Galvanina Poland","url":"https:\/\/shop.galvanina.com\/pl\/","logo":{"@type":"ImageObject","inLanguage":"pl-PL","@id":"https:\/\/shop.galvanina.com\/pl\/#\/schema\/logo\/image\/","url":"https:\/\/shop.galvanina.com\/pl\/wp-content\/uploads\/sites\/2\/2023\/03\/GALVANINA-POLAND-e1689269161338.png","contentUrl":"https:\/\/shop.galvanina.com\/pl\/wp-content\/uploads\/sites\/2\/2023\/03\/GALVANINA-POLAND-e1689269161338.png","width":500,"height":160,"caption":"Galvanina Poland"},"image":{"@id":"https:\/\/shop.galvanina.com\/pl\/#\/schema\/logo\/image\/"}}]}},"_links":{"self":[{"href":"https:\/\/shop.galvanina.com\/pl\/wp-json\/wp\/v2\/product\/519","targetHints":{"allow":["GET"]}}],"collection":[{"href":"https:\/\/shop.galvanina.com\/pl\/wp-json\/wp\/v2\/product"}],"about":[{"href":"https:\/\/shop.galvanina.com\/pl\/wp-json\/wp\/v2\/types\/product"}],"wp:featuredmedia":[{"embeddable":true,"href":"https:\/\/shop.galvanina.com\/pl\/wp-json\/wp\/v2\/media\/3915"}],"wp:attachment":[{"href":"https:\/\/shop.galvanina.com\/pl\/wp-json\/wp\/v2\/media?parent=519"}],"wp:term":[{"taxonomy":"product_brand","embeddable":true,"href":"https:\/\/shop.galvanina.com\/pl\/wp-json\/wp\/v2\/product_brand?post=519"},{"taxonomy":"product_cat","embeddable":true,"href":"https:\/\/shop.galvanina.com\/pl\/wp-json\/wp\/v2\/product_cat?post=519"},{"taxonomy":"product_tag","embeddable":true,"href":"https:\/\/shop.galvanina.com\/pl\/wp-json\/wp\/v2\/product_tag?post=519"}],"curies":[{"name":"wp","href":"https:\/\/api.w.org\/{rel}","templated":true}]}}