{"id":81,"date":"2020-11-17T09:38:57","date_gmt":"2020-11-17T08:38:57","guid":{"rendered":"https:\/\/shop.galvanina.com\/pl\/?post_type=product&#038;p=81"},"modified":"2023-11-23T11:56:26","modified_gmt":"2023-11-23T10:56:26","slug":"galvanina-cedrata","status":"publish","type":"product","link":"https:\/\/shop.galvanina.com\/pl\/prodotto\/galvanina-cedrata\/","title":{"rendered":"Organiczna Cedrata"},"content":{"rendered":"<h2>Galvanina Musuj\u0105ca Cedrata: Po prostu orze\u017awiaj\u0105ca<\/h2>\n<p>Cedr to drzewo owocowe, jedno z wielu rodzaj\u00f3w cytrus\u00f3w, kt\u00f3re charakteryzuj\u0105 po\u0142udniowe regiony Morza \u015ar\u00f3dziemnego ze wzgl\u0119du na swoje zapachy i kolory. Cedrata to nap\u00f3j gazowany produkowany z owoc\u00f3w cedru, zwykle zbieranych w miesi\u0105cach zimowych, kt\u00f3ry osi\u0105gn\u0105\u0142 niesamowity rozw\u00f3j w latach 70. i 80. XX wieku.<\/p>\n<p>Galvanina do produkcji tego napoju wybiera tylko cedry pochodz\u0105ce z ekologicznych plantacji w Kalabrii, kt\u00f3re s\u0105 mieszane z sokami z cytryny, aby nada\u0107 r\u00f3wnowag\u0119 s\u0142odyczy napojowi.<\/p>\n<p>Cedr to owoc znany ze swojego intensywnego zapachu, na tyle, \u017ce zosta\u0142 mu po\u015bwi\u0119cony indyjski przys\u0142owie zwi\u0105zane z t\u0105 jego cech\u0105. Ale to nie wszystko, drzewo cedru sta\u0142o si\u0119 symbolem nie\u015bmiertelno\u015bci i wieczno\u015bci. Cz\u0119sto \u015bwi\u0119te pos\u0105gi by\u0142y rze\u017abione z drewna tego wytrzyma\u0142ego i eleganckiego drzewa. Cedr liba\u0144ski, na przyk\u0142ad, uwa\u017cany jest za materia\u0142, z kt\u00f3rego wykonano kolumny podtrzymuj\u0105ce \u015awi\u0105tyni\u0119 w Jerozolimie. Czy\u017c nie jest fascynuj\u0105ce, \u017ce owoc mo\u017ce otworzy\u0107 przed nami horyzonty historii?<\/p>\n<p>Samodzielnie, jako orze\u017awiaj\u0105cy nap\u00f3j lub podczas posi\u0142k\u00f3w, cedrata przypadnie do gustu wszystkim. W po\u0142udniowych W\u0142oszech cz\u0119sto towarzyszy gorzkim likierom o wysokiej i <a href=\"https:\/\/www.galvanina.com\/cocktail\/six-pm\/\" target=\"_blank\" rel=\"noopener\">niskiej zawarto\u015bci alkoholu<\/a>, podczas gdy na p\u00f3\u0142nocy cz\u0119sto \u0142\u0105czona jest z Dry Ginem, zw\u0142aszcza aby zr\u00f3wnowa\u017cy\u0107 jego bukiet. Ostatnio, wraz z odkryciem wina i vermouth chinato, cedrata cz\u0119sto stanowi alternatyw\u0119 dla <a href=\"https:\/\/shop.galvanina.com\/pl\/prodotto\/gassosa\/\">gassosy<\/a> jako sk\u0142adnik w koktajlach na bazie wina.<\/p>\n<p>W koktajlach Tiki, mo\u017ce by\u0107 u\u017cywana jako dodatek do likier\u00f3w kokosowych, likier\u00f3w z marakui, starzonych i silnie przyprawionych rum\u00f3w.<\/p>\n<p><span style=\"text-decoration: underline;\">Wp\u0142yw na zmys\u0142 w\u0119chu<\/span>: lekko s\u0142odki, z delikatnym posmakiem kwa\u015bnym i cierpkim.<\/p>\n<p><span style=\"text-decoration: underline;\">Mo\u017cliwo\u015bci mieszania<\/span>: Idealna do mieszania z destylatami &#8222;bia\u0142ymi&#8221;, aperitifami i likierami. Doskona\u0142a do przygotowywania klasycznych i long drink\u00f3w.<\/p>\n","protected":false},"excerpt":{"rendered":"<p>Galvanina Musuj\u0105ca Cedrata: Po prostu orze\u017awiaj\u0105ca Cedr to drzewo owocowe, jedno z wielu rodzaj\u00f3w cytrus\u00f3w, kt\u00f3re charakteryzuj\u0105 po\u0142udniowe regiony Morza \u015ar\u00f3dziemnego ze wzgl\u0119du na swoje zapachy i kolory. Cedrata to nap\u00f3j gazowany produkowany z owoc\u00f3w cedru, zwykle zbieranych w miesi\u0105cach zimowych, kt\u00f3ry osi\u0105gn\u0105\u0142 niesamowity rozw\u00f3j w latach 70. i 80. XX wieku. Galvanina do produkcji [&hellip;]<\/p>\n","protected":false},"featured_media":3349,"template":"","meta":{"_acf_changed":false,"inline_featured_image":false},"product_brand":[],"product_cat":[19],"product_tag":[],"class_list":{"0":"post-81","1":"product","2":"type-product","3":"status-publish","4":"has-post-thumbnail","6":"product_cat-bibite-biologiche","8":"first","9":"instock","10":"taxable","11":"shipping-taxable","12":"purchasable","13":"product-type-simple"},"acf":[],"yoast_head":"<!-- This site is optimized with the Yoast SEO plugin v27.3 - https:\/\/yoast.com\/product\/yoast-seo-wordpress\/ -->\n<title>Galvanina - Organiczna Cedrata - Bevande Biologiche - Agrumi<\/title>\n<meta name=\"description\" content=\"La cedrata Galvanina \u00e8 prodotta a partire dai migliori cedri biologici di origine calabrase, \u00e8 ottima da sola o come mixer\" \/>\n<meta name=\"robots\" content=\"index, follow, max-snippet:-1, max-image-preview:large, max-video-preview:-1\" \/>\n<link rel=\"canonical\" href=\"https:\/\/shop.galvanina.com\/pl\/prodotto\/galvanina-cedrata\/\" \/>\n<meta property=\"og:locale\" content=\"pl_PL\" \/>\n<meta property=\"og:type\" content=\"article\" \/>\n<meta property=\"og:title\" content=\"Galvanina - Organiczna Cedrata - Bevande Biologiche - Agrumi\" \/>\n<meta property=\"og:description\" content=\"La cedrata Galvanina \u00e8 prodotta a partire dai migliori cedri biologici di origine calabrase, \u00e8 ottima da sola o come mixer\" \/>\n<meta property=\"og:url\" content=\"https:\/\/shop.galvanina.com\/pl\/prodotto\/galvanina-cedrata\/\" \/>\n<meta property=\"og:site_name\" content=\"Galvanina Poland\" \/>\n<meta property=\"article:modified_time\" content=\"2023-11-23T10:56:26+00:00\" \/>\n<meta property=\"og:image\" content=\"https:\/\/shop.galvanina.com\/pl\/wp-content\/uploads\/sites\/2\/2020\/11\/cedrata-4.jpg\" \/>\n\t<meta property=\"og:image:width\" content=\"810\" \/>\n\t<meta property=\"og:image:height\" content=\"810\" \/>\n\t<meta property=\"og:image:type\" content=\"image\/jpeg\" \/>\n<meta name=\"twitter:card\" content=\"summary_large_image\" \/>\n<meta name=\"twitter:label1\" content=\"Szacowany czas czytania\" \/>\n\t<meta name=\"twitter:data1\" content=\"2 minuty\" \/>\n<script type=\"application\/ld+json\" class=\"yoast-schema-graph\">{\"@context\":\"https:\\\/\\\/schema.org\",\"@graph\":[{\"@type\":\"WebPage\",\"@id\":\"https:\\\/\\\/shop.galvanina.com\\\/pl\\\/prodotto\\\/galvanina-cedrata\\\/\",\"url\":\"https:\\\/\\\/shop.galvanina.com\\\/pl\\\/prodotto\\\/galvanina-cedrata\\\/\",\"name\":\"Galvanina - Organiczna Cedrata - Bevande Biologiche - Agrumi\",\"isPartOf\":{\"@id\":\"https:\\\/\\\/shop.galvanina.com\\\/pl\\\/#website\"},\"primaryImageOfPage\":{\"@id\":\"https:\\\/\\\/shop.galvanina.com\\\/pl\\\/prodotto\\\/galvanina-cedrata\\\/#primaryimage\"},\"image\":{\"@id\":\"https:\\\/\\\/shop.galvanina.com\\\/pl\\\/prodotto\\\/galvanina-cedrata\\\/#primaryimage\"},\"thumbnailUrl\":\"https:\\\/\\\/shop.galvanina.com\\\/pl\\\/wp-content\\\/uploads\\\/sites\\\/2\\\/2020\\\/11\\\/cedrata-4.jpg\",\"datePublished\":\"2020-11-17T08:38:57+00:00\",\"dateModified\":\"2023-11-23T10:56:26+00:00\",\"description\":\"La cedrata Galvanina \u00e8 prodotta a partire dai migliori cedri biologici di origine calabrase, \u00e8 ottima da sola o come mixer\",\"breadcrumb\":{\"@id\":\"https:\\\/\\\/shop.galvanina.com\\\/pl\\\/prodotto\\\/galvanina-cedrata\\\/#breadcrumb\"},\"inLanguage\":\"pl-PL\",\"potentialAction\":[{\"@type\":\"ReadAction\",\"target\":[\"https:\\\/\\\/shop.galvanina.com\\\/pl\\\/prodotto\\\/galvanina-cedrata\\\/\"]}]},{\"@type\":\"ImageObject\",\"inLanguage\":\"pl-PL\",\"@id\":\"https:\\\/\\\/shop.galvanina.com\\\/pl\\\/prodotto\\\/galvanina-cedrata\\\/#primaryimage\",\"url\":\"https:\\\/\\\/shop.galvanina.com\\\/pl\\\/wp-content\\\/uploads\\\/sites\\\/2\\\/2020\\\/11\\\/cedrata-4.jpg\",\"contentUrl\":\"https:\\\/\\\/shop.galvanina.com\\\/pl\\\/wp-content\\\/uploads\\\/sites\\\/2\\\/2020\\\/11\\\/cedrata-4.jpg\",\"width\":810,\"height\":810},{\"@type\":\"BreadcrumbList\",\"@id\":\"https:\\\/\\\/shop.galvanina.com\\\/pl\\\/prodotto\\\/galvanina-cedrata\\\/#breadcrumb\",\"itemListElement\":[{\"@type\":\"ListItem\",\"position\":1,\"name\":\"Home\",\"item\":\"https:\\\/\\\/shop.galvanina.com\\\/pl\\\/\"},{\"@type\":\"ListItem\",\"position\":2,\"name\":\"Sklep\",\"item\":\"https:\\\/\\\/shop.galvanina.com\\\/pl\\\/\"},{\"@type\":\"ListItem\",\"position\":3,\"name\":\"Organiczna Cedrata\"}]},{\"@type\":\"WebSite\",\"@id\":\"https:\\\/\\\/shop.galvanina.com\\\/pl\\\/#website\",\"url\":\"https:\\\/\\\/shop.galvanina.com\\\/pl\\\/\",\"name\":\"Galvanina Poland\",\"description\":\"Kup Nasze produkty online\",\"publisher\":{\"@id\":\"https:\\\/\\\/shop.galvanina.com\\\/pl\\\/#organization\"},\"potentialAction\":[{\"@type\":\"SearchAction\",\"target\":{\"@type\":\"EntryPoint\",\"urlTemplate\":\"https:\\\/\\\/shop.galvanina.com\\\/pl\\\/?s={search_term_string}\"},\"query-input\":{\"@type\":\"PropertyValueSpecification\",\"valueRequired\":true,\"valueName\":\"search_term_string\"}}],\"inLanguage\":\"pl-PL\"},{\"@type\":\"Organization\",\"@id\":\"https:\\\/\\\/shop.galvanina.com\\\/pl\\\/#organization\",\"name\":\"Galvanina Poland\",\"url\":\"https:\\\/\\\/shop.galvanina.com\\\/pl\\\/\",\"logo\":{\"@type\":\"ImageObject\",\"inLanguage\":\"pl-PL\",\"@id\":\"https:\\\/\\\/shop.galvanina.com\\\/pl\\\/#\\\/schema\\\/logo\\\/image\\\/\",\"url\":\"https:\\\/\\\/shop.galvanina.com\\\/pl\\\/wp-content\\\/uploads\\\/sites\\\/2\\\/2023\\\/03\\\/GALVANINA-POLAND-e1689269161338.png\",\"contentUrl\":\"https:\\\/\\\/shop.galvanina.com\\\/pl\\\/wp-content\\\/uploads\\\/sites\\\/2\\\/2023\\\/03\\\/GALVANINA-POLAND-e1689269161338.png\",\"width\":500,\"height\":160,\"caption\":\"Galvanina Poland\"},\"image\":{\"@id\":\"https:\\\/\\\/shop.galvanina.com\\\/pl\\\/#\\\/schema\\\/logo\\\/image\\\/\"}}]}<\/script>\n<!-- \/ Yoast SEO plugin. -->","yoast_head_json":{"title":"Galvanina - Organiczna Cedrata - Bevande Biologiche - Agrumi","description":"La cedrata Galvanina \u00e8 prodotta a partire dai migliori cedri biologici di origine calabrase, \u00e8 ottima da sola o come mixer","robots":{"index":"index","follow":"follow","max-snippet":"max-snippet:-1","max-image-preview":"max-image-preview:large","max-video-preview":"max-video-preview:-1"},"canonical":"https:\/\/shop.galvanina.com\/pl\/prodotto\/galvanina-cedrata\/","og_locale":"pl_PL","og_type":"article","og_title":"Galvanina - Organiczna Cedrata - Bevande Biologiche - Agrumi","og_description":"La cedrata Galvanina \u00e8 prodotta a partire dai migliori cedri biologici di origine calabrase, \u00e8 ottima da sola o come mixer","og_url":"https:\/\/shop.galvanina.com\/pl\/prodotto\/galvanina-cedrata\/","og_site_name":"Galvanina Poland","article_modified_time":"2023-11-23T10:56:26+00:00","og_image":[{"width":810,"height":810,"url":"https:\/\/shop.galvanina.com\/pl\/wp-content\/uploads\/sites\/2\/2020\/11\/cedrata-4.jpg","type":"image\/jpeg"}],"twitter_card":"summary_large_image","twitter_misc":{"Szacowany czas czytania":"2 minuty"},"schema":{"@context":"https:\/\/schema.org","@graph":[{"@type":"WebPage","@id":"https:\/\/shop.galvanina.com\/pl\/prodotto\/galvanina-cedrata\/","url":"https:\/\/shop.galvanina.com\/pl\/prodotto\/galvanina-cedrata\/","name":"Galvanina - Organiczna Cedrata - Bevande Biologiche - Agrumi","isPartOf":{"@id":"https:\/\/shop.galvanina.com\/pl\/#website"},"primaryImageOfPage":{"@id":"https:\/\/shop.galvanina.com\/pl\/prodotto\/galvanina-cedrata\/#primaryimage"},"image":{"@id":"https:\/\/shop.galvanina.com\/pl\/prodotto\/galvanina-cedrata\/#primaryimage"},"thumbnailUrl":"https:\/\/shop.galvanina.com\/pl\/wp-content\/uploads\/sites\/2\/2020\/11\/cedrata-4.jpg","datePublished":"2020-11-17T08:38:57+00:00","dateModified":"2023-11-23T10:56:26+00:00","description":"La cedrata Galvanina \u00e8 prodotta a partire dai migliori cedri biologici di origine calabrase, \u00e8 ottima da sola o come mixer","breadcrumb":{"@id":"https:\/\/shop.galvanina.com\/pl\/prodotto\/galvanina-cedrata\/#breadcrumb"},"inLanguage":"pl-PL","potentialAction":[{"@type":"ReadAction","target":["https:\/\/shop.galvanina.com\/pl\/prodotto\/galvanina-cedrata\/"]}]},{"@type":"ImageObject","inLanguage":"pl-PL","@id":"https:\/\/shop.galvanina.com\/pl\/prodotto\/galvanina-cedrata\/#primaryimage","url":"https:\/\/shop.galvanina.com\/pl\/wp-content\/uploads\/sites\/2\/2020\/11\/cedrata-4.jpg","contentUrl":"https:\/\/shop.galvanina.com\/pl\/wp-content\/uploads\/sites\/2\/2020\/11\/cedrata-4.jpg","width":810,"height":810},{"@type":"BreadcrumbList","@id":"https:\/\/shop.galvanina.com\/pl\/prodotto\/galvanina-cedrata\/#breadcrumb","itemListElement":[{"@type":"ListItem","position":1,"name":"Home","item":"https:\/\/shop.galvanina.com\/pl\/"},{"@type":"ListItem","position":2,"name":"Sklep","item":"https:\/\/shop.galvanina.com\/pl\/"},{"@type":"ListItem","position":3,"name":"Organiczna Cedrata"}]},{"@type":"WebSite","@id":"https:\/\/shop.galvanina.com\/pl\/#website","url":"https:\/\/shop.galvanina.com\/pl\/","name":"Galvanina Poland","description":"Kup Nasze produkty online","publisher":{"@id":"https:\/\/shop.galvanina.com\/pl\/#organization"},"potentialAction":[{"@type":"SearchAction","target":{"@type":"EntryPoint","urlTemplate":"https:\/\/shop.galvanina.com\/pl\/?s={search_term_string}"},"query-input":{"@type":"PropertyValueSpecification","valueRequired":true,"valueName":"search_term_string"}}],"inLanguage":"pl-PL"},{"@type":"Organization","@id":"https:\/\/shop.galvanina.com\/pl\/#organization","name":"Galvanina Poland","url":"https:\/\/shop.galvanina.com\/pl\/","logo":{"@type":"ImageObject","inLanguage":"pl-PL","@id":"https:\/\/shop.galvanina.com\/pl\/#\/schema\/logo\/image\/","url":"https:\/\/shop.galvanina.com\/pl\/wp-content\/uploads\/sites\/2\/2023\/03\/GALVANINA-POLAND-e1689269161338.png","contentUrl":"https:\/\/shop.galvanina.com\/pl\/wp-content\/uploads\/sites\/2\/2023\/03\/GALVANINA-POLAND-e1689269161338.png","width":500,"height":160,"caption":"Galvanina Poland"},"image":{"@id":"https:\/\/shop.galvanina.com\/pl\/#\/schema\/logo\/image\/"}}]}},"_links":{"self":[{"href":"https:\/\/shop.galvanina.com\/pl\/wp-json\/wp\/v2\/product\/81","targetHints":{"allow":["GET"]}}],"collection":[{"href":"https:\/\/shop.galvanina.com\/pl\/wp-json\/wp\/v2\/product"}],"about":[{"href":"https:\/\/shop.galvanina.com\/pl\/wp-json\/wp\/v2\/types\/product"}],"wp:featuredmedia":[{"embeddable":true,"href":"https:\/\/shop.galvanina.com\/pl\/wp-json\/wp\/v2\/media\/3349"}],"wp:attachment":[{"href":"https:\/\/shop.galvanina.com\/pl\/wp-json\/wp\/v2\/media?parent=81"}],"wp:term":[{"taxonomy":"product_brand","embeddable":true,"href":"https:\/\/shop.galvanina.com\/pl\/wp-json\/wp\/v2\/product_brand?post=81"},{"taxonomy":"product_cat","embeddable":true,"href":"https:\/\/shop.galvanina.com\/pl\/wp-json\/wp\/v2\/product_cat?post=81"},{"taxonomy":"product_tag","embeddable":true,"href":"https:\/\/shop.galvanina.com\/pl\/wp-json\/wp\/v2\/product_tag?post=81"}],"curies":[{"name":"wp","href":"https:\/\/api.w.org\/{rel}","templated":true}]}}