{"id":82,"date":"2020-11-17T09:53:45","date_gmt":"2020-11-17T08:53:45","guid":{"rendered":"https:\/\/shop.galvanina.com\/pl\/?post_type=product&#038;p=82"},"modified":"2026-05-01T14:17:47","modified_gmt":"2026-05-01T12:17:47","slug":"gassosa","status":"publish","type":"product","link":"https:\/\/shop.galvanina.com\/pl\/prodotto\/gassosa\/","title":{"rendered":"Organiczna Gassosa"},"content":{"rendered":"<h2>Gassosa: Najbardziej klasyczny w\u0142oski nap\u00f3j<\/h2>\n<p>Klasyczny nap\u00f3j z wybrze\u017cy Morza \u015ar\u00f3dziemnego we W\u0142oszech i Hiszpanii, \u015bci\u015ble zwi\u0105zany z tradycjami Sycylii i Kalabrii. Gassosa ma jednak swoje korzenie w Ticino, gdzie mieszanka wody, cukru i cytryny by\u0142a wystawiana na s\u0142o\u0144cu, aby promowa\u0107 fermentacj\u0119 p\u0142ynu. W ten spos\u00f3b powsta\u0142 nap\u00f3j, kt\u00f3ry zosta\u0142 nazywany &#8222;gazowany&#8221;.<\/p>\n<p>Orze\u017awiaj\u0105cy z dodatkiem lodu latem i lekki podczas posi\u0142k\u00f3w. W krajach \u015br\u00f3dziemnomorskich i nie tylko, gassosa jest cz\u0119sto mieszana z r\u00f3\u017cnymi rodzajami piwa, aby stworzy\u0107 nap\u00f3j o niskiej zawarto\u015bci alkoholu i bardzo orze\u017awiaj\u0105cy. Nazywana &#8222;panache&#8221; we Francji, &#8222;radler&#8221; w Niemczech, &#8222;Shandy&#8221; w j\u0119zyku angielskim, &#8222;clara&#8221; w Hiszpanii, a &#8222;bicicletta&#8221; w Emilia Romagna.<\/p>\n<p>Nasi barmani <a href=\"https:\/\/www.galvanina.com\/cocktail\/bas-italy\/\" target=\"_blank\" rel=\"noopener\">polecaj\u0105<\/a> go jako towarzysza do starzonego rumu, z limonk\u0105, rozdrobnionym lodem i \u015bci\u015ble biologicznym trzcinowym cukrem. Typowy sk\u0142adnik <em>Virgin Mojito<\/em>, ale cz\u0119sto u\u017cywany jako dodatkowy sk\u0142adnik, aby zmi\u0119kczy\u0107 koktajle o bardziej gorzkim profilu, na przyk\u0142ad Americano i Negroni, lub aby dobrze wsp\u00f3\u0142gra\u0107 z gorzkimi sk\u0142adnikami i tradycyjnymi w\u0142oskimi amaros.<\/p>\n<p>Ze wzgl\u0119du na aromat z wyci\u0105gu z cytryny, profil organoleptyczny, ale przede wszystkim przez swoj\u0105 przejrzysto\u015b\u0107, gassosa jest cz\u0119sto alternatyw\u0105 dla <a href=\"https:\/\/shop.galvanina.com\/pl\/prodotto\/limonata\/\">Limonaty<\/a> lub <a href=\"https:\/\/shop.galvanina.com\/pl\/prodotto\/cedrata\/\">Cedraty.<\/a><\/p>\n<p><span style=\"text-decoration: underline\">Wp\u0142yw na zmys\u0142 w\u0119chu<\/span>: intensywny, pe\u0142en \u017cycia i trwa\u0142y, kwasowo\u015b\u0107 \u0142agodzona jest s\u0142odkimi nutami<\/p>\n<p><span style=\"text-decoration: underline\">Mo\u017cliwo\u015bci mieszania<\/span>: Idealna do mieszania z &#8222;bia\u0142ymi&#8221; destylatami, zw\u0142aszcza ginem i w\u00f3dk\u0105. Doskona\u0142a do przygotowywania klasycznych i long drink\u00f3w.<\/p>\n","protected":false},"excerpt":{"rendered":"<p>Gassosa: Najbardziej klasyczny w\u0142oski nap\u00f3j Klasyczny nap\u00f3j z wybrze\u017cy Morza \u015ar\u00f3dziemnego we W\u0142oszech i Hiszpanii, \u015bci\u015ble zwi\u0105zany z tradycjami Sycylii i Kalabrii. Gassosa ma jednak swoje korzenie w Ticino, gdzie mieszanka wody, cukru i cytryny by\u0142a wystawiana na s\u0142o\u0144cu, aby promowa\u0107 fermentacj\u0119 p\u0142ynu. W ten spos\u00f3b powsta\u0142 nap\u00f3j, kt\u00f3ry zosta\u0142 nazywany &#8222;gazowany&#8221;. Orze\u017awiaj\u0105cy z dodatkiem [&hellip;]<\/p>\n","protected":false},"featured_media":3358,"template":"","meta":{"_acf_changed":false,"inline_featured_image":false},"product_brand":[],"product_cat":[19],"product_tag":[],"class_list":{"0":"post-82","1":"product","2":"type-product","3":"status-publish","4":"has-post-thumbnail","6":"product_cat-bibite-biologiche","8":"first","9":"outofstock","10":"taxable","11":"shipping-taxable","12":"purchasable","13":"product-type-simple"},"acf":[],"yoast_head":"<!-- This site is optimized with the Yoast SEO plugin v27.3 - https:\/\/yoast.com\/product\/yoast-seo-wordpress\/ -->\n<title>Galvanina - Organiczna Gassosa - Bevande Biologiche| Rinfrescante<\/title>\n<meta name=\"description\" content=\"Klasyczny nap\u00f3j z wybrze\u017cy Morza \u015ar\u00f3dziemnego we W\u0142oszech, \u015bci\u015ble zwi\u0105zany z tradycjami Sycylii i Kalabrii\" \/>\n<meta name=\"robots\" content=\"index, follow, max-snippet:-1, max-image-preview:large, max-video-preview:-1\" \/>\n<link rel=\"canonical\" href=\"https:\/\/shop.galvanina.com\/pl\/prodotto\/gassosa\/\" \/>\n<meta property=\"og:locale\" content=\"pl_PL\" \/>\n<meta property=\"og:type\" content=\"article\" \/>\n<meta property=\"og:title\" content=\"Galvanina - Organiczna Gassosa - Bevande Biologiche| Rinfrescante\" \/>\n<meta property=\"og:description\" content=\"Klasyczny nap\u00f3j z wybrze\u017cy Morza \u015ar\u00f3dziemnego we W\u0142oszech, \u015bci\u015ble zwi\u0105zany z tradycjami Sycylii i Kalabrii\" \/>\n<meta property=\"og:url\" content=\"https:\/\/shop.galvanina.com\/pl\/prodotto\/gassosa\/\" \/>\n<meta property=\"og:site_name\" content=\"Galvanina Poland\" \/>\n<meta property=\"article:modified_time\" content=\"2026-05-01T12:17:47+00:00\" \/>\n<meta property=\"og:image\" content=\"https:\/\/shop.galvanina.com\/pl\/wp-content\/uploads\/sites\/2\/2020\/11\/Gassosa-2.jpg\" \/>\n\t<meta property=\"og:image:width\" content=\"810\" \/>\n\t<meta property=\"og:image:height\" content=\"810\" \/>\n\t<meta property=\"og:image:type\" content=\"image\/jpeg\" \/>\n<meta name=\"twitter:card\" content=\"summary_large_image\" \/>\n<meta name=\"twitter:label1\" content=\"Szacowany czas czytania\" \/>\n\t<meta name=\"twitter:data1\" content=\"2 minuty\" \/>\n<script type=\"application\/ld+json\" class=\"yoast-schema-graph\">{\"@context\":\"https:\\\/\\\/schema.org\",\"@graph\":[{\"@type\":\"WebPage\",\"@id\":\"https:\\\/\\\/shop.galvanina.com\\\/pl\\\/prodotto\\\/gassosa\\\/\",\"url\":\"https:\\\/\\\/shop.galvanina.com\\\/pl\\\/prodotto\\\/gassosa\\\/\",\"name\":\"Galvanina - Organiczna Gassosa - Bevande Biologiche| Rinfrescante\",\"isPartOf\":{\"@id\":\"https:\\\/\\\/shop.galvanina.com\\\/pl\\\/#website\"},\"primaryImageOfPage\":{\"@id\":\"https:\\\/\\\/shop.galvanina.com\\\/pl\\\/prodotto\\\/gassosa\\\/#primaryimage\"},\"image\":{\"@id\":\"https:\\\/\\\/shop.galvanina.com\\\/pl\\\/prodotto\\\/gassosa\\\/#primaryimage\"},\"thumbnailUrl\":\"https:\\\/\\\/shop.galvanina.com\\\/pl\\\/wp-content\\\/uploads\\\/sites\\\/2\\\/2020\\\/11\\\/Gassosa-2.jpg\",\"datePublished\":\"2020-11-17T08:53:45+00:00\",\"dateModified\":\"2026-05-01T12:17:47+00:00\",\"description\":\"Klasyczny nap\u00f3j z wybrze\u017cy Morza \u015ar\u00f3dziemnego we W\u0142oszech, \u015bci\u015ble zwi\u0105zany z tradycjami Sycylii i Kalabrii\",\"breadcrumb\":{\"@id\":\"https:\\\/\\\/shop.galvanina.com\\\/pl\\\/prodotto\\\/gassosa\\\/#breadcrumb\"},\"inLanguage\":\"pl-PL\",\"potentialAction\":[{\"@type\":\"ReadAction\",\"target\":[\"https:\\\/\\\/shop.galvanina.com\\\/pl\\\/prodotto\\\/gassosa\\\/\"]}]},{\"@type\":\"ImageObject\",\"inLanguage\":\"pl-PL\",\"@id\":\"https:\\\/\\\/shop.galvanina.com\\\/pl\\\/prodotto\\\/gassosa\\\/#primaryimage\",\"url\":\"https:\\\/\\\/shop.galvanina.com\\\/pl\\\/wp-content\\\/uploads\\\/sites\\\/2\\\/2020\\\/11\\\/Gassosa-2.jpg\",\"contentUrl\":\"https:\\\/\\\/shop.galvanina.com\\\/pl\\\/wp-content\\\/uploads\\\/sites\\\/2\\\/2020\\\/11\\\/Gassosa-2.jpg\",\"width\":810,\"height\":810},{\"@type\":\"BreadcrumbList\",\"@id\":\"https:\\\/\\\/shop.galvanina.com\\\/pl\\\/prodotto\\\/gassosa\\\/#breadcrumb\",\"itemListElement\":[{\"@type\":\"ListItem\",\"position\":1,\"name\":\"Home\",\"item\":\"https:\\\/\\\/shop.galvanina.com\\\/pl\\\/\"},{\"@type\":\"ListItem\",\"position\":2,\"name\":\"Sklep\",\"item\":\"https:\\\/\\\/shop.galvanina.com\\\/pl\\\/\"},{\"@type\":\"ListItem\",\"position\":3,\"name\":\"Organiczna Gassosa\"}]},{\"@type\":\"WebSite\",\"@id\":\"https:\\\/\\\/shop.galvanina.com\\\/pl\\\/#website\",\"url\":\"https:\\\/\\\/shop.galvanina.com\\\/pl\\\/\",\"name\":\"Galvanina Poland\",\"description\":\"Kup Nasze produkty online\",\"publisher\":{\"@id\":\"https:\\\/\\\/shop.galvanina.com\\\/pl\\\/#organization\"},\"potentialAction\":[{\"@type\":\"SearchAction\",\"target\":{\"@type\":\"EntryPoint\",\"urlTemplate\":\"https:\\\/\\\/shop.galvanina.com\\\/pl\\\/?s={search_term_string}\"},\"query-input\":{\"@type\":\"PropertyValueSpecification\",\"valueRequired\":true,\"valueName\":\"search_term_string\"}}],\"inLanguage\":\"pl-PL\"},{\"@type\":\"Organization\",\"@id\":\"https:\\\/\\\/shop.galvanina.com\\\/pl\\\/#organization\",\"name\":\"Galvanina Poland\",\"url\":\"https:\\\/\\\/shop.galvanina.com\\\/pl\\\/\",\"logo\":{\"@type\":\"ImageObject\",\"inLanguage\":\"pl-PL\",\"@id\":\"https:\\\/\\\/shop.galvanina.com\\\/pl\\\/#\\\/schema\\\/logo\\\/image\\\/\",\"url\":\"https:\\\/\\\/shop.galvanina.com\\\/pl\\\/wp-content\\\/uploads\\\/sites\\\/2\\\/2023\\\/03\\\/GALVANINA-POLAND-e1689269161338.png\",\"contentUrl\":\"https:\\\/\\\/shop.galvanina.com\\\/pl\\\/wp-content\\\/uploads\\\/sites\\\/2\\\/2023\\\/03\\\/GALVANINA-POLAND-e1689269161338.png\",\"width\":500,\"height\":160,\"caption\":\"Galvanina Poland\"},\"image\":{\"@id\":\"https:\\\/\\\/shop.galvanina.com\\\/pl\\\/#\\\/schema\\\/logo\\\/image\\\/\"}}]}<\/script>\n<!-- \/ Yoast SEO plugin. -->","yoast_head_json":{"title":"Galvanina - Organiczna Gassosa - Bevande Biologiche| Rinfrescante","description":"Klasyczny nap\u00f3j z wybrze\u017cy Morza \u015ar\u00f3dziemnego we W\u0142oszech, \u015bci\u015ble zwi\u0105zany z tradycjami Sycylii i Kalabrii","robots":{"index":"index","follow":"follow","max-snippet":"max-snippet:-1","max-image-preview":"max-image-preview:large","max-video-preview":"max-video-preview:-1"},"canonical":"https:\/\/shop.galvanina.com\/pl\/prodotto\/gassosa\/","og_locale":"pl_PL","og_type":"article","og_title":"Galvanina - Organiczna Gassosa - Bevande Biologiche| Rinfrescante","og_description":"Klasyczny nap\u00f3j z wybrze\u017cy Morza \u015ar\u00f3dziemnego we W\u0142oszech, \u015bci\u015ble zwi\u0105zany z tradycjami Sycylii i Kalabrii","og_url":"https:\/\/shop.galvanina.com\/pl\/prodotto\/gassosa\/","og_site_name":"Galvanina Poland","article_modified_time":"2026-05-01T12:17:47+00:00","og_image":[{"width":810,"height":810,"url":"https:\/\/shop.galvanina.com\/pl\/wp-content\/uploads\/sites\/2\/2020\/11\/Gassosa-2.jpg","type":"image\/jpeg"}],"twitter_card":"summary_large_image","twitter_misc":{"Szacowany czas czytania":"2 minuty"},"schema":{"@context":"https:\/\/schema.org","@graph":[{"@type":"WebPage","@id":"https:\/\/shop.galvanina.com\/pl\/prodotto\/gassosa\/","url":"https:\/\/shop.galvanina.com\/pl\/prodotto\/gassosa\/","name":"Galvanina - Organiczna Gassosa - Bevande Biologiche| Rinfrescante","isPartOf":{"@id":"https:\/\/shop.galvanina.com\/pl\/#website"},"primaryImageOfPage":{"@id":"https:\/\/shop.galvanina.com\/pl\/prodotto\/gassosa\/#primaryimage"},"image":{"@id":"https:\/\/shop.galvanina.com\/pl\/prodotto\/gassosa\/#primaryimage"},"thumbnailUrl":"https:\/\/shop.galvanina.com\/pl\/wp-content\/uploads\/sites\/2\/2020\/11\/Gassosa-2.jpg","datePublished":"2020-11-17T08:53:45+00:00","dateModified":"2026-05-01T12:17:47+00:00","description":"Klasyczny nap\u00f3j z wybrze\u017cy Morza \u015ar\u00f3dziemnego we W\u0142oszech, \u015bci\u015ble zwi\u0105zany z tradycjami Sycylii i Kalabrii","breadcrumb":{"@id":"https:\/\/shop.galvanina.com\/pl\/prodotto\/gassosa\/#breadcrumb"},"inLanguage":"pl-PL","potentialAction":[{"@type":"ReadAction","target":["https:\/\/shop.galvanina.com\/pl\/prodotto\/gassosa\/"]}]},{"@type":"ImageObject","inLanguage":"pl-PL","@id":"https:\/\/shop.galvanina.com\/pl\/prodotto\/gassosa\/#primaryimage","url":"https:\/\/shop.galvanina.com\/pl\/wp-content\/uploads\/sites\/2\/2020\/11\/Gassosa-2.jpg","contentUrl":"https:\/\/shop.galvanina.com\/pl\/wp-content\/uploads\/sites\/2\/2020\/11\/Gassosa-2.jpg","width":810,"height":810},{"@type":"BreadcrumbList","@id":"https:\/\/shop.galvanina.com\/pl\/prodotto\/gassosa\/#breadcrumb","itemListElement":[{"@type":"ListItem","position":1,"name":"Home","item":"https:\/\/shop.galvanina.com\/pl\/"},{"@type":"ListItem","position":2,"name":"Sklep","item":"https:\/\/shop.galvanina.com\/pl\/"},{"@type":"ListItem","position":3,"name":"Organiczna Gassosa"}]},{"@type":"WebSite","@id":"https:\/\/shop.galvanina.com\/pl\/#website","url":"https:\/\/shop.galvanina.com\/pl\/","name":"Galvanina Poland","description":"Kup Nasze produkty online","publisher":{"@id":"https:\/\/shop.galvanina.com\/pl\/#organization"},"potentialAction":[{"@type":"SearchAction","target":{"@type":"EntryPoint","urlTemplate":"https:\/\/shop.galvanina.com\/pl\/?s={search_term_string}"},"query-input":{"@type":"PropertyValueSpecification","valueRequired":true,"valueName":"search_term_string"}}],"inLanguage":"pl-PL"},{"@type":"Organization","@id":"https:\/\/shop.galvanina.com\/pl\/#organization","name":"Galvanina Poland","url":"https:\/\/shop.galvanina.com\/pl\/","logo":{"@type":"ImageObject","inLanguage":"pl-PL","@id":"https:\/\/shop.galvanina.com\/pl\/#\/schema\/logo\/image\/","url":"https:\/\/shop.galvanina.com\/pl\/wp-content\/uploads\/sites\/2\/2023\/03\/GALVANINA-POLAND-e1689269161338.png","contentUrl":"https:\/\/shop.galvanina.com\/pl\/wp-content\/uploads\/sites\/2\/2023\/03\/GALVANINA-POLAND-e1689269161338.png","width":500,"height":160,"caption":"Galvanina Poland"},"image":{"@id":"https:\/\/shop.galvanina.com\/pl\/#\/schema\/logo\/image\/"}}]}},"_links":{"self":[{"href":"https:\/\/shop.galvanina.com\/pl\/wp-json\/wp\/v2\/product\/82","targetHints":{"allow":["GET"]}}],"collection":[{"href":"https:\/\/shop.galvanina.com\/pl\/wp-json\/wp\/v2\/product"}],"about":[{"href":"https:\/\/shop.galvanina.com\/pl\/wp-json\/wp\/v2\/types\/product"}],"wp:featuredmedia":[{"embeddable":true,"href":"https:\/\/shop.galvanina.com\/pl\/wp-json\/wp\/v2\/media\/3358"}],"wp:attachment":[{"href":"https:\/\/shop.galvanina.com\/pl\/wp-json\/wp\/v2\/media?parent=82"}],"wp:term":[{"taxonomy":"product_brand","embeddable":true,"href":"https:\/\/shop.galvanina.com\/pl\/wp-json\/wp\/v2\/product_brand?post=82"},{"taxonomy":"product_cat","embeddable":true,"href":"https:\/\/shop.galvanina.com\/pl\/wp-json\/wp\/v2\/product_cat?post=82"},{"taxonomy":"product_tag","embeddable":true,"href":"https:\/\/shop.galvanina.com\/pl\/wp-json\/wp\/v2\/product_tag?post=82"}],"curies":[{"name":"wp","href":"https:\/\/api.w.org\/{rel}","templated":true}]}}